{"id":1003,"date":"2025-04-24T16:54:32","date_gmt":"2025-04-24T19:54:32","guid":{"rendered":"https:\/\/depositobotafogo.com.br\/?post_type=product&#038;p=1003"},"modified":"2025-04-28T14:25:42","modified_gmt":"2025-04-28T17:25:42","slug":"ducha-faminho-4t-com-cano-de-30cm-127v-5400w","status":"publish","type":"product","link":"https:\/\/depositobotafogo.com.br\/?product=ducha-faminho-4t-com-cano-de-30cm-127v-5400w","title":{"rendered":"DUCHA FAMINHO 4T COM CANO DE 30CM &#8211; 127V~ 5400W &#8211; FAME"},"content":{"rendered":"<p>A Ducha FAMINHO 4T foi desenvolvida com tecnologia de ponta para atender \u00e0s mais altas exig\u00eancias do mercado. Sua tecnologia construtiva e seu design diferenciado traduz o que \u00e9 DNA FAME: pioneirismo na fabrica\u00e7\u00e3o de produtos de qualidade.<\/p>\n<p>&nbsp;<\/p>\n<p><strong>&#8211; 4 Temperaturas.<\/strong><\/p>\n<p><strong>&#8211; Maior volume de \u00e1gua na categoria.<\/strong><\/p>\n<p><strong>&#8211; Resist\u00eancia com exclusivo sistema de encaixe<\/strong><\/p>\n<p><strong>&#8211; Acompanha\u00a0Chuveirinho Manual Quick, de r\u00e1pido acionamento,\u00a0e j\u00e1 vem com Suporte.<\/strong><\/p>\n<p><strong>&#8211; Seletor de temperaturas com exclusiva isola\u00e7\u00e3o:\u00a0<\/strong>Maior seguran\u00e7a.<\/p>\n<p><strong>&#8211; Cano FAME:\u00a0<\/strong>30cm de comprimento com rosca padr\u00e3o de \u00bd.<\/p>\n<p><strong>&#8211; Ducha Faminho 4T\u00a0com Cano, um produto completo em instala\u00e7\u00e3o e qualidade.<\/strong><\/p>\n","protected":false},"excerpt":{"rendered":"<p>A Ducha FAMINHO 4T foi desenvolvida com tecnologia de ponta para atender \u00e0s mais altas exig\u00eancias do mercado. Sua tecnologia&hellip;<\/p>\n","protected":false},"featured_media":1007,"template":"","meta":[],"product_brand":[],"product_cat":[31,24],"product_tag":[],"class_list":{"0":"post-1003","1":"product","2":"type-product","3":"status-publish","4":"has-post-thumbnail","6":"product_cat-banheiro","7":"product_cat-chuveiros","9":"first","10":"instock","11":"shipping-taxable","12":"product-type-simple"},"_links":{"self":[{"href":"https:\/\/depositobotafogo.com.br\/index.php?rest_route=\/wp\/v2\/product\/1003","targetHints":{"allow":["GET"]}}],"collection":[{"href":"https:\/\/depositobotafogo.com.br\/index.php?rest_route=\/wp\/v2\/product"}],"about":[{"href":"https:\/\/depositobotafogo.com.br\/index.php?rest_route=\/wp\/v2\/types\/product"}],"wp:featuredmedia":[{"embeddable":true,"href":"https:\/\/depositobotafogo.com.br\/index.php?rest_route=\/wp\/v2\/media\/1007"}],"wp:attachment":[{"href":"https:\/\/depositobotafogo.com.br\/index.php?rest_route=%2Fwp%2Fv2%2Fmedia&parent=1003"}],"wp:term":[{"taxonomy":"product_brand","embeddable":true,"href":"https:\/\/depositobotafogo.com.br\/index.php?rest_route=%2Fwp%2Fv2%2Fproduct_brand&post=1003"},{"taxonomy":"product_cat","embeddable":true,"href":"https:\/\/depositobotafogo.com.br\/index.php?rest_route=%2Fwp%2Fv2%2Fproduct_cat&post=1003"},{"taxonomy":"product_tag","embeddable":true,"href":"https:\/\/depositobotafogo.com.br\/index.php?rest_route=%2Fwp%2Fv2%2Fproduct_tag&post=1003"}],"curies":[{"name":"wp","href":"https:\/\/api.w.org\/{rel}","templated":true}]}}