{"id":1008,"date":"2025-04-24T17:05:13","date_gmt":"2025-04-24T20:05:13","guid":{"rendered":"https:\/\/depositobotafogo.com.br\/?post_type=product&#038;p=1008"},"modified":"2025-04-28T14:25:31","modified_gmt":"2025-04-28T17:25:31","slug":"chuveiro-acqua-duo-220v-7800w-branco-cromado-lorenzetti","status":"publish","type":"product","link":"https:\/\/depositobotafogo.com.br\/?product=chuveiro-acqua-duo-220v-7800w-branco-cromado-lorenzetti","title":{"rendered":"Chuveiro Acqua Duo 220V 7800W &#8211; Branco\/Cromado- LORENZETTI"},"content":{"rendered":"<p>E para dar continuidade ao grande sucesso da Linha Acqua Ultra, a Lorenzetti surpreende mais uma vez com um produto sofisticado que possui acabamento moderno com linhas quadradas, design compacto, Similar ao design de duchas Frias e que integra ducha e chuveiro em um \u00fanico produto. Na op\u00e7\u00e3o de banho com ducha, o jato \u00e9 direcion\u00e1vel e concentrado, inclinando-se na dire\u00e7\u00e3o desejada, enquanto o chuveiro proporciona um jato mais espa\u00e7ado, por meio de um espalhador de grande propor\u00e7\u00e3o. A Linha Acqua Ultra conta com a exclusiva Resist\u00eancia Loren Ultra, a primeira resist\u00eancia plana do mercado. Trata-se de um desenvolvimento com mais de cinco anos de estudos, que garante alta performance e longa dura\u00e7\u00e3o.<\/p>\n","protected":false},"excerpt":{"rendered":"<p>E para dar continuidade ao grande sucesso da Linha Acqua Ultra, a Lorenzetti surpreende mais uma vez com um produto&hellip;<\/p>\n","protected":false},"featured_media":1014,"template":"","meta":[],"product_brand":[],"product_cat":[31,24],"product_tag":[],"class_list":{"0":"post-1008","1":"product","2":"type-product","3":"status-publish","4":"has-post-thumbnail","6":"product_cat-banheiro","7":"product_cat-chuveiros","9":"first","10":"instock","11":"shipping-taxable","12":"product-type-simple"},"_links":{"self":[{"href":"https:\/\/depositobotafogo.com.br\/index.php?rest_route=\/wp\/v2\/product\/1008","targetHints":{"allow":["GET"]}}],"collection":[{"href":"https:\/\/depositobotafogo.com.br\/index.php?rest_route=\/wp\/v2\/product"}],"about":[{"href":"https:\/\/depositobotafogo.com.br\/index.php?rest_route=\/wp\/v2\/types\/product"}],"wp:featuredmedia":[{"embeddable":true,"href":"https:\/\/depositobotafogo.com.br\/index.php?rest_route=\/wp\/v2\/media\/1014"}],"wp:attachment":[{"href":"https:\/\/depositobotafogo.com.br\/index.php?rest_route=%2Fwp%2Fv2%2Fmedia&parent=1008"}],"wp:term":[{"taxonomy":"product_brand","embeddable":true,"href":"https:\/\/depositobotafogo.com.br\/index.php?rest_route=%2Fwp%2Fv2%2Fproduct_brand&post=1008"},{"taxonomy":"product_cat","embeddable":true,"href":"https:\/\/depositobotafogo.com.br\/index.php?rest_route=%2Fwp%2Fv2%2Fproduct_cat&post=1008"},{"taxonomy":"product_tag","embeddable":true,"href":"https:\/\/depositobotafogo.com.br\/index.php?rest_route=%2Fwp%2Fv2%2Fproduct_tag&post=1008"}],"curies":[{"name":"wp","href":"https:\/\/api.w.org\/{rel}","templated":true}]}}