{"id":1016,"date":"2025-04-24T17:45:04","date_gmt":"2025-04-24T20:45:04","guid":{"rendered":"https:\/\/depositobotafogo.com.br\/?post_type=product&#038;p=1016"},"modified":"2025-04-28T14:25:10","modified_gmt":"2025-04-28T17:25:10","slug":"chuveiro-acqua-duo-preto-fosco-6800w-lorenzetti-220v","status":"publish","type":"product","link":"https:\/\/depositobotafogo.com.br\/?product=chuveiro-acqua-duo-preto-fosco-6800w-lorenzetti-220v","title":{"rendered":"Chuveiro Acqua duo PRETO FOSCO 6800w Lorenzetti 220v"},"content":{"rendered":"<div id=\"productDescription_feature_div\" class=\"celwidget pd_rd_w-gCHT8 pd_rd_r-ACXPT287J74Q8A5990JS pd_rd_wg-AfG5F\" data-feature-name=\"productDescription-3\" data-csa-c-type=\"widget\" data-csa-c-content-id=\"productDescription-3\" data-csa-c-slot-id=\"productDescription_feature_div\" data-csa-c-asin=\"\" data-csa-c-is-in-initial-active-row=\"false\" data-csa-c-id=\"4k8dn3-xlp7t3-vacq8c-odp7el\" data-cel-widget=\"productDescription_feature_div\">\n<div>\n<div id=\"productDescription_feature_div\" class=\"a-row feature\" data-feature-name=\"productDescription\" data-template-name=\"productDescription\" data-cel-widget=\"productDescription_feature_div\">\n<div id=\"productDescription\" class=\"a-section a-spacing-small\">\n<p>Jatos de alta performance mesmo com baixa press\u00e3o, Longa dura\u00e7\u00e3o em compara\u00e7\u00e3o as resist\u00eancias comuns, Exclusivo cartucho que garante uma troca r\u00e1pida e segura, Haste de comando &#8211; Controle de temperaturas e sele\u00e7\u00e3o do tipo de jato ao alcance das m\u00e3os (uso opcional), Dispositivo de Regulagem de Inclina\u00e7\u00e3o,Ducha manual com design exclusivo e Compat\u00edvel com aquecimento solar e outros sistemas de aquecimento.<\/p>\n<\/div>\n<\/div>\n<\/div>\n<\/div>\n<div id=\"aplusBrandStory_feature_div\" class=\"celwidget pd_rd_w-kCVgi pd_rd_r-ACXPT287J74Q8A5990JS pd_rd_wg-AfG5F\" data-feature-name=\"aplusBrandStory\" data-csa-c-type=\"widget\" data-csa-c-content-id=\"aplusBrandStory\" data-csa-c-slot-id=\"aplusBrandStory_feature_div\" data-csa-c-asin=\"\" data-csa-c-is-in-initial-active-row=\"false\" data-csa-c-id=\"bz904n-ppznpd-6yuq1r-8b408j\" data-cel-widget=\"aplusBrandStory_feature_div\"><\/div>\n<div id=\"nile-inline-btf_feature_div\" class=\"celwidget pd_rd_w-zxMhl pd_rd_r-ACXPT287J74Q8A5990JS pd_rd_wg-AfG5F\" data-feature-name=\"nile-inline-btf\" data-csa-c-type=\"widget\" data-csa-c-content-id=\"nile-inline-btf\" data-csa-c-slot-id=\"nile-inline-btf_feature_div\" data-csa-c-asin=\"\" data-csa-c-is-in-initial-active-row=\"false\" data-csa-c-id=\"2su0h0-ryp4h1-8sjk7z-whnyzo\" data-cel-widget=\"nile-inline-btf_feature_div\">\n<div class=\"celwidget\" data-csa-op-log-render=\"\" data-csa-c-content-id=\"DsUnknown\" data-csa-c-slot-id=\"DsUnknown-2\" data-csa-c-type=\"widget\" data-csa-c-painter=\"nile-inline-btf-rex-prod-raw-1-0\" data-csa-c-id=\"hpx1gq-nm1r5t-litb5f-9j6d13\" data-cel-widget=\"UnknownWidgetId\"><\/div>\n<\/div>\n","protected":false},"excerpt":{"rendered":"<p>Jatos de alta performance mesmo com baixa press\u00e3o, Longa dura\u00e7\u00e3o em compara\u00e7\u00e3o as resist\u00eancias comuns, Exclusivo cartucho que garante uma&hellip;<\/p>\n","protected":false},"featured_media":1017,"template":"","meta":[],"product_brand":[],"product_cat":[31,24],"product_tag":[],"class_list":{"0":"post-1016","1":"product","2":"type-product","3":"status-publish","4":"has-post-thumbnail","6":"product_cat-banheiro","7":"product_cat-chuveiros","9":"first","10":"instock","11":"shipping-taxable","12":"product-type-simple"},"_links":{"self":[{"href":"https:\/\/depositobotafogo.com.br\/index.php?rest_route=\/wp\/v2\/product\/1016","targetHints":{"allow":["GET"]}}],"collection":[{"href":"https:\/\/depositobotafogo.com.br\/index.php?rest_route=\/wp\/v2\/product"}],"about":[{"href":"https:\/\/depositobotafogo.com.br\/index.php?rest_route=\/wp\/v2\/types\/product"}],"wp:featuredmedia":[{"embeddable":true,"href":"https:\/\/depositobotafogo.com.br\/index.php?rest_route=\/wp\/v2\/media\/1017"}],"wp:attachment":[{"href":"https:\/\/depositobotafogo.com.br\/index.php?rest_route=%2Fwp%2Fv2%2Fmedia&parent=1016"}],"wp:term":[{"taxonomy":"product_brand","embeddable":true,"href":"https:\/\/depositobotafogo.com.br\/index.php?rest_route=%2Fwp%2Fv2%2Fproduct_brand&post=1016"},{"taxonomy":"product_cat","embeddable":true,"href":"https:\/\/depositobotafogo.com.br\/index.php?rest_route=%2Fwp%2Fv2%2Fproduct_cat&post=1016"},{"taxonomy":"product_tag","embeddable":true,"href":"https:\/\/depositobotafogo.com.br\/index.php?rest_route=%2Fwp%2Fv2%2Fproduct_tag&post=1016"}],"curies":[{"name":"wp","href":"https:\/\/api.w.org\/{rel}","templated":true}]}}