{"id":1035,"date":"2025-05-21T17:15:44","date_gmt":"2025-05-21T20:15:44","guid":{"rendered":"https:\/\/depositobotafogo.com.br\/?post_type=product&#038;p=1035"},"modified":"2025-05-21T17:15:44","modified_gmt":"2025-05-21T20:15:44","slug":"martelete-perfurador-razi-800w","status":"publish","type":"product","link":"https:\/\/depositobotafogo.com.br\/?product=martelete-perfurador-razi-800w","title":{"rendered":"MARTELETE PERFURADOR RAZI 800W"},"content":{"rendered":"<p>MARTELETE PERFURADOR ROMPEDOR 800W SDS 3J 127V RZ-M8003J RAZI<\/p>\n<p>O martelete perfurador e rompedor RZ-M8003J da Razi, com pot\u00eancia de 800W e funcionamento em 127V, \u00e9 uma ferramenta robusta e eficiente para trabalhos pesados em concreto, alvenaria e outros materiais resistentes. Com sistema SDS Plus e for\u00e7a de impacto de **3J**, proporciona alto desempenho tanto em perfura\u00e7\u00e3o quanto em demoli\u00e7\u00e3o leve.<\/p>\n<p>Projetado para oferecer conforto e seguran\u00e7a, conta com empunhadura ergon\u00f4mica, reduzindo a vibra\u00e7\u00e3o e proporcionando melhor controle durante o uso. Vers\u00e1til e dur\u00e1vel, \u00e9 ideal para profissionais da constru\u00e7\u00e3o civil e para quem busca uma ferramenta potente e confi\u00e1vel para projetos exigentes.<\/p>\n<p>Marca: Razi<br \/>\nVoltagem: 127V<br \/>\nPot\u00eancia: 800W<br \/>\nModelo: Rz-M8003j<br \/>\nFrequ\u00eancia: 60hz<br \/>\nVelocidade (RPM): 1100 RPM<br \/>\nFrequ\u00eancia de impacto (IPM): 4900 IPM<br \/>\nEnergia de impacto: 3,0 J<br \/>\nFun\u00e7\u00e3o reversa: Sim<br \/>\nCabo el\u00e9trico: 2m<br \/>\nPeso: 2,8kg<br \/>\nMedidas: 42&#215;29,5&#215;11,5cm (CxAxL)<br \/>\nClasse de prote\u00e7\u00e3o: 2<\/p>\n<p>Acompanha:<br \/>\n01 Manual de instru\u00e7\u00f5es<br \/>\n01 Punho auxiliar<br \/>\n01 Ponteiro<br \/>\n01 Talhadeira<br \/>\n01 Limitador de profundidade<br \/>\n03 Brocas<\/p>\n<p>*Imagens meramente ilustrativas<\/p>\n","protected":false},"excerpt":{"rendered":"<p>MARTELETE PERFURADOR ROMPEDOR 800W SDS 3J 127V RZ-M8003J RAZI O martelete perfurador e rompedor RZ-M8003J da Razi, com pot\u00eancia de&hellip;<\/p>\n","protected":false},"featured_media":1046,"template":"","meta":[],"product_brand":[],"product_cat":[15,73],"product_tag":[],"class_list":{"0":"post-1035","1":"product","2":"type-product","3":"status-publish","4":"has-post-thumbnail","6":"product_cat-sem-categoria","7":"product_cat-ferramentas","9":"first","10":"instock","11":"shipping-taxable","12":"product-type-simple"},"_links":{"self":[{"href":"https:\/\/depositobotafogo.com.br\/index.php?rest_route=\/wp\/v2\/product\/1035","targetHints":{"allow":["GET"]}}],"collection":[{"href":"https:\/\/depositobotafogo.com.br\/index.php?rest_route=\/wp\/v2\/product"}],"about":[{"href":"https:\/\/depositobotafogo.com.br\/index.php?rest_route=\/wp\/v2\/types\/product"}],"wp:featuredmedia":[{"embeddable":true,"href":"https:\/\/depositobotafogo.com.br\/index.php?rest_route=\/wp\/v2\/media\/1046"}],"wp:attachment":[{"href":"https:\/\/depositobotafogo.com.br\/index.php?rest_route=%2Fwp%2Fv2%2Fmedia&parent=1035"}],"wp:term":[{"taxonomy":"product_brand","embeddable":true,"href":"https:\/\/depositobotafogo.com.br\/index.php?rest_route=%2Fwp%2Fv2%2Fproduct_brand&post=1035"},{"taxonomy":"product_cat","embeddable":true,"href":"https:\/\/depositobotafogo.com.br\/index.php?rest_route=%2Fwp%2Fv2%2Fproduct_cat&post=1035"},{"taxonomy":"product_tag","embeddable":true,"href":"https:\/\/depositobotafogo.com.br\/index.php?rest_route=%2Fwp%2Fv2%2Fproduct_tag&post=1035"}],"curies":[{"name":"wp","href":"https:\/\/api.w.org\/{rel}","templated":true}]}}