{"id":104,"date":"2024-02-26T15:29:30","date_gmt":"2024-02-26T18:29:30","guid":{"rendered":"https:\/\/depositobotafogo.com.br\/?product=kit-bacia-sanit-convencional-like"},"modified":"2024-02-26T15:58:43","modified_gmt":"2024-02-26T18:58:43","slug":"kit-bacia-sanit-convencional-like","status":"publish","type":"product","link":"https:\/\/depositobotafogo.com.br\/?product=kit-bacia-sanit-convencional-like","title":{"rendered":"KIT BACIA SANIT CONVENCIONAL LIKE"},"content":{"rendered":"<div class=\"product-description\">\n<p><strong>KIT COMPLETO:<\/strong><br \/>\n-ASSENTO POLIPROPILENO;<br \/>\n-PARAFUSO CASTELO;<br \/>\n-TUBO DE LIGA\u00c7\u00c3O INOX;<br \/>\n-ANEL DE VEDA\u00c7\u00c3O C\/GUIA.<\/p>\n<p><strong>MARCA:<\/strong> CELITE<br \/>\n<strong>LINHA:<\/strong> LIKE<br \/>\n<strong>COR:<\/strong> BRANCO<\/p>\n<p>&nbsp;<\/p>\n<p>&nbsp;<\/p>\n<\/div>\n","protected":false},"excerpt":{"rendered":"<p>KIT COMPLETO: -ASSENTO POLIPROPILENO; -PARAFUSO CASTELO; -TUBO DE LIGA\u00c7\u00c3O INOX; -ANEL DE VEDA\u00c7\u00c3O C\/GUIA. MARCA: CELITE LINHA: LIKE COR: BRANCO&hellip;<\/p>\n","protected":false},"featured_media":103,"template":"","meta":[],"product_brand":[],"product_cat":[20],"product_tag":[],"class_list":{"0":"post-104","1":"product","2":"type-product","3":"status-publish","4":"has-post-thumbnail","6":"product_cat-hidraulica","8":"first","9":"instock","10":"shipping-taxable","11":"product-type-simple"},"_links":{"self":[{"href":"https:\/\/depositobotafogo.com.br\/index.php?rest_route=\/wp\/v2\/product\/104","targetHints":{"allow":["GET"]}}],"collection":[{"href":"https:\/\/depositobotafogo.com.br\/index.php?rest_route=\/wp\/v2\/product"}],"about":[{"href":"https:\/\/depositobotafogo.com.br\/index.php?rest_route=\/wp\/v2\/types\/product"}],"wp:featuredmedia":[{"embeddable":true,"href":"https:\/\/depositobotafogo.com.br\/index.php?rest_route=\/wp\/v2\/media\/103"}],"wp:attachment":[{"href":"https:\/\/depositobotafogo.com.br\/index.php?rest_route=%2Fwp%2Fv2%2Fmedia&parent=104"}],"wp:term":[{"taxonomy":"product_brand","embeddable":true,"href":"https:\/\/depositobotafogo.com.br\/index.php?rest_route=%2Fwp%2Fv2%2Fproduct_brand&post=104"},{"taxonomy":"product_cat","embeddable":true,"href":"https:\/\/depositobotafogo.com.br\/index.php?rest_route=%2Fwp%2Fv2%2Fproduct_cat&post=104"},{"taxonomy":"product_tag","embeddable":true,"href":"https:\/\/depositobotafogo.com.br\/index.php?rest_route=%2Fwp%2Fv2%2Fproduct_tag&post=104"}],"curies":[{"name":"wp","href":"https:\/\/api.w.org\/{rel}","templated":true}]}}