{"id":1047,"date":"2025-05-21T17:49:54","date_gmt":"2025-05-21T20:49:54","guid":{"rendered":"https:\/\/depositobotafogo.com.br\/?post_type=product&#038;p=1047"},"modified":"2025-05-21T17:49:54","modified_gmt":"2025-05-21T20:49:54","slug":"martelete-makita-hr2470","status":"publish","type":"product","link":"https:\/\/depositobotafogo.com.br\/?product=martelete-makita-hr2470","title":{"rendered":"MARTELETE MAKITA HR2470"},"content":{"rendered":"<p>Martelete rotativo e rompedor.<br \/>\nVelocidade vari\u00e1vel.<br \/>\nRota\u00e7\u00e3o revers\u00edvel.<br \/>\nLimitador de torque.<br \/>\nEncaixe SDS PLUS.<br \/>\nDupla isola\u00e7\u00e3o.<br \/>\nAdapt\u00e1vel a coletor \/ aspirador de p\u00f3.<\/p>\n<p><label class=\"input-desc\">Especifica\u00e7\u00f5es:<\/label><\/p>\n<p>Pot\u00eancia: 800W<br \/>\nRota\u00e7\u00e3o por minuto: 0-1.100<br \/>\nImpacto por minunto: 0-4.500<br \/>\nCapacidades<br \/>\n&#8211; Metal : 13mm<br \/>\n&#8211; Madeira : 32mm<br \/>\n&#8211; Concreto : 24mm<br \/>\nDimens\u00f5es (C x L x A): 370 x 84 x 214mm<br \/>\nEnergia de Impacto 2.7 Joules<br \/>\nPeso: 2.9kg<br \/>\nEmiss\u00e3o de vibra\u00e7\u00f5es: 15.5 m\/s\u00b2<br \/>\nIncerteza K: 1.5m\/s\u00b2<\/p>\n","protected":false},"excerpt":{"rendered":"<p>Martelete rotativo e rompedor. Velocidade vari\u00e1vel. Rota\u00e7\u00e3o revers\u00edvel. Limitador de torque. Encaixe SDS PLUS. Dupla isola\u00e7\u00e3o. Adapt\u00e1vel a coletor \/&hellip;<\/p>\n","protected":false},"featured_media":1050,"template":"","meta":[],"product_brand":[],"product_cat":[15,73],"product_tag":[],"class_list":{"0":"post-1047","1":"product","2":"type-product","3":"status-publish","4":"has-post-thumbnail","6":"product_cat-sem-categoria","7":"product_cat-ferramentas","9":"first","10":"instock","11":"shipping-taxable","12":"product-type-simple"},"_links":{"self":[{"href":"https:\/\/depositobotafogo.com.br\/index.php?rest_route=\/wp\/v2\/product\/1047","targetHints":{"allow":["GET"]}}],"collection":[{"href":"https:\/\/depositobotafogo.com.br\/index.php?rest_route=\/wp\/v2\/product"}],"about":[{"href":"https:\/\/depositobotafogo.com.br\/index.php?rest_route=\/wp\/v2\/types\/product"}],"wp:featuredmedia":[{"embeddable":true,"href":"https:\/\/depositobotafogo.com.br\/index.php?rest_route=\/wp\/v2\/media\/1050"}],"wp:attachment":[{"href":"https:\/\/depositobotafogo.com.br\/index.php?rest_route=%2Fwp%2Fv2%2Fmedia&parent=1047"}],"wp:term":[{"taxonomy":"product_brand","embeddable":true,"href":"https:\/\/depositobotafogo.com.br\/index.php?rest_route=%2Fwp%2Fv2%2Fproduct_brand&post=1047"},{"taxonomy":"product_cat","embeddable":true,"href":"https:\/\/depositobotafogo.com.br\/index.php?rest_route=%2Fwp%2Fv2%2Fproduct_cat&post=1047"},{"taxonomy":"product_tag","embeddable":true,"href":"https:\/\/depositobotafogo.com.br\/index.php?rest_route=%2Fwp%2Fv2%2Fproduct_tag&post=1047"}],"curies":[{"name":"wp","href":"https:\/\/api.w.org\/{rel}","templated":true}]}}