{"id":1072,"date":"2025-05-23T15:02:56","date_gmt":"2025-05-23T18:02:56","guid":{"rendered":"https:\/\/depositobotafogo.com.br\/?post_type=product&#038;p=1072"},"modified":"2025-05-23T15:02:56","modified_gmt":"2025-05-23T18:02:56","slug":"furadeira-de-impacto-127v-500w-razi","status":"publish","type":"product","link":"https:\/\/depositobotafogo.com.br\/?product=furadeira-de-impacto-127v-500w-razi","title":{"rendered":"Furadeira De Impacto 127v 500w Razi"},"content":{"rendered":"<p>Furadeira de Impacto com Controle de Velocidade 500W 127V<\/p>\n<p>A Furadeira de Impacto \u00e9 a ferramenta perfeita para todas as suas necessidades de perfura\u00e7\u00e3o e fixa\u00e7\u00e3o. Com sua pot\u00eancia de 500W e sistema de impacto, ela \u00e9 capaz de enfrentar uma variedade de materiais, desde madeira at\u00e9 concreto, com facilidade e efici\u00eancia.<\/p>\n","protected":false},"excerpt":{"rendered":"<p>Furadeira de Impacto com Controle de Velocidade 500W 127V A Furadeira de Impacto \u00e9 a ferramenta perfeita para todas as&hellip;<\/p>\n","protected":false},"featured_media":1074,"template":"","meta":[],"product_brand":[],"product_cat":[15,73],"product_tag":[82,83,81,89,77,93,76,90,85,84,86,78,88,92,80,75,74,79,91,87],"class_list":{"0":"post-1072","1":"product","2":"type-product","3":"status-publish","4":"has-post-thumbnail","6":"product_cat-sem-categoria","7":"product_cat-ferramentas","8":"product_tag-ferramenta-eletrica","9":"product_tag-ferramentas-razi","10":"product_tag-furadeira-600w","11":"product_tag-furadeira-compacta","12":"product_tag-furadeira-de-impacto","13":"product_tag-furadeira-duravel","14":"product_tag-furadeira-eletrica","15":"product_tag-furadeira-leve","16":"product_tag-furadeira-para-concreto","17":"product_tag-furadeira-para-madeira","18":"product_tag-furadeira-para-metal","19":"product_tag-furadeira-portatil","20":"product_tag-furadeira-potente","21":"product_tag-furadeira-preco-bom","22":"product_tag-furadeira-profissional","23":"product_tag-furadeira-razi","24":"product_tag-furadeira-razi-600w","25":"product_tag-furadeira-residencial","26":"product_tag-furadeira-versatil","27":"product_tag-melhor-furadeira-custo-beneficio","29":"first","30":"instock","31":"shipping-taxable","32":"product-type-simple"},"_links":{"self":[{"href":"https:\/\/depositobotafogo.com.br\/index.php?rest_route=\/wp\/v2\/product\/1072","targetHints":{"allow":["GET"]}}],"collection":[{"href":"https:\/\/depositobotafogo.com.br\/index.php?rest_route=\/wp\/v2\/product"}],"about":[{"href":"https:\/\/depositobotafogo.com.br\/index.php?rest_route=\/wp\/v2\/types\/product"}],"wp:featuredmedia":[{"embeddable":true,"href":"https:\/\/depositobotafogo.com.br\/index.php?rest_route=\/wp\/v2\/media\/1074"}],"wp:attachment":[{"href":"https:\/\/depositobotafogo.com.br\/index.php?rest_route=%2Fwp%2Fv2%2Fmedia&parent=1072"}],"wp:term":[{"taxonomy":"product_brand","embeddable":true,"href":"https:\/\/depositobotafogo.com.br\/index.php?rest_route=%2Fwp%2Fv2%2Fproduct_brand&post=1072"},{"taxonomy":"product_cat","embeddable":true,"href":"https:\/\/depositobotafogo.com.br\/index.php?rest_route=%2Fwp%2Fv2%2Fproduct_cat&post=1072"},{"taxonomy":"product_tag","embeddable":true,"href":"https:\/\/depositobotafogo.com.br\/index.php?rest_route=%2Fwp%2Fv2%2Fproduct_tag&post=1072"}],"curies":[{"name":"wp","href":"https:\/\/api.w.org\/{rel}","templated":true}]}}