{"id":1078,"date":"2025-05-23T15:13:40","date_gmt":"2025-05-23T18:13:40","guid":{"rendered":"https:\/\/depositobotafogo.com.br\/?post_type=product&#038;p=1078"},"modified":"2025-05-23T15:13:40","modified_gmt":"2025-05-23T18:13:40","slug":"bosch-furadeira-de-impacto-gsb-550-re-550w-127v","status":"publish","type":"product","link":"https:\/\/depositobotafogo.com.br\/?product=bosch-furadeira-de-impacto-gsb-550-re-550w-127v","title":{"rendered":"Bosch Furadeira de Impacto GSB 550 RE 550W 127V"},"content":{"rendered":"<h3 class=\"a-spacing-mini\">Furadeira de Impacto Bosch GSB 550 RE 550W<\/h3>\n<p class=\"a-spacing-base\">A Furadeira de Impacto Bosch GSB 550 RE tem potente motor de 550W e velocidade eletr\u00f4nica vari\u00e1vel para perfura\u00e7\u00f5es em diferentes materiais, al\u00e9m de fun\u00e7\u00e3o revers\u00edvel para utiliza\u00e7\u00e3o em aplica\u00e7\u00f5es de parafusamentos. Confort\u00e1vel, leve e compacta, pesando apenas 1,7 Kg, perfura alvenaria, madeira e metal, com e sem impacto, gra\u00e7as ao bot\u00e3o comutador. A ferramenta realiza tamb\u00e9m parafusamentos atrav\u00e9s da fun\u00e7\u00e3o de revers\u00e3o e permite que voc\u00ea fa\u00e7a trabalhos cont\u00ednuos com o aux\u00edlio do bot\u00e3o-trava.<\/p>\n","protected":false},"excerpt":{"rendered":"<p>Furadeira de Impacto Bosch GSB 550 RE 550W A Furadeira de Impacto Bosch GSB 550 RE tem potente motor de&hellip;<\/p>\n","protected":false},"featured_media":1082,"template":"","meta":[],"product_brand":[],"product_cat":[15,73],"product_tag":[82,83,81,89,77,93,76,90,85,84,86,78,88,92,80,75,74,79,91,87],"class_list":{"0":"post-1078","1":"product","2":"type-product","3":"status-publish","4":"has-post-thumbnail","6":"product_cat-sem-categoria","7":"product_cat-ferramentas","8":"product_tag-ferramenta-eletrica","9":"product_tag-ferramentas-razi","10":"product_tag-furadeira-600w","11":"product_tag-furadeira-compacta","12":"product_tag-furadeira-de-impacto","13":"product_tag-furadeira-duravel","14":"product_tag-furadeira-eletrica","15":"product_tag-furadeira-leve","16":"product_tag-furadeira-para-concreto","17":"product_tag-furadeira-para-madeira","18":"product_tag-furadeira-para-metal","19":"product_tag-furadeira-portatil","20":"product_tag-furadeira-potente","21":"product_tag-furadeira-preco-bom","22":"product_tag-furadeira-profissional","23":"product_tag-furadeira-razi","24":"product_tag-furadeira-razi-600w","25":"product_tag-furadeira-residencial","26":"product_tag-furadeira-versatil","27":"product_tag-melhor-furadeira-custo-beneficio","29":"first","30":"instock","31":"shipping-taxable","32":"product-type-simple"},"_links":{"self":[{"href":"https:\/\/depositobotafogo.com.br\/index.php?rest_route=\/wp\/v2\/product\/1078","targetHints":{"allow":["GET"]}}],"collection":[{"href":"https:\/\/depositobotafogo.com.br\/index.php?rest_route=\/wp\/v2\/product"}],"about":[{"href":"https:\/\/depositobotafogo.com.br\/index.php?rest_route=\/wp\/v2\/types\/product"}],"wp:featuredmedia":[{"embeddable":true,"href":"https:\/\/depositobotafogo.com.br\/index.php?rest_route=\/wp\/v2\/media\/1082"}],"wp:attachment":[{"href":"https:\/\/depositobotafogo.com.br\/index.php?rest_route=%2Fwp%2Fv2%2Fmedia&parent=1078"}],"wp:term":[{"taxonomy":"product_brand","embeddable":true,"href":"https:\/\/depositobotafogo.com.br\/index.php?rest_route=%2Fwp%2Fv2%2Fproduct_brand&post=1078"},{"taxonomy":"product_cat","embeddable":true,"href":"https:\/\/depositobotafogo.com.br\/index.php?rest_route=%2Fwp%2Fv2%2Fproduct_cat&post=1078"},{"taxonomy":"product_tag","embeddable":true,"href":"https:\/\/depositobotafogo.com.br\/index.php?rest_route=%2Fwp%2Fv2%2Fproduct_tag&post=1078"}],"curies":[{"name":"wp","href":"https:\/\/api.w.org\/{rel}","templated":true}]}}