{"id":1089,"date":"2025-05-23T15:33:26","date_gmt":"2025-05-23T18:33:26","guid":{"rendered":"https:\/\/depositobotafogo.com.br\/?post_type=product&#038;p=1089"},"modified":"2025-05-23T15:34:25","modified_gmt":"2025-05-23T18:34:25","slug":"makita-furadeira-de-impacto-13mm-1-2pol-500w-m0801b","status":"publish","type":"product","link":"https:\/\/depositobotafogo.com.br\/?product=makita-furadeira-de-impacto-13mm-1-2pol-500w-m0801b","title":{"rendered":"MAKITA FURADEIRA DE IMPACTO 13MM (1\/2POL) 500W M0801B"},"content":{"rendered":"<p>A Furadeira de Impacto M0801B da Makita possui pot\u00eancia de 500W e mandril de 13 mm, que permitir\u00e1 que voc\u00ea manipule facilmente a ferramenta com seguran\u00e7a e precis\u00e3o. Al\u00e9m disso, possui velocidade vari\u00e1vel e rota\u00e7\u00e3o revers\u00edvel, com 2.900 rota\u00e7\u00f5es por minuto. Tem capacidade de perfura\u00e7\u00e3o de at\u00e9 16 mm em concreto, 20mm em madeira e 13mm em metal. Acompanha chave de mandril e punho lateral.<\/p>\n","protected":false},"excerpt":{"rendered":"<p>A Furadeira de Impacto M0801B da Makita possui pot\u00eancia de 500W e mandril de 13 mm, que permitir\u00e1 que voc\u00ea&hellip;<\/p>\n","protected":false},"featured_media":1091,"template":"","meta":[],"product_brand":[],"product_cat":[15,73],"product_tag":[82,83,81,89,77,93,76,90,85,84,86,78,88,92,80,75,74,79,91,87],"class_list":{"0":"post-1089","1":"product","2":"type-product","3":"status-publish","4":"has-post-thumbnail","6":"product_cat-sem-categoria","7":"product_cat-ferramentas","8":"product_tag-ferramenta-eletrica","9":"product_tag-ferramentas-razi","10":"product_tag-furadeira-600w","11":"product_tag-furadeira-compacta","12":"product_tag-furadeira-de-impacto","13":"product_tag-furadeira-duravel","14":"product_tag-furadeira-eletrica","15":"product_tag-furadeira-leve","16":"product_tag-furadeira-para-concreto","17":"product_tag-furadeira-para-madeira","18":"product_tag-furadeira-para-metal","19":"product_tag-furadeira-portatil","20":"product_tag-furadeira-potente","21":"product_tag-furadeira-preco-bom","22":"product_tag-furadeira-profissional","23":"product_tag-furadeira-razi","24":"product_tag-furadeira-razi-600w","25":"product_tag-furadeira-residencial","26":"product_tag-furadeira-versatil","27":"product_tag-melhor-furadeira-custo-beneficio","29":"first","30":"instock","31":"shipping-taxable","32":"product-type-simple"},"_links":{"self":[{"href":"https:\/\/depositobotafogo.com.br\/index.php?rest_route=\/wp\/v2\/product\/1089","targetHints":{"allow":["GET"]}}],"collection":[{"href":"https:\/\/depositobotafogo.com.br\/index.php?rest_route=\/wp\/v2\/product"}],"about":[{"href":"https:\/\/depositobotafogo.com.br\/index.php?rest_route=\/wp\/v2\/types\/product"}],"wp:featuredmedia":[{"embeddable":true,"href":"https:\/\/depositobotafogo.com.br\/index.php?rest_route=\/wp\/v2\/media\/1091"}],"wp:attachment":[{"href":"https:\/\/depositobotafogo.com.br\/index.php?rest_route=%2Fwp%2Fv2%2Fmedia&parent=1089"}],"wp:term":[{"taxonomy":"product_brand","embeddable":true,"href":"https:\/\/depositobotafogo.com.br\/index.php?rest_route=%2Fwp%2Fv2%2Fproduct_brand&post=1089"},{"taxonomy":"product_cat","embeddable":true,"href":"https:\/\/depositobotafogo.com.br\/index.php?rest_route=%2Fwp%2Fv2%2Fproduct_cat&post=1089"},{"taxonomy":"product_tag","embeddable":true,"href":"https:\/\/depositobotafogo.com.br\/index.php?rest_route=%2Fwp%2Fv2%2Fproduct_tag&post=1089"}],"curies":[{"name":"wp","href":"https:\/\/api.w.org\/{rel}","templated":true}]}}