{"id":1100,"date":"2025-05-23T15:43:08","date_gmt":"2025-05-23T18:43:08","guid":{"rendered":"https:\/\/depositobotafogo.com.br\/?post_type=product&#038;p=1100"},"modified":"2025-05-23T15:44:15","modified_gmt":"2025-05-23T18:44:15","slug":"furadeira-de-impacto-1-2-13mm-560w-127v-tm555k","status":"publish","type":"product","link":"https:\/\/depositobotafogo.com.br\/?product=furadeira-de-impacto-1-2-13mm-560w-127v-tm555k","title":{"rendered":"Furadeira de Impacto 1\/2&#8243; (13MM) 560W, 127V TM555K"},"content":{"rendered":"<div class=\"coh-container description-container-wrapper gsap-fadein-section coh-style-product-description\">\n<div class=\"coh-container description-container\">\n<h2 class=\"coh-heading coh-style-h1---default\">Vis\u00e3o Geral do Produto<\/h2>\n<div class=\"coh-inline-element description\">Seguran\u00e7a e excelente performance em uma furadeira de impacto.<\/div>\n<\/div>\n<\/div>\n<div id=\"additional-product-features\" class=\"coh-container gsap-fadein-section coh-style-product-features-benefits\">\n<h2 class=\"coh-heading title coh-style-h1---default\">Caracter\u00edsticas Adicionais<\/h2>\n<div class=\"outer-additional-features-item\">\n<ul class=\"additional-feature-ul\">\n<li class=\"additional-feature-list-li\">Empunhadura lateral e limitador de broca<\/li>\n<\/ul>\n<\/div>\n<\/div>\n<div class=\"coh-container gsap-fadein-section coh-style-product-includes-section\">\n<h2 class=\"coh-heading title coh-style-h1---default\">Inclui<\/h2>\n<ul class=\"coh-list-container coh-unordered-list\">\n<li class=\"coh-list-item\">(1) Empunhadura lateral<\/li>\n<li class=\"coh-list-item\">(1) Limitador de Broca<\/li>\n<li class=\"coh-list-item\">(1) Chave de Mandril<\/li>\n<li class=\"coh-list-item\">(1) Maleta<\/li>\n<\/ul>\n<\/div>\n","protected":false},"excerpt":{"rendered":"<p>Vis\u00e3o Geral do Produto Seguran\u00e7a e excelente performance em uma furadeira de impacto. Caracter\u00edsticas Adicionais Empunhadura lateral e limitador de&hellip;<\/p>\n","protected":false},"featured_media":1101,"template":"","meta":[],"product_brand":[],"product_cat":[15,73],"product_tag":[82,83,81,89,77,93,76,90,85,84,86,78,88,92,80,75,74,79,91,87],"class_list":{"0":"post-1100","1":"product","2":"type-product","3":"status-publish","4":"has-post-thumbnail","6":"product_cat-sem-categoria","7":"product_cat-ferramentas","8":"product_tag-ferramenta-eletrica","9":"product_tag-ferramentas-razi","10":"product_tag-furadeira-600w","11":"product_tag-furadeira-compacta","12":"product_tag-furadeira-de-impacto","13":"product_tag-furadeira-duravel","14":"product_tag-furadeira-eletrica","15":"product_tag-furadeira-leve","16":"product_tag-furadeira-para-concreto","17":"product_tag-furadeira-para-madeira","18":"product_tag-furadeira-para-metal","19":"product_tag-furadeira-portatil","20":"product_tag-furadeira-potente","21":"product_tag-furadeira-preco-bom","22":"product_tag-furadeira-profissional","23":"product_tag-furadeira-razi","24":"product_tag-furadeira-razi-600w","25":"product_tag-furadeira-residencial","26":"product_tag-furadeira-versatil","27":"product_tag-melhor-furadeira-custo-beneficio","29":"first","30":"instock","31":"shipping-taxable","32":"product-type-simple"},"_links":{"self":[{"href":"https:\/\/depositobotafogo.com.br\/index.php?rest_route=\/wp\/v2\/product\/1100","targetHints":{"allow":["GET"]}}],"collection":[{"href":"https:\/\/depositobotafogo.com.br\/index.php?rest_route=\/wp\/v2\/product"}],"about":[{"href":"https:\/\/depositobotafogo.com.br\/index.php?rest_route=\/wp\/v2\/types\/product"}],"wp:featuredmedia":[{"embeddable":true,"href":"https:\/\/depositobotafogo.com.br\/index.php?rest_route=\/wp\/v2\/media\/1101"}],"wp:attachment":[{"href":"https:\/\/depositobotafogo.com.br\/index.php?rest_route=%2Fwp%2Fv2%2Fmedia&parent=1100"}],"wp:term":[{"taxonomy":"product_brand","embeddable":true,"href":"https:\/\/depositobotafogo.com.br\/index.php?rest_route=%2Fwp%2Fv2%2Fproduct_brand&post=1100"},{"taxonomy":"product_cat","embeddable":true,"href":"https:\/\/depositobotafogo.com.br\/index.php?rest_route=%2Fwp%2Fv2%2Fproduct_cat&post=1100"},{"taxonomy":"product_tag","embeddable":true,"href":"https:\/\/depositobotafogo.com.br\/index.php?rest_route=%2Fwp%2Fv2%2Fproduct_tag&post=1100"}],"curies":[{"name":"wp","href":"https:\/\/api.w.org\/{rel}","templated":true}]}}