{"id":1108,"date":"2025-05-23T16:07:29","date_gmt":"2025-05-23T19:07:29","guid":{"rendered":"https:\/\/depositobotafogo.com.br\/?post_type=product&#038;p=1108"},"modified":"2025-05-23T16:20:53","modified_gmt":"2025-05-23T19:20:53","slug":"furadeira-impacto-profissional-1-2-710w-dwd502-dewalt-110v","status":"publish","type":"product","link":"https:\/\/depositobotafogo.com.br\/?product=furadeira-impacto-profissional-1-2-710w-dwd502-dewalt-110v","title":{"rendered":"Furadeira Impacto Profissional 1\/2 710w Dwd502 Dewalt 110v"},"content":{"rendered":"<div>Furadeira de impacto com mandril 1\/2&#8243; que oferece maior capacidade de trabalho e melhor reten\u00e7\u00e3o da broca. Possui aberturas de ventila\u00e7\u00e3o de ar que ajudam na refrigera\u00e7\u00e3o do motor para uma longa vida \u00fatil. Bot\u00e3o de uso cont\u00ednuo que permite manter a unidade em uma velocidade cont\u00ednua. Com potente motor 100% apoiado em rolamentos de esferas.<\/div>\n<div><\/div>\n<div><strong>&#8211; Caracter\u00edsticas:<\/strong><\/div>\n<div><\/div>\n<div>:: Empunhadura lateral texturizada com segurador leve<\/div>\n<div>:: Interruptor com seletor de reverso<\/div>\n<div>:: Seletor de fun\u00e7\u00e3o<\/div>\n<div>:: Entalhe para os dedos<\/div>\n<div>:: Cabo Emborrachado<\/div>\n<div>:: Motor 100% apoiado em rolamentos de esferas<\/div>\n<div>:: Velocidade vari\u00e1vel e revers\u00edvel com trava para uso cont\u00ednuo<\/div>\n<div>:: Suporte para chave do mandril no cabo el\u00e9trico<\/div>\n","protected":false},"excerpt":{"rendered":"<p>Furadeira de impacto com mandril 1\/2&#8243; que oferece maior capacidade de trabalho e melhor reten\u00e7\u00e3o da broca. Possui aberturas de&hellip;<\/p>\n","protected":false},"featured_media":1109,"template":"","meta":[],"product_brand":[],"product_cat":[15,73],"product_tag":[82,83,81,89,77,93,76,90,85,84,86,78,88,92,80,75,74,79,91,87],"class_list":{"0":"post-1108","1":"product","2":"type-product","3":"status-publish","4":"has-post-thumbnail","6":"product_cat-sem-categoria","7":"product_cat-ferramentas","8":"product_tag-ferramenta-eletrica","9":"product_tag-ferramentas-razi","10":"product_tag-furadeira-600w","11":"product_tag-furadeira-compacta","12":"product_tag-furadeira-de-impacto","13":"product_tag-furadeira-duravel","14":"product_tag-furadeira-eletrica","15":"product_tag-furadeira-leve","16":"product_tag-furadeira-para-concreto","17":"product_tag-furadeira-para-madeira","18":"product_tag-furadeira-para-metal","19":"product_tag-furadeira-portatil","20":"product_tag-furadeira-potente","21":"product_tag-furadeira-preco-bom","22":"product_tag-furadeira-profissional","23":"product_tag-furadeira-razi","24":"product_tag-furadeira-razi-600w","25":"product_tag-furadeira-residencial","26":"product_tag-furadeira-versatil","27":"product_tag-melhor-furadeira-custo-beneficio","29":"first","30":"instock","31":"shipping-taxable","32":"product-type-simple"},"_links":{"self":[{"href":"https:\/\/depositobotafogo.com.br\/index.php?rest_route=\/wp\/v2\/product\/1108","targetHints":{"allow":["GET"]}}],"collection":[{"href":"https:\/\/depositobotafogo.com.br\/index.php?rest_route=\/wp\/v2\/product"}],"about":[{"href":"https:\/\/depositobotafogo.com.br\/index.php?rest_route=\/wp\/v2\/types\/product"}],"wp:featuredmedia":[{"embeddable":true,"href":"https:\/\/depositobotafogo.com.br\/index.php?rest_route=\/wp\/v2\/media\/1109"}],"wp:attachment":[{"href":"https:\/\/depositobotafogo.com.br\/index.php?rest_route=%2Fwp%2Fv2%2Fmedia&parent=1108"}],"wp:term":[{"taxonomy":"product_brand","embeddable":true,"href":"https:\/\/depositobotafogo.com.br\/index.php?rest_route=%2Fwp%2Fv2%2Fproduct_brand&post=1108"},{"taxonomy":"product_cat","embeddable":true,"href":"https:\/\/depositobotafogo.com.br\/index.php?rest_route=%2Fwp%2Fv2%2Fproduct_cat&post=1108"},{"taxonomy":"product_tag","embeddable":true,"href":"https:\/\/depositobotafogo.com.br\/index.php?rest_route=%2Fwp%2Fv2%2Fproduct_tag&post=1108"}],"curies":[{"name":"wp","href":"https:\/\/api.w.org\/{rel}","templated":true}]}}