{"id":1115,"date":"2025-05-27T16:32:59","date_gmt":"2025-05-27T19:32:59","guid":{"rendered":"https:\/\/depositobotafogo.com.br\/?post_type=product&#038;p=1115"},"modified":"2025-05-27T16:33:00","modified_gmt":"2025-05-27T19:33:00","slug":"a-serra-marmore-stanley-spt115-1200w","status":"publish","type":"product","link":"https:\/\/depositobotafogo.com.br\/?product=a-serra-marmore-stanley-spt115-1200w","title":{"rendered":"A Serra M\u00e1rmore Stanley SPT115 1200w"},"content":{"rendered":"<p>A Serra M\u00e1rmore 110V Stanley, Modelo SPT115-BR, \u00e9 a ferramenta ideal para cortes precisos em concreto, madeira e outros materiais. Com pot\u00eancia de 1200W e disco de 115mm, essa serra el\u00e9trica port\u00e1til garante efici\u00eancia e seguran\u00e7a em suas obras. Seu motor constru\u00eddo sobre rolamentos de esferas selados contra p\u00f3 proporciona durabilidade e desempenho superiores. Al\u00e9m disso, o interruptor de seguran\u00e7a e o acesso externo aos carv\u00f5es garantem praticidade e prote\u00e7\u00e3o durante o uso. Com empunhadura ergon\u00f4mica, a Serra M\u00e1rmore Stanley oferece conforto e precis\u00e3o em cada corte. Adquira j\u00e1 a sua e fa\u00e7a sua melhor obra com a linha de ferramentas para concreto STANLEY.<\/p>\n","protected":false},"excerpt":{"rendered":"<p>A Serra M\u00e1rmore 110V Stanley, Modelo SPT115-BR, \u00e9 a ferramenta ideal para cortes precisos em concreto, madeira e outros materiais.&hellip;<\/p>\n","protected":false},"featured_media":1117,"template":"","meta":[],"product_brand":[],"product_cat":[15,73],"product_tag":[132,97,98,99,100,116,121,122,119,118,102,103,123,95,120,117,114,115,110,107,108,113,105,127,106,128,109,130,111,104,124,112,129,101,96,94,139,131,138,137,141,136,142,135,140,133,134,143,125,126],"class_list":{"0":"post-1115","1":"product","2":"type-product","3":"status-publish","4":"has-post-thumbnail","6":"product_cat-sem-categoria","7":"product_cat-ferramentas","8":"product_tag-comprar-serra-marmore-stanley","9":"product_tag-serra-marmore-127mm-stanley","10":"product_tag-serra-marmore-1350w-stanley","11":"product_tag-serra-marmore-1400w-stanley","12":"product_tag-serra-marmore-1500w-stanley","13":"product_tag-serra-marmore-alto-desempenho","14":"product_tag-serra-marmore-com-base-ajustavel","15":"product_tag-serra-marmore-com-seguranca","16":"product_tag-serra-marmore-compacta-stanley","17":"product_tag-serra-marmore-corte-limpo","18":"product_tag-serra-marmore-corte-preciso","19":"product_tag-serra-marmore-corte-reto","20":"product_tag-serra-marmore-duravel","21":"product_tag-serra-marmore-eletrica-stanley","22":"product_tag-serra-marmore-ergonomica","23":"product_tag-serra-marmore-facil-de-usar","24":"product_tag-serra-marmore-leve-e-potente","25":"product_tag-serra-marmore-motor-resistente","26":"product_tag-serra-marmore-para-azulejo","27":"product_tag-serra-marmore-para-ceramica","28":"product_tag-serra-marmore-para-concreto","29":"product_tag-serra-marmore-para-construcao","30":"product_tag-serra-marmore-para-granito","31":"product_tag-serra-marmore-para-marmorarias","32":"product_tag-serra-marmore-para-marmore","33":"product_tag-serra-marmore-para-obras","34":"product_tag-serra-marmore-para-pedras","35":"product_tag-serra-marmore-para-pequenos-reparos","36":"product_tag-serra-marmore-para-pisos","37":"product_tag-serra-marmore-para-porcelanato","38":"product_tag-serra-marmore-para-profissionais","39":"product_tag-serra-marmore-para-reforma","40":"product_tag-serra-marmore-para-reformas-residenciais","41":"product_tag-serra-marmore-potente-stanley","42":"product_tag-serra-marmore-profissional-stanley","43":"product_tag-serra-marmore-stanley","44":"product_tag-serra-marmore-stanley-com-garantia","45":"product_tag-serra-marmore-stanley-construcao-civil","46":"product_tag-serra-marmore-stanley-em-estoque","47":"product_tag-serra-marmore-stanley-entrega-rapida","48":"product_tag-serra-marmore-stanley-envio-imediato","49":"product_tag-serra-marmore-stanley-loja-online","50":"product_tag-serra-marmore-stanley-melhor-preco","51":"product_tag-serra-marmore-stanley-oferta","52":"product_tag-serra-marmore-stanley-original","53":"product_tag-serra-marmore-stanley-preco","54":"product_tag-serra-marmore-stanley-promocao","55":"product_tag-serra-marmore-stanley-qualidade-garantida","56":"product_tag-serra-marmore-uso-domestico","57":"product_tag-serra-marmore-uso-hobby","59":"first","60":"instock","61":"shipping-taxable","62":"product-type-simple"},"_links":{"self":[{"href":"https:\/\/depositobotafogo.com.br\/index.php?rest_route=\/wp\/v2\/product\/1115","targetHints":{"allow":["GET"]}}],"collection":[{"href":"https:\/\/depositobotafogo.com.br\/index.php?rest_route=\/wp\/v2\/product"}],"about":[{"href":"https:\/\/depositobotafogo.com.br\/index.php?rest_route=\/wp\/v2\/types\/product"}],"wp:featuredmedia":[{"embeddable":true,"href":"https:\/\/depositobotafogo.com.br\/index.php?rest_route=\/wp\/v2\/media\/1117"}],"wp:attachment":[{"href":"https:\/\/depositobotafogo.com.br\/index.php?rest_route=%2Fwp%2Fv2%2Fmedia&parent=1115"}],"wp:term":[{"taxonomy":"product_brand","embeddable":true,"href":"https:\/\/depositobotafogo.com.br\/index.php?rest_route=%2Fwp%2Fv2%2Fproduct_brand&post=1115"},{"taxonomy":"product_cat","embeddable":true,"href":"https:\/\/depositobotafogo.com.br\/index.php?rest_route=%2Fwp%2Fv2%2Fproduct_cat&post=1115"},{"taxonomy":"product_tag","embeddable":true,"href":"https:\/\/depositobotafogo.com.br\/index.php?rest_route=%2Fwp%2Fv2%2Fproduct_tag&post=1115"}],"curies":[{"name":"wp","href":"https:\/\/api.w.org\/{rel}","templated":true}]}}