{"id":1118,"date":"2025-05-27T16:40:57","date_gmt":"2025-05-27T19:40:57","guid":{"rendered":"https:\/\/depositobotafogo.com.br\/?post_type=product&#038;p=1118"},"modified":"2025-05-27T16:40:57","modified_gmt":"2025-05-27T19:40:57","slug":"serra-marmore-dewalt-1400w-dw862","status":"publish","type":"product","link":"https:\/\/depositobotafogo.com.br\/?product=serra-marmore-dewalt-1400w-dw862","title":{"rendered":"Serra M\u00e1rmore DEWALT 1400W &#8211; DW862"},"content":{"rendered":"<p>Leve e com desenho ergon\u00f4mico, a Serra M\u00e1rmore possui pot\u00eancia com performance industrial para aplica\u00e7\u00f5es na constru\u00e7\u00e3o civil, ideal para profissionais que atuam no segmento. Com ajuste r\u00e1pido de profundidade traz f\u00e1cil acesso para troca de escovas de carv\u00e3o, al\u00e9m do interruptor de gatilho com trava de seguran\u00e7a contra acionamento acidental, 100% seguran\u00e7a e pot\u00eancia para o profissional.<\/p>\n","protected":false},"excerpt":{"rendered":"<p>Leve e com desenho ergon\u00f4mico, a Serra M\u00e1rmore possui pot\u00eancia com performance industrial para aplica\u00e7\u00f5es na constru\u00e7\u00e3o civil, ideal para&hellip;<\/p>\n","protected":false},"featured_media":1121,"template":"","meta":[],"product_brand":[],"product_cat":[15,73],"product_tag":[154,147,148,149,150,116,121,122,152,118,102,103,144,161,153,160,159,163,158,164,157,162,155,156,165,123,145,120,117,114,115,110,107,108,113,105,127,106,128,109,130,111,104,124,112,129,151,146,125,126],"class_list":{"0":"post-1118","1":"product","2":"type-product","3":"status-publish","4":"has-post-thumbnail","6":"product_cat-sem-categoria","7":"product_cat-ferramentas","8":"product_tag-comprar-serra-marmore-dewalt","9":"product_tag-serra-marmore-127mm-dewalt","10":"product_tag-serra-marmore-1350w-dewalt","11":"product_tag-serra-marmore-1400w-dewalt","12":"product_tag-serra-marmore-1500w-dewalt","13":"product_tag-serra-marmore-alto-desempenho","14":"product_tag-serra-marmore-com-base-ajustavel","15":"product_tag-serra-marmore-com-seguranca","16":"product_tag-serra-marmore-compacta-dewalt","17":"product_tag-serra-marmore-corte-limpo","18":"product_tag-serra-marmore-corte-preciso","19":"product_tag-serra-marmore-corte-reto","20":"product_tag-serra-marmore-dewalt","21":"product_tag-serra-marmore-dewalt-com-garantia","22":"product_tag-serra-marmore-dewalt-construcao-civil","23":"product_tag-serra-marmore-dewalt-em-estoque","24":"product_tag-serra-marmore-dewalt-entrega-rapida","25":"product_tag-serra-marmore-dewalt-envio-imediato","26":"product_tag-serra-marmore-dewalt-loja-online","27":"product_tag-serra-marmore-dewalt-melhor-preco","28":"product_tag-serra-marmore-dewalt-oferta","29":"product_tag-serra-marmore-dewalt-original","30":"product_tag-serra-marmore-dewalt-preco","31":"product_tag-serra-marmore-dewalt-promocao","32":"product_tag-serra-marmore-dewalt-qualidade-garantida","33":"product_tag-serra-marmore-duravel","34":"product_tag-serra-marmore-eletrica-dewalt","35":"product_tag-serra-marmore-ergonomica","36":"product_tag-serra-marmore-facil-de-usar","37":"product_tag-serra-marmore-leve-e-potente","38":"product_tag-serra-marmore-motor-resistente","39":"product_tag-serra-marmore-para-azulejo","40":"product_tag-serra-marmore-para-ceramica","41":"product_tag-serra-marmore-para-concreto","42":"product_tag-serra-marmore-para-construcao","43":"product_tag-serra-marmore-para-granito","44":"product_tag-serra-marmore-para-marmorarias","45":"product_tag-serra-marmore-para-marmore","46":"product_tag-serra-marmore-para-obras","47":"product_tag-serra-marmore-para-pedras","48":"product_tag-serra-marmore-para-pequenos-reparos","49":"product_tag-serra-marmore-para-pisos","50":"product_tag-serra-marmore-para-porcelanato","51":"product_tag-serra-marmore-para-profissionais","52":"product_tag-serra-marmore-para-reforma","53":"product_tag-serra-marmore-para-reformas-residenciais","54":"product_tag-serra-marmore-potente-dewalt","55":"product_tag-serra-marmore-profissional-dewalt","56":"product_tag-serra-marmore-uso-domestico","57":"product_tag-serra-marmore-uso-hobby","59":"first","60":"instock","61":"shipping-taxable","62":"product-type-simple"},"_links":{"self":[{"href":"https:\/\/depositobotafogo.com.br\/index.php?rest_route=\/wp\/v2\/product\/1118","targetHints":{"allow":["GET"]}}],"collection":[{"href":"https:\/\/depositobotafogo.com.br\/index.php?rest_route=\/wp\/v2\/product"}],"about":[{"href":"https:\/\/depositobotafogo.com.br\/index.php?rest_route=\/wp\/v2\/types\/product"}],"wp:featuredmedia":[{"embeddable":true,"href":"https:\/\/depositobotafogo.com.br\/index.php?rest_route=\/wp\/v2\/media\/1121"}],"wp:attachment":[{"href":"https:\/\/depositobotafogo.com.br\/index.php?rest_route=%2Fwp%2Fv2%2Fmedia&parent=1118"}],"wp:term":[{"taxonomy":"product_brand","embeddable":true,"href":"https:\/\/depositobotafogo.com.br\/index.php?rest_route=%2Fwp%2Fv2%2Fproduct_brand&post=1118"},{"taxonomy":"product_cat","embeddable":true,"href":"https:\/\/depositobotafogo.com.br\/index.php?rest_route=%2Fwp%2Fv2%2Fproduct_cat&post=1118"},{"taxonomy":"product_tag","embeddable":true,"href":"https:\/\/depositobotafogo.com.br\/index.php?rest_route=%2Fwp%2Fv2%2Fproduct_tag&post=1118"}],"curies":[{"name":"wp","href":"https:\/\/api.w.org\/{rel}","templated":true}]}}