{"id":1128,"date":"2025-05-27T16:52:36","date_gmt":"2025-05-27T19:52:36","guid":{"rendered":"https:\/\/depositobotafogo.com.br\/?post_type=product&#038;p=1128"},"modified":"2025-05-27T16:52:37","modified_gmt":"2025-05-27T19:52:37","slug":"makita-serra-marmore-1300w-com-2-discos-4100nh3zx2","status":"publish","type":"product","link":"https:\/\/depositobotafogo.com.br\/?product=makita-serra-marmore-1300w-com-2-discos-4100nh3zx2","title":{"rendered":"MAKITA SERRA MARMORE 1300W COM 2 DISCOS 4100NH3ZX2"},"content":{"rendered":"<p>A Serra M\u00e1rmore 4100NH3ZX2 da Makita \u00e9 uma ferramenta el\u00e9trica muito apropriada para todos os profissionais que procuram acabamento perfeito no corte. Com uma pot\u00eancia de 1.300W e 13.800 rota\u00e7\u00f5es por minuto, a 4100NH3ZX2 realiza trabalhos pesados sem perder a qualidade do corte, ideal para trabalhos em marmoraria e constru\u00e7\u00e3o civil. Pode-se usar disco diamantado de at\u00e9 110mm (4.3\/8&#8243;) para corte de m\u00e1rmores, granitos e pedras. Capacidade m\u00e1xima de corte de 32mm e di\u00e2metro do furo de 20mm. Sua estrutura \u00e9 compacta, leve e port\u00e1til. Acompanha chave, chave allen e 2 discos.<\/p>\n","protected":false},"excerpt":{"rendered":"<p>A Serra M\u00e1rmore 4100NH3ZX2 da Makita \u00e9 uma ferramenta el\u00e9trica muito apropriada para todos os profissionais que procuram acabamento perfeito&hellip;<\/p>\n","protected":false},"featured_media":1131,"template":"","meta":[],"product_brand":[],"product_cat":[15,73],"product_tag":[201,169,185,190,191,188,187,171,172,192,167,189,186,183,166,204,202,203,208,200,213,207,206,210,205,211,209,179,176,177,182,174,175,178,180,173,181,212,184,196,197,199,193,198,170,168,194,195],"class_list":{"0":"post-1128","1":"product","2":"type-product","3":"status-publish","4":"has-post-thumbnail","6":"product_cat-sem-categoria","7":"product_cat-ferramentas","8":"product_tag-comprar-serra-marmore-makita-1300w","9":"product_tag-serra-marmore-127mm-makita","10":"product_tag-serra-marmore-alto-desempenho-makita","11":"product_tag-serra-marmore-com-base-ajustavel-makita","12":"product_tag-serra-marmore-com-seguranca-makita","13":"product_tag-serra-marmore-compacta-makita","14":"product_tag-serra-marmore-corte-limpo-makita","15":"product_tag-serra-marmore-corte-preciso-makita","16":"product_tag-serra-marmore-corte-reto-makita","17":"product_tag-serra-marmore-duravel-makita","18":"product_tag-serra-marmore-eletrica-makita-1300w","19":"product_tag-serra-marmore-ergonomica-makita","20":"product_tag-serra-marmore-facil-de-usar-makita","21":"product_tag-serra-marmore-leve-e-potente-makita","22":"product_tag-serra-marmore-makita-1300w","23":"product_tag-serra-marmore-makita-1300w-oferta","24":"product_tag-serra-marmore-makita-1300w-preco","25":"product_tag-serra-marmore-makita-1300w-promocao","26":"product_tag-serra-marmore-makita-com-garantia","27":"product_tag-serra-marmore-makita-construcao-civil","28":"product_tag-serra-marmore-makita-desempenho-profissional","29":"product_tag-serra-marmore-makita-em-estoque","30":"product_tag-serra-marmore-makita-entrega-rapida","31":"product_tag-serra-marmore-makita-envio-imediato","32":"product_tag-serra-marmore-makita-loja-online","33":"product_tag-serra-marmore-makita-melhor-preco","34":"product_tag-serra-marmore-makita-original","35":"product_tag-serra-marmore-makita-para-azulejo","36":"product_tag-serra-marmore-makita-para-ceramica","37":"product_tag-serra-marmore-makita-para-concreto","38":"product_tag-serra-marmore-makita-para-construcao","39":"product_tag-serra-marmore-makita-para-granito","40":"product_tag-serra-marmore-makita-para-marmore","41":"product_tag-serra-marmore-makita-para-pedras","42":"product_tag-serra-marmore-makita-para-pisos","43":"product_tag-serra-marmore-makita-para-porcelanato","44":"product_tag-serra-marmore-makita-para-reforma","45":"product_tag-serra-marmore-makita-qualidade-garantida","46":"product_tag-serra-marmore-motor-resistente-makita","47":"product_tag-serra-marmore-para-marmorarias-makita","48":"product_tag-serra-marmore-para-obras-makita","49":"product_tag-serra-marmore-para-pequenos-reparos-makita","50":"product_tag-serra-marmore-para-profissionais-makita","51":"product_tag-serra-marmore-para-reformas-residenciais-makita","52":"product_tag-serra-marmore-potente-makita","53":"product_tag-serra-marmore-profissional-makita-1300w","54":"product_tag-serra-marmore-uso-domestico-makita","55":"product_tag-serra-marmore-uso-hobby-makita","57":"first","58":"instock","59":"shipping-taxable","60":"product-type-simple"},"_links":{"self":[{"href":"https:\/\/depositobotafogo.com.br\/index.php?rest_route=\/wp\/v2\/product\/1128","targetHints":{"allow":["GET"]}}],"collection":[{"href":"https:\/\/depositobotafogo.com.br\/index.php?rest_route=\/wp\/v2\/product"}],"about":[{"href":"https:\/\/depositobotafogo.com.br\/index.php?rest_route=\/wp\/v2\/types\/product"}],"wp:featuredmedia":[{"embeddable":true,"href":"https:\/\/depositobotafogo.com.br\/index.php?rest_route=\/wp\/v2\/media\/1131"}],"wp:attachment":[{"href":"https:\/\/depositobotafogo.com.br\/index.php?rest_route=%2Fwp%2Fv2%2Fmedia&parent=1128"}],"wp:term":[{"taxonomy":"product_brand","embeddable":true,"href":"https:\/\/depositobotafogo.com.br\/index.php?rest_route=%2Fwp%2Fv2%2Fproduct_brand&post=1128"},{"taxonomy":"product_cat","embeddable":true,"href":"https:\/\/depositobotafogo.com.br\/index.php?rest_route=%2Fwp%2Fv2%2Fproduct_cat&post=1128"},{"taxonomy":"product_tag","embeddable":true,"href":"https:\/\/depositobotafogo.com.br\/index.php?rest_route=%2Fwp%2Fv2%2Fproduct_tag&post=1128"}],"curies":[{"name":"wp","href":"https:\/\/api.w.org\/{rel}","templated":true}]}}