{"id":1140,"date":"2025-05-27T17:04:47","date_gmt":"2025-05-27T20:04:47","guid":{"rendered":"https:\/\/depositobotafogo.com.br\/?post_type=product&#038;p=1140"},"modified":"2025-05-27T17:04:48","modified_gmt":"2025-05-27T20:04:48","slug":"serra-marmore-profissional-1500w-titanium","status":"publish","type":"product","link":"https:\/\/depositobotafogo.com.br\/?product=serra-marmore-profissional-1500w-titanium","title":{"rendered":"Serra M\u00e1rmore Profissional 1500w &#8211; TITANIUM"},"content":{"rendered":"<p>SERRA MARMORE 4.3\/8&#8243; 1500W 127V TITANIUM<\/p>\n<p>A serra m\u00e1rmore possui cabo ergon\u00f4mico que facilita seu uso, alta potencia de 1500 Watts de pot\u00eancia, e 12.000 RPM. Sua regulagem de profundidade permite ajustes de corte com mais precis\u00e3o e proporcionando melhor acabamento. Seu interruptor funciona como dispositivo de seguran\u00e7a evitando movimentos involunt\u00e1rios e motor com dupla isola\u00e7\u00e3o, diminuindo riscos de acidentes ao usu\u00e1rio. Acompanha uma chave al\u00e9m e uma chave de boca.<\/p>\n<p>Seu uso \u00e9 ideal para constru\u00e7\u00f5es, pois corta m\u00e1rmore, granito, concreto, alvenaria, telha, tijolo, ard\u00f3sia, pedras em geral. madeira e muito mais utilizando os discos de cortes corretos.<br \/>\nN\u00e3o acompanha kit de refrigera\u00e7\u00e3o.<\/p>\n","protected":false},"excerpt":{"rendered":"<p>SERRA MARMORE 4.3\/8&#8243; 1500W 127V TITANIUM A serra m\u00e1rmore possui cabo ergon\u00f4mico que facilita seu uso, alta potencia de 1500&hellip;<\/p>\n","protected":false},"featured_media":1143,"template":"","meta":[],"product_brand":[],"product_cat":[15,73],"product_tag":[252,217,218,219,220,236,241,242,239,238,222,223,243,215,240,237,234,235,247,248,250,244,249,221,216,214,259,251,258,257,261,256,262,255,260,230,227,228,233,225,226,229,231,224,232,253,254,263,245,246],"class_list":{"0":"post-1140","1":"product","2":"type-product","3":"status-publish","4":"has-post-thumbnail","6":"product_cat-sem-categoria","7":"product_cat-ferramentas","8":"product_tag-comprar-serra-marmore-titanium","9":"product_tag-serra-marmore-127mm-titanium","10":"product_tag-serra-marmore-1350w-titanium","11":"product_tag-serra-marmore-1400w-titanium","12":"product_tag-serra-marmore-1500w-titanium","13":"product_tag-serra-marmore-alto-desempenho-titanium","14":"product_tag-serra-marmore-com-base-ajustavel-titanium","15":"product_tag-serra-marmore-com-seguranca-titanium","16":"product_tag-serra-marmore-compacta-titanium","17":"product_tag-serra-marmore-corte-limpo-titanium","18":"product_tag-serra-marmore-corte-preciso-titanium","19":"product_tag-serra-marmore-corte-reto-titanium","20":"product_tag-serra-marmore-duravel-titanium","21":"product_tag-serra-marmore-eletrica-titanium","22":"product_tag-serra-marmore-ergonomica-titanium","23":"product_tag-serra-marmore-facil-de-usar-titanium","24":"product_tag-serra-marmore-leve-e-potente-titanium","25":"product_tag-serra-marmore-motor-resistente-titanium","26":"product_tag-serra-marmore-para-marmorarias-titanium","27":"product_tag-serra-marmore-para-obras-titanium","28":"product_tag-serra-marmore-para-pequenos-reparos-titanium","29":"product_tag-serra-marmore-para-profissionais-titanium","30":"product_tag-serra-marmore-para-reformas-residenciais-titanium","31":"product_tag-serra-marmore-potente-titanium","32":"product_tag-serra-marmore-profissional-titanium","33":"product_tag-serra-marmore-titanium","34":"product_tag-serra-marmore-titanium-com-garantia","35":"product_tag-serra-marmore-titanium-construcao-civil","36":"product_tag-serra-marmore-titanium-em-estoque","37":"product_tag-serra-marmore-titanium-entrega-rapida","38":"product_tag-serra-marmore-titanium-envio-imediato","39":"product_tag-serra-marmore-titanium-loja-online","40":"product_tag-serra-marmore-titanium-melhor-preco","41":"product_tag-serra-marmore-titanium-oferta","42":"product_tag-serra-marmore-titanium-original","43":"product_tag-serra-marmore-titanium-para-azulejo","44":"product_tag-serra-marmore-titanium-para-ceramica","45":"product_tag-serra-marmore-titanium-para-concreto","46":"product_tag-serra-marmore-titanium-para-construcao","47":"product_tag-serra-marmore-titanium-para-granito","48":"product_tag-serra-marmore-titanium-para-marmore","49":"product_tag-serra-marmore-titanium-para-pedras","50":"product_tag-serra-marmore-titanium-para-pisos","51":"product_tag-serra-marmore-titanium-para-porcelanato","52":"product_tag-serra-marmore-titanium-para-reforma","53":"product_tag-serra-marmore-titanium-preco","54":"product_tag-serra-marmore-titanium-promocao","55":"product_tag-serra-marmore-titanium-qualidade-garantida","56":"product_tag-serra-marmore-uso-domestico-titanium","57":"product_tag-serra-marmore-uso-hobby-titanium","59":"first","60":"instock","61":"shipping-taxable","62":"product-type-simple"},"_links":{"self":[{"href":"https:\/\/depositobotafogo.com.br\/index.php?rest_route=\/wp\/v2\/product\/1140","targetHints":{"allow":["GET"]}}],"collection":[{"href":"https:\/\/depositobotafogo.com.br\/index.php?rest_route=\/wp\/v2\/product"}],"about":[{"href":"https:\/\/depositobotafogo.com.br\/index.php?rest_route=\/wp\/v2\/types\/product"}],"wp:featuredmedia":[{"embeddable":true,"href":"https:\/\/depositobotafogo.com.br\/index.php?rest_route=\/wp\/v2\/media\/1143"}],"wp:attachment":[{"href":"https:\/\/depositobotafogo.com.br\/index.php?rest_route=%2Fwp%2Fv2%2Fmedia&parent=1140"}],"wp:term":[{"taxonomy":"product_brand","embeddable":true,"href":"https:\/\/depositobotafogo.com.br\/index.php?rest_route=%2Fwp%2Fv2%2Fproduct_brand&post=1140"},{"taxonomy":"product_cat","embeddable":true,"href":"https:\/\/depositobotafogo.com.br\/index.php?rest_route=%2Fwp%2Fv2%2Fproduct_cat&post=1140"},{"taxonomy":"product_tag","embeddable":true,"href":"https:\/\/depositobotafogo.com.br\/index.php?rest_route=%2Fwp%2Fv2%2Fproduct_tag&post=1140"}],"curies":[{"name":"wp","href":"https:\/\/api.w.org\/{rel}","templated":true}]}}