{"id":1147,"date":"2025-05-28T13:19:45","date_gmt":"2025-05-28T16:19:45","guid":{"rendered":"https:\/\/depositobotafogo.com.br\/?post_type=product&#038;p=1147"},"modified":"2025-05-28T13:19:45","modified_gmt":"2025-05-28T16:19:45","slug":"pistola-de-pintura-profissional-arprex-mod-90","status":"publish","type":"product","link":"https:\/\/depositobotafogo.com.br\/?product=pistola-de-pintura-profissional-arprex-mod-90","title":{"rendered":"Pistola de Pintura Profissional Arprex Mod.90"},"content":{"rendered":"<p>A Pistola de Pintura Arprex Mod. 90 \u00e9 ideal para quem busca praticidade e qualidade na aplica\u00e7\u00e3o de tintas e vernizes. Com alta efici\u00eancia e f\u00e1cil manuseio, \u00e9 perfeita para diversos tipos de superf\u00edcies.<\/p>\n","protected":false},"excerpt":{"rendered":"<p>A Pistola de Pintura Arprex Mod. 90 \u00e9 ideal para quem busca praticidade e qualidade na aplica\u00e7\u00e3o de tintas e&hellip;<\/p>\n","protected":false},"featured_media":1150,"template":"","meta":[],"product_brand":[],"product_cat":[15,73,34],"product_tag":[264,268,275,270,266,278,277,281,282,279,276,272,274,273,283,269,265,271,267,280],"class_list":{"0":"post-1147","1":"product","2":"type-product","3":"status-publish","4":"has-post-thumbnail","6":"product_cat-sem-categoria","7":"product_cat-ferramentas","8":"product_cat-pintura","9":"product_tag-taca-aluminio-600ml","10":"product_tag-taca-de-aluminio-1000ml","11":"product_tag-taca-de-aluminio-500ml","12":"product_tag-taca-de-aluminio-600ml-com-tampa","13":"product_tag-taca-de-aluminio-750ml","14":"product_tag-taca-de-aluminio-com-rosca-1000ml","15":"product_tag-taca-de-aluminio-com-rosca-600ml","16":"product_tag-taca-de-aluminio-com-valvula-1000ml","17":"product_tag-taca-de-aluminio-industrial-1200ml","18":"product_tag-taca-de-aluminio-profissional-850ml","19":"product_tag-taca-de-plastico-500ml","20":"product_tag-taca-metalica-850ml","21":"product_tag-taca-nylon-1000ml","22":"product_tag-taca-nylon-600ml","23":"product_tag-taca-nylon-850ml","24":"product_tag-taca-plastica-1000ml","25":"product_tag-taca-plastica-600ml","26":"product_tag-taca-plastica-600ml-com-tampa","27":"product_tag-taca-plastica-750ml","28":"product_tag-taca-plastica-transparente-750ml","30":"first","31":"instock","32":"shipping-taxable","33":"product-type-simple"},"_links":{"self":[{"href":"https:\/\/depositobotafogo.com.br\/index.php?rest_route=\/wp\/v2\/product\/1147","targetHints":{"allow":["GET"]}}],"collection":[{"href":"https:\/\/depositobotafogo.com.br\/index.php?rest_route=\/wp\/v2\/product"}],"about":[{"href":"https:\/\/depositobotafogo.com.br\/index.php?rest_route=\/wp\/v2\/types\/product"}],"wp:featuredmedia":[{"embeddable":true,"href":"https:\/\/depositobotafogo.com.br\/index.php?rest_route=\/wp\/v2\/media\/1150"}],"wp:attachment":[{"href":"https:\/\/depositobotafogo.com.br\/index.php?rest_route=%2Fwp%2Fv2%2Fmedia&parent=1147"}],"wp:term":[{"taxonomy":"product_brand","embeddable":true,"href":"https:\/\/depositobotafogo.com.br\/index.php?rest_route=%2Fwp%2Fv2%2Fproduct_brand&post=1147"},{"taxonomy":"product_cat","embeddable":true,"href":"https:\/\/depositobotafogo.com.br\/index.php?rest_route=%2Fwp%2Fv2%2Fproduct_cat&post=1147"},{"taxonomy":"product_tag","embeddable":true,"href":"https:\/\/depositobotafogo.com.br\/index.php?rest_route=%2Fwp%2Fv2%2Fproduct_tag&post=1147"}],"curies":[{"name":"wp","href":"https:\/\/api.w.org\/{rel}","templated":true}]}}