{"id":1151,"date":"2025-05-28T13:44:58","date_gmt":"2025-05-28T16:44:58","guid":{"rendered":"https:\/\/depositobotafogo.com.br\/?post_type=product&#038;p=1151"},"modified":"2025-05-28T13:44:58","modified_gmt":"2025-05-28T16:44:58","slug":"moto-esmeril-6-pol-350w-razi","status":"publish","type":"product","link":"https:\/\/depositobotafogo.com.br\/?product=moto-esmeril-6-pol-350w-razi","title":{"rendered":"Moto Esmeril 6 Pol. 350W RAZI"},"content":{"rendered":"<p>O\u00a0<strong>Moto Esmeril Razi<\/strong>\u00a0possui baixo n\u00edvel de ru\u00eddo, base em ferro fundido e suporte de afia\u00e7\u00e3o ajust\u00e1vel.<br \/>\n<span class=\"s1\">\u00c9 equipado com bot\u00e3o de seguran\u00e7a junto com a chave liga\/desliga, proporcionado seguran\u00e7a ao operador.<br \/>\nProte\u00e7\u00e3o do Rebolo em A\u00e7o.<br \/>\n<\/span><span class=\"s1\">Prote\u00e7\u00e3o contra fagulhas.<br \/>\nTampas laterais em alum\u00ednio fundido.<br \/>\n<\/span><\/p>\n<p class=\"p1\">Cont\u00e9m 1 rebolo de afia\u00e7\u00e3o e 1 rebolo de desbaste.<\/p>\n","protected":false},"excerpt":{"rendered":"<p>O\u00a0Moto Esmeril Razi\u00a0possui baixo n\u00edvel de ru\u00eddo, base em ferro fundido e suporte de afia\u00e7\u00e3o ajust\u00e1vel. \u00c9 equipado com bot\u00e3o&hellip;<\/p>\n","protected":false},"featured_media":1152,"template":"","meta":[],"product_brand":[],"product_cat":[15,73],"product_tag":[291,287,294,293,303,297,298,300,286,289,302,296,295,290,285,284,301,299,292,288],"class_list":{"0":"post-1151","1":"product","2":"type-product","3":"status-publish","4":"has-post-thumbnail","6":"product_cat-sem-categoria","7":"product_cat-ferramentas","8":"product_tag-afiador-de-brocas","9":"product_tag-afiador-de-ferramentas","10":"product_tag-esmeril-127v","11":"product_tag-esmeril-220v","12":"product_tag-esmeril-com-motor-potente","13":"product_tag-esmeril-com-pedestal","14":"product_tag-esmeril-compacto","15":"product_tag-esmeril-de-alta-rotacao","16":"product_tag-esmeril-de-bancada","17":"product_tag-esmeril-eletrico","18":"product_tag-esmeril-para-bancada","19":"product_tag-esmeril-para-madeira","20":"product_tag-esmeril-para-metal","21":"product_tag-esmeril-para-oficina","22":"product_tag-esmerilhadeira-de-bancada","23":"product_tag-motoesmeril","24":"product_tag-motoesmeril-com-protecao","25":"product_tag-motoesmeril-duplo","26":"product_tag-motoesmeril-industrial","27":"product_tag-motoesmeril-profissional","29":"first","30":"instock","31":"shipping-taxable","32":"product-type-simple"},"_links":{"self":[{"href":"https:\/\/depositobotafogo.com.br\/index.php?rest_route=\/wp\/v2\/product\/1151","targetHints":{"allow":["GET"]}}],"collection":[{"href":"https:\/\/depositobotafogo.com.br\/index.php?rest_route=\/wp\/v2\/product"}],"about":[{"href":"https:\/\/depositobotafogo.com.br\/index.php?rest_route=\/wp\/v2\/types\/product"}],"wp:featuredmedia":[{"embeddable":true,"href":"https:\/\/depositobotafogo.com.br\/index.php?rest_route=\/wp\/v2\/media\/1152"}],"wp:attachment":[{"href":"https:\/\/depositobotafogo.com.br\/index.php?rest_route=%2Fwp%2Fv2%2Fmedia&parent=1151"}],"wp:term":[{"taxonomy":"product_brand","embeddable":true,"href":"https:\/\/depositobotafogo.com.br\/index.php?rest_route=%2Fwp%2Fv2%2Fproduct_brand&post=1151"},{"taxonomy":"product_cat","embeddable":true,"href":"https:\/\/depositobotafogo.com.br\/index.php?rest_route=%2Fwp%2Fv2%2Fproduct_cat&post=1151"},{"taxonomy":"product_tag","embeddable":true,"href":"https:\/\/depositobotafogo.com.br\/index.php?rest_route=%2Fwp%2Fv2%2Fproduct_tag&post=1151"}],"curies":[{"name":"wp","href":"https:\/\/api.w.org\/{rel}","templated":true}]}}