{"id":1210,"date":"2025-05-28T16:29:10","date_gmt":"2025-05-28T19:29:10","guid":{"rendered":"https:\/\/depositobotafogo.com.br\/?post_type=product&#038;p=1210"},"modified":"2025-05-28T16:29:10","modified_gmt":"2025-05-28T19:29:10","slug":"soprador-termico-1500w-razi","status":"publish","type":"product","link":"https:\/\/depositobotafogo.com.br\/?product=soprador-termico-1500w-razi","title":{"rendered":"Soprador T\u00e9rmico 1500w Razi"},"content":{"rendered":"<p>Soprador t\u00e9rmico articulado \u00e9 ideal para solu\u00e7\u00e3o em aplica\u00e7\u00f5es que utilizam ar quente. Indicado para trabalhos como colagem de pl\u00e1sticos, aquecimento de materiais, remo\u00e7\u00e3o de pinturas, soldagens, descongelamento de tubula\u00e7\u00f5es com \u00e1gua congelada, aplica\u00e7\u00e3o de termo lacres, envelopamento de ve\u00edculos e aplica\u00e7\u00f5es em geral. Possui empunhadeira articulada.<\/p>\n","protected":false},"excerpt":{"rendered":"<p>Soprador t\u00e9rmico articulado \u00e9 ideal para solu\u00e7\u00e3o em aplica\u00e7\u00f5es que utilizam ar quente. Indicado para trabalhos como colagem de pl\u00e1sticos,&hellip;<\/p>\n","protected":false},"featured_media":1212,"template":"","meta":[],"product_brand":[],"product_cat":[15,73],"product_tag":[],"class_list":{"0":"post-1210","1":"product","2":"type-product","3":"status-publish","4":"has-post-thumbnail","6":"product_cat-sem-categoria","7":"product_cat-ferramentas","9":"first","10":"instock","11":"shipping-taxable","12":"product-type-simple"},"_links":{"self":[{"href":"https:\/\/depositobotafogo.com.br\/index.php?rest_route=\/wp\/v2\/product\/1210","targetHints":{"allow":["GET"]}}],"collection":[{"href":"https:\/\/depositobotafogo.com.br\/index.php?rest_route=\/wp\/v2\/product"}],"about":[{"href":"https:\/\/depositobotafogo.com.br\/index.php?rest_route=\/wp\/v2\/types\/product"}],"wp:featuredmedia":[{"embeddable":true,"href":"https:\/\/depositobotafogo.com.br\/index.php?rest_route=\/wp\/v2\/media\/1212"}],"wp:attachment":[{"href":"https:\/\/depositobotafogo.com.br\/index.php?rest_route=%2Fwp%2Fv2%2Fmedia&parent=1210"}],"wp:term":[{"taxonomy":"product_brand","embeddable":true,"href":"https:\/\/depositobotafogo.com.br\/index.php?rest_route=%2Fwp%2Fv2%2Fproduct_brand&post=1210"},{"taxonomy":"product_cat","embeddable":true,"href":"https:\/\/depositobotafogo.com.br\/index.php?rest_route=%2Fwp%2Fv2%2Fproduct_cat&post=1210"},{"taxonomy":"product_tag","embeddable":true,"href":"https:\/\/depositobotafogo.com.br\/index.php?rest_route=%2Fwp%2Fv2%2Fproduct_tag&post=1210"}],"curies":[{"name":"wp","href":"https:\/\/api.w.org\/{rel}","templated":true}]}}