{"id":122,"date":"2024-02-26T15:29:45","date_gmt":"2024-02-26T18:29:45","guid":{"rendered":"https:\/\/depositobotafogo.com.br\/?product=prolongador-caixa-de-passag-pluvial-mallton"},"modified":"2024-02-26T15:57:40","modified_gmt":"2024-02-26T18:57:40","slug":"prolongador-caixa-de-passag-pluvial-mallton","status":"publish","type":"product","link":"https:\/\/depositobotafogo.com.br\/?product=prolongador-caixa-de-passag-pluvial-mallton","title":{"rendered":"PROLONGADOR CAIXA DE PASSAG\/PLUVIAL MALLTON"},"content":{"rendered":"<p>TEM A FINALIDADE DE AUMENTAR A ALTURA DA CAIXA DE PASSAGEM, PLUVIAL MALLTON<br \/>\nEM CASO ONDE A CAIXA DE GORDURA FICA ABAIXO DO N\u00cdVEL DO PISO.<\/p>\n<p>COM A ALTURA DE 20 CM PODENDO SER ACOPLADO VARIAS PECAS ATE A ALTURA DESEJADA.<br \/>\nCOM A OP\u00c7\u00c3O DE REGULAGEM COM CORTES SE NECESS\u00c1RIO.<\/p>\n<p>SERVE SOMENTE PARA AS CAIXAS MALLTON<br \/>\nFEITA EM POLIPROPILENO (PP) &#8211; COR PRETA<br \/>\nMEDIDAS 35,5 X 29 X 20 CM<br \/>\nRESISTENTE DE F\u00c1CIL INSTALA\u00c7\u00c3O E MANUSEIO.<\/p>\n","protected":false},"excerpt":{"rendered":"<p>TEM A FINALIDADE DE AUMENTAR A ALTURA DA CAIXA DE PASSAGEM, PLUVIAL MALLTON EM CASO ONDE A CAIXA DE GORDURA&hellip;<\/p>\n","protected":false},"featured_media":121,"template":"","meta":[],"product_brand":[],"product_cat":[20],"product_tag":[],"class_list":{"0":"post-122","1":"product","2":"type-product","3":"status-publish","4":"has-post-thumbnail","6":"product_cat-hidraulica","8":"first","9":"instock","10":"shipping-taxable","11":"product-type-simple"},"_links":{"self":[{"href":"https:\/\/depositobotafogo.com.br\/index.php?rest_route=\/wp\/v2\/product\/122","targetHints":{"allow":["GET"]}}],"collection":[{"href":"https:\/\/depositobotafogo.com.br\/index.php?rest_route=\/wp\/v2\/product"}],"about":[{"href":"https:\/\/depositobotafogo.com.br\/index.php?rest_route=\/wp\/v2\/types\/product"}],"wp:featuredmedia":[{"embeddable":true,"href":"https:\/\/depositobotafogo.com.br\/index.php?rest_route=\/wp\/v2\/media\/121"}],"wp:attachment":[{"href":"https:\/\/depositobotafogo.com.br\/index.php?rest_route=%2Fwp%2Fv2%2Fmedia&parent=122"}],"wp:term":[{"taxonomy":"product_brand","embeddable":true,"href":"https:\/\/depositobotafogo.com.br\/index.php?rest_route=%2Fwp%2Fv2%2Fproduct_brand&post=122"},{"taxonomy":"product_cat","embeddable":true,"href":"https:\/\/depositobotafogo.com.br\/index.php?rest_route=%2Fwp%2Fv2%2Fproduct_cat&post=122"},{"taxonomy":"product_tag","embeddable":true,"href":"https:\/\/depositobotafogo.com.br\/index.php?rest_route=%2Fwp%2Fv2%2Fproduct_tag&post=122"}],"curies":[{"name":"wp","href":"https:\/\/api.w.org\/{rel}","templated":true}]}}