{"id":1220,"date":"2025-05-29T13:45:01","date_gmt":"2025-05-29T16:45:01","guid":{"rendered":"https:\/\/depositobotafogo.com.br\/?post_type=product&#038;p=1220"},"modified":"2025-05-29T13:45:01","modified_gmt":"2025-05-29T16:45:01","slug":"esmerilhadeira-angular-4-1-2-600w-127v-razi","status":"publish","type":"product","link":"https:\/\/depositobotafogo.com.br\/?product=esmerilhadeira-angular-4-1-2-600w-127v-razi","title":{"rendered":"Esmerilhadeira Angular 4 1\/2 600w 127v  Razi"},"content":{"rendered":"<p>A Esmerilhadeira Angular 4.1\/2 115mm 600w Razi \u00e9 a ferramenta perfeita para realizar trabalhos de corte e desbaste com precis\u00e3o. Com uma pot\u00eancia de 600W, ela oferece um desempenho potente e eficiente. Seu di\u00e2metro de disco de 114.3mm permite realizar cortes precisos em diferentes materiais. Acompanha uma empunhadeira para maior conforto durante o uso. A marca Razi garante qualidade e durabilidade. Se voc\u00ea busca uma esmerilhadeira angular confi\u00e1vel e de alta performance, essa \u00e9 a escolha certa.<\/p>\n","protected":false},"excerpt":{"rendered":"<p>A Esmerilhadeira Angular 4.1\/2 115mm 600w Razi \u00e9 a ferramenta perfeita para realizar trabalhos de corte e desbaste com precis\u00e3o.&hellip;<\/p>\n","protected":false},"featured_media":1223,"template":"","meta":[],"product_brand":[],"product_cat":[15,73],"product_tag":[],"class_list":{"0":"post-1220","1":"product","2":"type-product","3":"status-publish","4":"has-post-thumbnail","6":"product_cat-sem-categoria","7":"product_cat-ferramentas","9":"first","10":"instock","11":"shipping-taxable","12":"product-type-simple"},"_links":{"self":[{"href":"https:\/\/depositobotafogo.com.br\/index.php?rest_route=\/wp\/v2\/product\/1220","targetHints":{"allow":["GET"]}}],"collection":[{"href":"https:\/\/depositobotafogo.com.br\/index.php?rest_route=\/wp\/v2\/product"}],"about":[{"href":"https:\/\/depositobotafogo.com.br\/index.php?rest_route=\/wp\/v2\/types\/product"}],"wp:featuredmedia":[{"embeddable":true,"href":"https:\/\/depositobotafogo.com.br\/index.php?rest_route=\/wp\/v2\/media\/1223"}],"wp:attachment":[{"href":"https:\/\/depositobotafogo.com.br\/index.php?rest_route=%2Fwp%2Fv2%2Fmedia&parent=1220"}],"wp:term":[{"taxonomy":"product_brand","embeddable":true,"href":"https:\/\/depositobotafogo.com.br\/index.php?rest_route=%2Fwp%2Fv2%2Fproduct_brand&post=1220"},{"taxonomy":"product_cat","embeddable":true,"href":"https:\/\/depositobotafogo.com.br\/index.php?rest_route=%2Fwp%2Fv2%2Fproduct_cat&post=1220"},{"taxonomy":"product_tag","embeddable":true,"href":"https:\/\/depositobotafogo.com.br\/index.php?rest_route=%2Fwp%2Fv2%2Fproduct_tag&post=1220"}],"curies":[{"name":"wp","href":"https:\/\/api.w.org\/{rel}","templated":true}]}}