{"id":1236,"date":"2025-05-29T14:11:21","date_gmt":"2025-05-29T17:11:21","guid":{"rendered":"https:\/\/depositobotafogo.com.br\/?post_type=product&#038;p=1236"},"modified":"2025-05-29T14:11:21","modified_gmt":"2025-05-29T17:11:21","slug":"maquina-inversora-solda-arc150-digital-razi-220v","status":"publish","type":"product","link":"https:\/\/depositobotafogo.com.br\/?product=maquina-inversora-solda-arc150-digital-razi-220v","title":{"rendered":"M\u00e1quina Inversora Solda Arc150 Digital Razi 220V"},"content":{"rendered":"<p>O Inversora de Solda Razi \u00e9 ideal para uso dom\u00e9stico e profissional. Sua qualidade fornece uma fus\u00e3o precisa, para que voc\u00ea possa soldar v\u00e1rios materiais, aplicando calor e proporcionando maior resist\u00eancia.<\/p>\n","protected":false},"excerpt":{"rendered":"<p>O Inversora de Solda Razi \u00e9 ideal para uso dom\u00e9stico e profissional. Sua qualidade fornece uma fus\u00e3o precisa, para que&hellip;<\/p>\n","protected":false},"featured_media":1237,"template":"","meta":[],"product_brand":[],"product_cat":[15,73],"product_tag":[],"class_list":{"0":"post-1236","1":"product","2":"type-product","3":"status-publish","4":"has-post-thumbnail","6":"product_cat-sem-categoria","7":"product_cat-ferramentas","9":"first","10":"instock","11":"shipping-taxable","12":"product-type-simple"},"_links":{"self":[{"href":"https:\/\/depositobotafogo.com.br\/index.php?rest_route=\/wp\/v2\/product\/1236","targetHints":{"allow":["GET"]}}],"collection":[{"href":"https:\/\/depositobotafogo.com.br\/index.php?rest_route=\/wp\/v2\/product"}],"about":[{"href":"https:\/\/depositobotafogo.com.br\/index.php?rest_route=\/wp\/v2\/types\/product"}],"wp:featuredmedia":[{"embeddable":true,"href":"https:\/\/depositobotafogo.com.br\/index.php?rest_route=\/wp\/v2\/media\/1237"}],"wp:attachment":[{"href":"https:\/\/depositobotafogo.com.br\/index.php?rest_route=%2Fwp%2Fv2%2Fmedia&parent=1236"}],"wp:term":[{"taxonomy":"product_brand","embeddable":true,"href":"https:\/\/depositobotafogo.com.br\/index.php?rest_route=%2Fwp%2Fv2%2Fproduct_brand&post=1236"},{"taxonomy":"product_cat","embeddable":true,"href":"https:\/\/depositobotafogo.com.br\/index.php?rest_route=%2Fwp%2Fv2%2Fproduct_cat&post=1236"},{"taxonomy":"product_tag","embeddable":true,"href":"https:\/\/depositobotafogo.com.br\/index.php?rest_route=%2Fwp%2Fv2%2Fproduct_tag&post=1236"}],"curies":[{"name":"wp","href":"https:\/\/api.w.org\/{rel}","templated":true}]}}