{"id":1251,"date":"2025-05-29T15:32:18","date_gmt":"2025-05-29T18:32:18","guid":{"rendered":"https:\/\/depositobotafogo.com.br\/?post_type=product&#038;p=1251"},"modified":"2025-05-29T15:32:19","modified_gmt":"2025-05-29T18:32:19","slug":"serra-tico-profissional-127v-450w-sj45-stanley","status":"publish","type":"product","link":"https:\/\/depositobotafogo.com.br\/?product=serra-tico-profissional-127v-450w-sj45-stanley","title":{"rendered":"Serra Tico Profissional 127v 450w Sj45 Stanley"},"content":{"rendered":"<p>&nbsp;<\/p>\n<h1 class=\"coh-heading title coh-style-h3---default\">Serra Tico Tico\u00a0\u00a0Vel Vari\u00e1vel 450W<\/h1>\n<p>&nbsp;<\/p>\n<ul class=\"feature-ul\">\n<li class=\"feature-list-li\">Sopro de ar para melhor visualiza\u00e7\u00e3o no corte<\/li>\n<li class=\"feature-list-li\">Empunhadura ergon\u00f4mica para melhor aplica\u00e7\u00e3o<\/li>\n<li class=\"feature-list-li\">Gatilho de dois dedos com trava para uso cont\u00ednuo<\/li>\n<\/ul>\n<ul class=\"additional-feature-ul\">\n<li class=\"additional-feature-list-li\">Guia da l\u00e2mina, para maior controle no corte<\/li>\n<\/ul>\n<ul>\n<li>2 anos de garantia pelo fabricante<\/li>\n<\/ul>\n","protected":false},"excerpt":{"rendered":"<p>&nbsp; Serra Tico Tico\u00a0\u00a0Vel Vari\u00e1vel 450W &nbsp; Sopro de ar para melhor visualiza\u00e7\u00e3o no corte Empunhadura ergon\u00f4mica para melhor aplica\u00e7\u00e3o&hellip;<\/p>\n","protected":false},"featured_media":1252,"template":"","meta":[],"product_brand":[],"product_cat":[15,73],"product_tag":[],"class_list":{"0":"post-1251","1":"product","2":"type-product","3":"status-publish","4":"has-post-thumbnail","6":"product_cat-sem-categoria","7":"product_cat-ferramentas","9":"first","10":"instock","11":"shipping-taxable","12":"product-type-simple"},"_links":{"self":[{"href":"https:\/\/depositobotafogo.com.br\/index.php?rest_route=\/wp\/v2\/product\/1251","targetHints":{"allow":["GET"]}}],"collection":[{"href":"https:\/\/depositobotafogo.com.br\/index.php?rest_route=\/wp\/v2\/product"}],"about":[{"href":"https:\/\/depositobotafogo.com.br\/index.php?rest_route=\/wp\/v2\/types\/product"}],"wp:featuredmedia":[{"embeddable":true,"href":"https:\/\/depositobotafogo.com.br\/index.php?rest_route=\/wp\/v2\/media\/1252"}],"wp:attachment":[{"href":"https:\/\/depositobotafogo.com.br\/index.php?rest_route=%2Fwp%2Fv2%2Fmedia&parent=1251"}],"wp:term":[{"taxonomy":"product_brand","embeddable":true,"href":"https:\/\/depositobotafogo.com.br\/index.php?rest_route=%2Fwp%2Fv2%2Fproduct_brand&post=1251"},{"taxonomy":"product_cat","embeddable":true,"href":"https:\/\/depositobotafogo.com.br\/index.php?rest_route=%2Fwp%2Fv2%2Fproduct_cat&post=1251"},{"taxonomy":"product_tag","embeddable":true,"href":"https:\/\/depositobotafogo.com.br\/index.php?rest_route=%2Fwp%2Fv2%2Fproduct_tag&post=1251"}],"curies":[{"name":"wp","href":"https:\/\/api.w.org\/{rel}","templated":true}]}}