{"id":1260,"date":"2025-05-29T15:40:36","date_gmt":"2025-05-29T18:40:36","guid":{"rendered":"https:\/\/depositobotafogo.com.br\/?post_type=product&#038;p=1260"},"modified":"2025-05-29T15:40:36","modified_gmt":"2025-05-29T18:40:36","slug":"esmerilhadeira-angular-4-1-2-800w-dewalt","status":"publish","type":"product","link":"https:\/\/depositobotafogo.com.br\/?product=esmerilhadeira-angular-4-1-2-800w-dewalt","title":{"rendered":"Esmerilhadeira Angular 4-1\/2&#8243; 800W &#8211; DeWALT"},"content":{"rendered":"<p>Esmerilhadeira Angular de 4-1\/2&#8243; , eixo M-14, com constru\u00e7\u00e3o robusta para as mais extremas aplica\u00e7\u00f5es. Leve, potente e confi\u00e1vel para trabalhos cont\u00ednuos. Motor apoiado em rolamentos de esferas e engrenagens helicoidais. Interruptor com gatilho lateral deslizante. Caixa de engrenagem refor\u00e7ada em alum\u00ednio com encaixes para a empunhadura lateral (2 posi\u00e7\u00f5es). 800W de pot\u00eancia e rota\u00e7\u00e3o de 12.000 RPM.<\/p>\n<ul>\n<li>Garantia Limitada de 3 Anos, Servi\u00e7o Gratuito de 1 Ano, 90 Dias de Satisfa\u00e7\u00e3o Garantida (SERVI\u00c7OS OFERECIDOS PELO FABRICANTE)<\/li>\n<\/ul>\n","protected":false},"excerpt":{"rendered":"<p>Esmerilhadeira Angular de 4-1\/2&#8243; , eixo M-14, com constru\u00e7\u00e3o robusta para as mais extremas aplica\u00e7\u00f5es. Leve, potente e confi\u00e1vel para&hellip;<\/p>\n","protected":false},"featured_media":1261,"template":"","meta":[],"product_brand":[],"product_cat":[15,73],"product_tag":[],"class_list":{"0":"post-1260","1":"product","2":"type-product","3":"status-publish","4":"has-post-thumbnail","6":"product_cat-sem-categoria","7":"product_cat-ferramentas","9":"first","10":"instock","11":"shipping-taxable","12":"product-type-simple"},"_links":{"self":[{"href":"https:\/\/depositobotafogo.com.br\/index.php?rest_route=\/wp\/v2\/product\/1260","targetHints":{"allow":["GET"]}}],"collection":[{"href":"https:\/\/depositobotafogo.com.br\/index.php?rest_route=\/wp\/v2\/product"}],"about":[{"href":"https:\/\/depositobotafogo.com.br\/index.php?rest_route=\/wp\/v2\/types\/product"}],"wp:featuredmedia":[{"embeddable":true,"href":"https:\/\/depositobotafogo.com.br\/index.php?rest_route=\/wp\/v2\/media\/1261"}],"wp:attachment":[{"href":"https:\/\/depositobotafogo.com.br\/index.php?rest_route=%2Fwp%2Fv2%2Fmedia&parent=1260"}],"wp:term":[{"taxonomy":"product_brand","embeddable":true,"href":"https:\/\/depositobotafogo.com.br\/index.php?rest_route=%2Fwp%2Fv2%2Fproduct_brand&post=1260"},{"taxonomy":"product_cat","embeddable":true,"href":"https:\/\/depositobotafogo.com.br\/index.php?rest_route=%2Fwp%2Fv2%2Fproduct_cat&post=1260"},{"taxonomy":"product_tag","embeddable":true,"href":"https:\/\/depositobotafogo.com.br\/index.php?rest_route=%2Fwp%2Fv2%2Fproduct_tag&post=1260"}],"curies":[{"name":"wp","href":"https:\/\/api.w.org\/{rel}","templated":true}]}}