{"id":1279,"date":"2025-05-29T16:28:13","date_gmt":"2025-05-29T19:28:13","guid":{"rendered":"https:\/\/depositobotafogo.com.br\/?post_type=product&#038;p=1279"},"modified":"2025-05-29T16:28:13","modified_gmt":"2025-05-29T19:28:13","slug":"esmerilhadeira-black-decker-modelo-g720-820w","status":"publish","type":"product","link":"https:\/\/depositobotafogo.com.br\/?product=esmerilhadeira-black-decker-modelo-g720-820w","title":{"rendered":"Esmerilhadeira Black Decker Modelo G720 820W"},"content":{"rendered":"<p>A esmerilhadeira 4 1\/2&#8243;&#8221; Black Decker \u00e9 a ferramenta perfeita para todos os seus projetos de constru\u00e7\u00e3o e reparo. Com sua pot\u00eancia de 820W e rota\u00e7\u00f5es por minuto de 11.000 RPM, voc\u00ea ter\u00e1 o desempenho necess\u00e1rio para cortar, desbastar e lixar com facilidade. Ela possui uma trava do eixo que permite a troca r\u00e1pida e f\u00e1cil dos acess\u00f3rios, garantindo agilidade no seu trabalho. Sua caixa de engrenagem met\u00e1lica proporciona maior durabilidade e resist\u00eancia, garantindo que a ferramenta dure por muito tempo. A empunhadura lateral de 3 posi\u00e7\u00f5es oferece conforto e controle durante o uso, permitindo que voc\u00ea trabalhe em diferentes \u00e2ngulos com facilidade. Sua guarda de prote\u00e7\u00e3o sem chave garante seguran\u00e7a durante o manuseio. Com um gatilho deslizante, voc\u00ea ter\u00e1 controle total sobre a velocidade da esmerilhadeira, adaptando-a de acordo com a necessidade do seu projeto. Al\u00e9m disso, ela acompanha uma chave de aperto e 1 disco para desbaste, garantindo que voc\u00ea tenha tudo o que precisa para come\u00e7ar a trabalhar.<\/p>\n","protected":false},"excerpt":{"rendered":"<p>A esmerilhadeira 4 1\/2&#8243;&#8221; Black Decker \u00e9 a ferramenta perfeita para todos os seus projetos de constru\u00e7\u00e3o e reparo. Com&hellip;<\/p>\n","protected":false},"featured_media":1283,"template":"","meta":[],"product_brand":[],"product_cat":[15,73],"product_tag":[],"class_list":{"0":"post-1279","1":"product","2":"type-product","3":"status-publish","4":"has-post-thumbnail","6":"product_cat-sem-categoria","7":"product_cat-ferramentas","9":"first","10":"instock","11":"shipping-taxable","12":"product-type-simple"},"_links":{"self":[{"href":"https:\/\/depositobotafogo.com.br\/index.php?rest_route=\/wp\/v2\/product\/1279","targetHints":{"allow":["GET"]}}],"collection":[{"href":"https:\/\/depositobotafogo.com.br\/index.php?rest_route=\/wp\/v2\/product"}],"about":[{"href":"https:\/\/depositobotafogo.com.br\/index.php?rest_route=\/wp\/v2\/types\/product"}],"wp:featuredmedia":[{"embeddable":true,"href":"https:\/\/depositobotafogo.com.br\/index.php?rest_route=\/wp\/v2\/media\/1283"}],"wp:attachment":[{"href":"https:\/\/depositobotafogo.com.br\/index.php?rest_route=%2Fwp%2Fv2%2Fmedia&parent=1279"}],"wp:term":[{"taxonomy":"product_brand","embeddable":true,"href":"https:\/\/depositobotafogo.com.br\/index.php?rest_route=%2Fwp%2Fv2%2Fproduct_brand&post=1279"},{"taxonomy":"product_cat","embeddable":true,"href":"https:\/\/depositobotafogo.com.br\/index.php?rest_route=%2Fwp%2Fv2%2Fproduct_cat&post=1279"},{"taxonomy":"product_tag","embeddable":true,"href":"https:\/\/depositobotafogo.com.br\/index.php?rest_route=%2Fwp%2Fv2%2Fproduct_tag&post=1279"}],"curies":[{"name":"wp","href":"https:\/\/api.w.org\/{rel}","templated":true}]}}