{"id":1307,"date":"2025-07-24T10:39:58","date_gmt":"2025-07-24T13:39:58","guid":{"rendered":"https:\/\/depositobotafogo.com.br\/?post_type=product&#038;p=1307"},"modified":"2025-08-25T14:04:07","modified_gmt":"2025-08-25T17:04:07","slug":"revestimento-almeida-rt-32a13","status":"publish","type":"product","link":"https:\/\/depositobotafogo.com.br\/?product=revestimento-almeida-rt-32a13","title":{"rendered":"REVESTIMENTO ALMEIDA RT 32A13"},"content":{"rendered":"<p><strong>LINHA:<\/strong><\/p>\n<p>Cl\u00e1ssicos<\/p>\n<p><strong>TIPO:<\/strong><\/p>\n<p>Cer\u00e2mica<\/p>\n<p><strong>ACABAMENTO:<\/strong><\/p>\n<p>Relevo Brilhante<\/p>\n<p><strong>DIMENS\u00d5ES:<\/strong><\/p>\n<p>32 x 62 cm<\/p>\n<div>\n<p>&nbsp;<\/p>\n<\/div>\n<p><strong>OUTRAS CARACTER\u00cdSTICAS:<\/strong><\/p>\n<p>Retificado<\/p>\n<p>Relevo<\/p>\n<p>100% resistente a mancha d&#8217;\u00e1gua<\/p>\n","protected":false},"excerpt":{"rendered":"<p>LINHA: Cl\u00e1ssicos TIPO: Cer\u00e2mica ACABAMENTO: Relevo Brilhante DIMENS\u00d5ES: 32 x 62 cm &nbsp; OUTRAS CARACTER\u00cdSTICAS: Retificado Relevo 100% resistente a&hellip;<\/p>\n","protected":false},"featured_media":1308,"template":"","meta":[],"product_brand":[],"product_cat":[35],"product_tag":[354,353],"class_list":{"0":"post-1307","1":"product","2":"type-product","3":"status-publish","4":"has-post-thumbnail","6":"product_cat-revestimentos-pisos-e-porcelanatos","7":"product_tag-revestimento-parede","8":"product_tag-revestimento-preto","10":"first","11":"instock","12":"shipping-taxable","13":"product-type-simple"},"_links":{"self":[{"href":"https:\/\/depositobotafogo.com.br\/index.php?rest_route=\/wp\/v2\/product\/1307","targetHints":{"allow":["GET"]}}],"collection":[{"href":"https:\/\/depositobotafogo.com.br\/index.php?rest_route=\/wp\/v2\/product"}],"about":[{"href":"https:\/\/depositobotafogo.com.br\/index.php?rest_route=\/wp\/v2\/types\/product"}],"wp:featuredmedia":[{"embeddable":true,"href":"https:\/\/depositobotafogo.com.br\/index.php?rest_route=\/wp\/v2\/media\/1308"}],"wp:attachment":[{"href":"https:\/\/depositobotafogo.com.br\/index.php?rest_route=%2Fwp%2Fv2%2Fmedia&parent=1307"}],"wp:term":[{"taxonomy":"product_brand","embeddable":true,"href":"https:\/\/depositobotafogo.com.br\/index.php?rest_route=%2Fwp%2Fv2%2Fproduct_brand&post=1307"},{"taxonomy":"product_cat","embeddable":true,"href":"https:\/\/depositobotafogo.com.br\/index.php?rest_route=%2Fwp%2Fv2%2Fproduct_cat&post=1307"},{"taxonomy":"product_tag","embeddable":true,"href":"https:\/\/depositobotafogo.com.br\/index.php?rest_route=%2Fwp%2Fv2%2Fproduct_tag&post=1307"}],"curies":[{"name":"wp","href":"https:\/\/api.w.org\/{rel}","templated":true}]}}