{"id":1393,"date":"2025-08-30T08:17:51","date_gmt":"2025-08-30T11:17:51","guid":{"rendered":"https:\/\/depositobotafogo.com.br\/?post_type=product&#038;p=1393"},"modified":"2025-08-30T08:17:51","modified_gmt":"2025-08-30T11:17:51","slug":"porta-de-aco-reforcado-branca-vitralfer","status":"publish","type":"product","link":"https:\/\/depositobotafogo.com.br\/?product=porta-de-aco-reforcado-branca-vitralfer","title":{"rendered":"PORTA DE A\u00c7O REFOR\u00c7ADO BRANCA &#8211; VITRALFER"},"content":{"rendered":"<p>PORTA DE A\u00c7O REFOR\u00c7ADO BRANCA &#8211; VITRALFER<\/p>\n","protected":false},"excerpt":{"rendered":"<p>PORTA DE A\u00c7O REFOR\u00c7ADO BRANCA &#8211; VITRALFER<\/p>\n","protected":false},"featured_media":1394,"template":"","meta":[],"product_brand":[],"product_cat":[15,367],"product_tag":[429,432,408,409,441,410,438,439,440,422,437,433,425,424,431,430,436,435,434,428],"class_list":{"0":"post-1393","1":"product","2":"type-product","3":"status-publish","4":"has-post-thumbnail","6":"product_cat-sem-categoria","7":"product_cat-portas-e-janelas","8":"product_tag-material-de-construcao","9":"product_tag-porta-com-vidro","10":"product_tag-porta-de-aluminio","11":"product_tag-porta-de-aluminio-branca","12":"product_tag-porta-de-aluminio-de-alta-qualidade","13":"product_tag-porta-de-aluminio-de-correr","14":"product_tag-porta-de-aluminio-e-vidro","15":"product_tag-porta-de-aluminio-industrial","16":"product_tag-porta-de-aluminio-para-casa","17":"product_tag-porta-de-aluminio-para-cozinha","18":"product_tag-porta-de-aluminio-para-varanda","19":"product_tag-porta-de-aluminio-personalizada","20":"product_tag-porta-de-aluminio-preco","21":"product_tag-porta-de-aluminio-sob-medida","22":"product_tag-porta-de-seguranca","23":"product_tag-porta-externa","24":"product_tag-porta-para-area-externa","25":"product_tag-portas-de-alta-resistencia","26":"product_tag-portas-modernas","27":"product_tag-portas-para-construcao","29":"first","30":"instock","31":"shipping-taxable","32":"product-type-simple"},"_links":{"self":[{"href":"https:\/\/depositobotafogo.com.br\/index.php?rest_route=\/wp\/v2\/product\/1393","targetHints":{"allow":["GET"]}}],"collection":[{"href":"https:\/\/depositobotafogo.com.br\/index.php?rest_route=\/wp\/v2\/product"}],"about":[{"href":"https:\/\/depositobotafogo.com.br\/index.php?rest_route=\/wp\/v2\/types\/product"}],"wp:featuredmedia":[{"embeddable":true,"href":"https:\/\/depositobotafogo.com.br\/index.php?rest_route=\/wp\/v2\/media\/1394"}],"wp:attachment":[{"href":"https:\/\/depositobotafogo.com.br\/index.php?rest_route=%2Fwp%2Fv2%2Fmedia&parent=1393"}],"wp:term":[{"taxonomy":"product_brand","embeddable":true,"href":"https:\/\/depositobotafogo.com.br\/index.php?rest_route=%2Fwp%2Fv2%2Fproduct_brand&post=1393"},{"taxonomy":"product_cat","embeddable":true,"href":"https:\/\/depositobotafogo.com.br\/index.php?rest_route=%2Fwp%2Fv2%2Fproduct_cat&post=1393"},{"taxonomy":"product_tag","embeddable":true,"href":"https:\/\/depositobotafogo.com.br\/index.php?rest_route=%2Fwp%2Fv2%2Fproduct_tag&post=1393"}],"curies":[{"name":"wp","href":"https:\/\/api.w.org\/{rel}","templated":true}]}}