{"id":1402,"date":"2025-09-17T14:55:56","date_gmt":"2025-09-17T17:55:56","guid":{"rendered":"https:\/\/depositobotafogo.com.br\/?post_type=product&#038;p=1402"},"modified":"2025-09-17T14:55:56","modified_gmt":"2025-09-17T17:55:56","slug":"porcelanato-travertino-romano-polido-ref-176029-dora","status":"publish","type":"product","link":"https:\/\/depositobotafogo.com.br\/?product=porcelanato-travertino-romano-polido-ref-176029-dora","title":{"rendered":"PORCELANATO TRAVERTINO ROMANO POLIDO Ref: 176029 &#8211; DORA"},"content":{"rendered":"<ul class=\"list-style-8 margin-twelve-left\">\n<li class=\"text-uppercase text-extra-dark-gray\"><span class=\"d-block text-extra-small text-medium-gray\">SUPERF\u00cdCIE: <\/span>POLIDO<\/li>\n<li class=\"text-uppercase text-extra-dark-gray\"><span class=\"d-block text-extra-small text-medium-gray\">APLICA\u00c7\u00c3O: <\/span>PISO + REVESTIMENTO<\/li>\n<li class=\"text-uppercase text-extra-dark-gray\"><span class=\"d-block text-extra-small text-medium-gray\">TAMANHO: <\/span>75X75<\/li>\n<li class=\"text-uppercase text-extra-dark-gray\"><span class=\"d-block text-extra-small text-medium-gray\">JUNTA DE ASSENTAMENTO: <\/span>2MM<\/li>\n<li class=\"text-uppercase text-extra-dark-gray\"><span class=\"d-block text-extra-small text-medium-gray\">LOCAL DE USO: <\/span>LB<\/li>\n<li class=\"text-uppercase text-extra-dark-gray\"><span class=\"d-block text-extra-small text-medium-gray\">ESTILO: <\/span>CIMENTO<\/li>\n<li class=\"text-uppercase text-extra-dark-gray\"><span class=\"d-block text-extra-small text-medium-gray\">FACES: <\/span>6<\/li>\n<li class=\"text-uppercase text-extra-dark-gray\"><span class=\"d-block text-extra-small text-medium-gray\">RELEVO: <\/span>N\u00c3O<\/li>\n<li class=\"text-uppercase text-extra-dark-gray\"><span class=\"d-block text-extra-small text-medium-gray\">COLE\u00c7\u00c3O: <\/span>D|BETON<\/li>\n<li class=\"text-uppercase text-extra-dark-gray\"><span class=\"d-block text-extra-small text-medium-gray\">LINHA: <\/span>CHROMA<\/li>\n<li class=\"text-uppercase text-extra-dark-gray\"><span class=\"d-block text-extra-small text-medium-gray\">PISO: <\/span>PORCELANATO<\/li>\n<li class=\"text-uppercase text-extra-dark-gray\"><span class=\"d-block text-extra-small text-medium-gray\">SUPERF\u00cdCIE: <\/span>POLIDO<\/li>\n<li class=\"text-uppercase text-extra-dark-gray\"><span class=\"d-block text-extra-small text-medium-gray\">TAMANHO: <\/span>75X75<\/li>\n<li class=\"text-uppercase text-extra-dark-gray\"><span class=\"d-block text-extra-small text-medium-gray\">APLICA\u00c7\u00c3O: <\/span>PISO + REVESTIMENTO<\/li>\n<li class=\"text-uppercase text-extra-dark-gray\"><span class=\"d-block text-extra-small text-medium-gray\">JUNTA DE ASSENTAMENTO: <\/span>2MM<\/li>\n<li class=\"text-uppercase text-extra-dark-gray\"><span class=\"d-block text-extra-small text-medium-gray\">LOCAL DE USO: <\/span>LB<\/li>\n<li class=\"text-uppercase text-extra-dark-gray\"><span class=\"d-block text-extra-small text-medium-gray\">ESTILO: <\/span>M\u00c1RMORE<\/li>\n<li class=\"text-uppercase text-extra-dark-gray\"><span class=\"d-block text-extra-small text-medium-gray\">FACES: <\/span>6<\/li>\n<li class=\"text-uppercase text-extra-dark-gray\"><span class=\"d-block text-extra-small text-medium-gray\">RELEVO: <\/span>N\u00c3O<\/li>\n<li class=\"text-uppercase text-extra-dark-gray\"><span class=\"d-block text-extra-small text-medium-gray\">COLE\u00c7\u00c3O: <\/span>D|MARMI LAN\u00c7AMENTOS<\/li>\n<li class=\"text-uppercase text-extra-dark-gray\"><span class=\"d-block text-extra-small text-medium-gray\">LINHA: <\/span>TRAVERTINO<\/li>\n<li><\/li>\n<\/ul>\n","protected":false},"excerpt":{"rendered":"<p>SUPERF\u00cdCIE: POLIDO APLICA\u00c7\u00c3O: PISO + REVESTIMENTO TAMANHO: 75X75 JUNTA DE ASSENTAMENTO: 2MM LOCAL DE USO: LB ESTILO: CIMENTO FACES: 6&hellip;<\/p>\n","protected":false},"featured_media":1403,"template":"","meta":[],"product_brand":[],"product_cat":[15,35],"product_tag":[],"class_list":{"0":"post-1402","1":"product","2":"type-product","3":"status-publish","4":"has-post-thumbnail","6":"product_cat-sem-categoria","7":"product_cat-revestimentos-pisos-e-porcelanatos","9":"first","10":"instock","11":"shipping-taxable","12":"product-type-simple"},"_links":{"self":[{"href":"https:\/\/depositobotafogo.com.br\/index.php?rest_route=\/wp\/v2\/product\/1402","targetHints":{"allow":["GET"]}}],"collection":[{"href":"https:\/\/depositobotafogo.com.br\/index.php?rest_route=\/wp\/v2\/product"}],"about":[{"href":"https:\/\/depositobotafogo.com.br\/index.php?rest_route=\/wp\/v2\/types\/product"}],"wp:featuredmedia":[{"embeddable":true,"href":"https:\/\/depositobotafogo.com.br\/index.php?rest_route=\/wp\/v2\/media\/1403"}],"wp:attachment":[{"href":"https:\/\/depositobotafogo.com.br\/index.php?rest_route=%2Fwp%2Fv2%2Fmedia&parent=1402"}],"wp:term":[{"taxonomy":"product_brand","embeddable":true,"href":"https:\/\/depositobotafogo.com.br\/index.php?rest_route=%2Fwp%2Fv2%2Fproduct_brand&post=1402"},{"taxonomy":"product_cat","embeddable":true,"href":"https:\/\/depositobotafogo.com.br\/index.php?rest_route=%2Fwp%2Fv2%2Fproduct_cat&post=1402"},{"taxonomy":"product_tag","embeddable":true,"href":"https:\/\/depositobotafogo.com.br\/index.php?rest_route=%2Fwp%2Fv2%2Fproduct_tag&post=1402"}],"curies":[{"name":"wp","href":"https:\/\/api.w.org\/{rel}","templated":true}]}}