{"id":1408,"date":"2025-09-17T15:56:08","date_gmt":"2025-09-17T18:56:08","guid":{"rendered":"https:\/\/depositobotafogo.com.br\/?post_type=product&#038;p=1408"},"modified":"2025-09-17T15:56:08","modified_gmt":"2025-09-17T18:56:08","slug":"porcelanato-53002-urban-grigio-realce","status":"publish","type":"product","link":"https:\/\/depositobotafogo.com.br\/?product=porcelanato-53002-urban-grigio-realce","title":{"rendered":"Porcelanato 53002 Urban Grigio &#8211; REALCE"},"content":{"rendered":"<p>O Porcelanato 53002 Urban Grigio, da Realce Porcelanato, \u00e9 produzido com os processos mais inovadores do mercado. Assim, como acontece na natureza em m\u00e1rmores, madeiras, pedras, fibra natural, entre outros, alguns produtos apresentam faces diferentes, gerando uma harmonia perfeita no assentamento. O piso pode ser utilizado em ambientes como quartos, salas de estar, salas de jantar, cozinhas, banheiros, varandas, garagens e demais depend\u00eancias internas e externas e alguns ambientes comerciais. Ele proporciona aos ambientes em que est\u00e3o inseridos eleg\u00e2ncia, beleza al\u00e9m de um fino acabamento.<\/p>\n<div class=\"left\"><img decoding=\"async\" src=\"https:\/\/www.grupocristofoletti.com.br\/images\/assets\/ico_ref_porcelanato.png\" alt=\"Refer\u00eancia do produto\" width=\"53\" height=\"53\" \/>Refer\u00eancia53002 Urban Grigio<\/p>\n<\/div>\n<div class=\"right\"><img decoding=\"async\" src=\"https:\/\/www.grupocristofoletti.com.br\/images\/assets\/ico_ld_porcelanato.png\" alt=\"Indica\u00e7\u00e3o de uso LC - Alto Tr\u00e1fego\" width=\"53\" height=\"53\" \/>Indica\u00e7\u00e3o de usoAlto Tr\u00e1fego &#8211; Todos os ambientes excluso os de alt\u00edssimo tr\u00e1fego<\/p>\n<\/div>\n<div class=\"left\"><img decoding=\"async\" src=\"https:\/\/www.grupocristofoletti.com.br\/images\/assets\/ico_clean_porcelanato.png\" alt=\"Facilidade de limpeza\" width=\"53\" height=\"53\" \/>Facilidade de limpezaCom \u00e1gua, limpeza muito f\u00e1cil<\/p>\n<\/div>\n<div class=\"right\"><img loading=\"lazy\" decoding=\"async\" src=\"https:\/\/www.grupocristofoletti.com.br\/images\/assets\/ico_quimica_porcelanato.png\" alt=\"Resist\u00eancia qu\u00edmica\" width=\"53\" height=\"53\" \/>Resist\u00eancia qu\u00edmicaUtilizar produtos qu\u00edmicos recomendados pelo fabricante<\/p>\n<\/div>\n<div class=\"left\"><img loading=\"lazy\" decoding=\"async\" src=\"https:\/\/www.grupocristofoletti.com.br\/images\/assets\/ico_asset_porcelanato.png\" alt=\"Junta de assentamento\" width=\"53\" height=\"53\" \/>Junta de assentamento2 mm<\/p>\n<\/div>\n<div class=\"right\"><img loading=\"lazy\" decoding=\"async\" src=\"https:\/\/www.grupocristofoletti.com.br\/images\/assets\/ico_risco_porcelanato.png\" alt=\"Resist\u00eancia ao risco\" width=\"53\" height=\"53\" \/>Resist\u00eancia ao riscoM\u00e9dia resist\u00eancia<\/p>\n<\/div>\n<div class=\"left\"><img loading=\"lazy\" decoding=\"async\" src=\"https:\/\/www.grupocristofoletti.com.br\/images\/assets\/ico_textura_porcelanato.png\" alt=\"Textura do produto\" width=\"53\" height=\"53\" \/>TexturaAcetinado<\/p>\n<\/div>\n<div class=\"right\"><img loading=\"lazy\" decoding=\"async\" src=\"https:\/\/www.grupocristofoletti.com.br\/images\/assets\/ico_tonalidade_porcelanato.png\" alt=\"Varia\u00e7\u00e3o de tonalidade do produto\" width=\"53\" height=\"53\" \/>Varia\u00e7\u00e3o de tonalidadeUniforme<\/p>\n<\/div>\n","protected":false},"excerpt":{"rendered":"<p>O Porcelanato 53002 Urban Grigio, da Realce Porcelanato, \u00e9 produzido com os processos mais inovadores do mercado. Assim, como acontece&hellip;<\/p>\n","protected":false},"featured_media":1409,"template":"","meta":[],"product_brand":[],"product_cat":[15,35],"product_tag":[],"class_list":{"0":"post-1408","1":"product","2":"type-product","3":"status-publish","4":"has-post-thumbnail","6":"product_cat-sem-categoria","7":"product_cat-revestimentos-pisos-e-porcelanatos","9":"first","10":"instock","11":"shipping-taxable","12":"product-type-simple"},"_links":{"self":[{"href":"https:\/\/depositobotafogo.com.br\/index.php?rest_route=\/wp\/v2\/product\/1408","targetHints":{"allow":["GET"]}}],"collection":[{"href":"https:\/\/depositobotafogo.com.br\/index.php?rest_route=\/wp\/v2\/product"}],"about":[{"href":"https:\/\/depositobotafogo.com.br\/index.php?rest_route=\/wp\/v2\/types\/product"}],"wp:featuredmedia":[{"embeddable":true,"href":"https:\/\/depositobotafogo.com.br\/index.php?rest_route=\/wp\/v2\/media\/1409"}],"wp:attachment":[{"href":"https:\/\/depositobotafogo.com.br\/index.php?rest_route=%2Fwp%2Fv2%2Fmedia&parent=1408"}],"wp:term":[{"taxonomy":"product_brand","embeddable":true,"href":"https:\/\/depositobotafogo.com.br\/index.php?rest_route=%2Fwp%2Fv2%2Fproduct_brand&post=1408"},{"taxonomy":"product_cat","embeddable":true,"href":"https:\/\/depositobotafogo.com.br\/index.php?rest_route=%2Fwp%2Fv2%2Fproduct_cat&post=1408"},{"taxonomy":"product_tag","embeddable":true,"href":"https:\/\/depositobotafogo.com.br\/index.php?rest_route=%2Fwp%2Fv2%2Fproduct_tag&post=1408"}],"curies":[{"name":"wp","href":"https:\/\/api.w.org\/{rel}","templated":true}]}}