{"id":144,"date":"2024-02-26T15:30:05","date_gmt":"2024-02-26T18:30:05","guid":{"rendered":"https:\/\/depositobotafogo.com.br\/?product=chuveiro-loren-shower-eletronico"},"modified":"2025-04-28T14:32:38","modified_gmt":"2025-04-28T17:32:38","slug":"chuveiro-loren-shower-eletronico","status":"publish","type":"product","link":"https:\/\/depositobotafogo.com.br\/?product=chuveiro-loren-shower-eletronico","title":{"rendered":"Ducha Loren Shower Ultra Eletr\u00f4nico &#8211; Lorenzetti"},"content":{"rendered":"<div id=\"descriptionContainer\" class=\"selected-product__description-container card accordion mb-sm-5\">\n<div id=\"headingDescription\" class=\"card-header\" data-toggle=\"collapse\" data-target=\"#collapseDescription\" aria-expanded=\"true\" aria-controls=\"collapseDescription\">\n<h3 class=\"mb-0\">Descri\u00e7\u00e3o<\/h3>\n<\/div>\n<div id=\"collapseDescription\" class=\"collapse show\" aria-labelledby=\"headingDescription\" data-parent=\"#descriptionContainer\">\n<div class=\"card-body\">\n<div class=\"selected-product__description-container--content\">\n<div>\n<p>O<em>\u00a0Loren Shower Ultra<\/em>\u00a0possui formato quadrado, seguindo as tend\u00eancias de arquitetura. A Resist\u00eancia\u00a0<em>Loren Ultra\u00a0<\/em>integra o conceito tecnol\u00f3gico do produto egarante alta performance e longa dura\u00e7\u00e3o, se comparada \u00e0s resist\u00eancias comuns.<\/p>\n<\/div>\n<div>\n<p>O\u00a0<strong>Loren Shower Eletr\u00f4nico<\/strong>\u00a0possui controle de temperatura gradual,\u00a0sem a necessidade de aumentar ou diminuir a vaz\u00e3o da \u00e1gua para obter a temperatura desejada, garantindo comodidade e economia no banho.<\/p>\n<\/div>\n<p><img decoding=\"async\" src=\"https:\/\/www.lorenzetti.com.br\/images\/default-source\/products\/relax\/iconeacquaultra2.png\" alt=\"\" \/><\/div>\n<\/div>\n<\/div>\n<\/div>\n<div id=\"detailContainer\" class=\"selected-product__detail-container card accordion mb-sm-5\">\n<div id=\"headingDetail\" class=\"card-header\" data-toggle=\"collapse\" data-target=\"#collapseDetail\" aria-expanded=\"false\" aria-controls=\"collapseDetail\">\n<h3>Detalhe<\/h3>\n<\/div>\n<div id=\"collapseDetail\" class=\"collapse show\" aria-labelledby=\"headingDetail\" data-parent=\"#detailContainer\">\n<div class=\"card-body\">\n<div class=\"selected-product__description-container--content\">Resist\u00eancia Loren Ultra de longa dura\u00e7\u00e3o<\/p>\n<p>Compat\u00edvel com aquecimento solar e outros sistemas de aquecimento.<\/p>\n<p>Haste de comando: Controle de temperaturas ao alcance das m\u00e3os (uso opcional).<\/p>\n<p>Grande espalhador: Maior \u00e1rea de banho.<\/p>\n<p>Comando eletr\u00f4nico: Ideal para todos os dias do ano, atrav\u00e9s de seu controle eletr\u00f4nico de temperaturas permite a sele\u00e7\u00e3o gradual e precisa da temperatura, simples como ajustar o volume do r\u00e1dio.<\/p>\n<p>Resist\u00eancia Loren Ultra: Exclusiva resist\u00eancia de alta performance e longa dura\u00e7\u00e3o em compara\u00e7\u00e3o \u00e0s resist\u00eancias comuns.<\/p>\n<p>Compat\u00edvel com dispositivo de prote\u00e7\u00e3o DR*<br \/>\n*Dispositivo Diferencial Residual.<\/p>\n<p>1 ano de garantia: Produto original Lorenzetti<\/p><\/div>\n<\/div>\n<\/div>\n<\/div>\n","protected":false},"excerpt":{"rendered":"<p>Descri\u00e7\u00e3o O\u00a0Loren Shower Ultra\u00a0possui formato quadrado, seguindo as tend\u00eancias de arquitetura. A Resist\u00eancia\u00a0Loren Ultra\u00a0integra o conceito tecnol\u00f3gico do produto egarante&hellip;<\/p>\n","protected":false},"featured_media":722,"template":"","meta":[],"product_brand":[],"product_cat":[15,31,24,20],"product_tag":[],"class_list":{"0":"post-144","1":"product","2":"type-product","3":"status-publish","4":"has-post-thumbnail","6":"product_cat-sem-categoria","7":"product_cat-banheiro","8":"product_cat-chuveiros","9":"product_cat-hidraulica","11":"first","12":"instock","13":"shipping-taxable","14":"product-type-simple"},"_links":{"self":[{"href":"https:\/\/depositobotafogo.com.br\/index.php?rest_route=\/wp\/v2\/product\/144","targetHints":{"allow":["GET"]}}],"collection":[{"href":"https:\/\/depositobotafogo.com.br\/index.php?rest_route=\/wp\/v2\/product"}],"about":[{"href":"https:\/\/depositobotafogo.com.br\/index.php?rest_route=\/wp\/v2\/types\/product"}],"wp:featuredmedia":[{"embeddable":true,"href":"https:\/\/depositobotafogo.com.br\/index.php?rest_route=\/wp\/v2\/media\/722"}],"wp:attachment":[{"href":"https:\/\/depositobotafogo.com.br\/index.php?rest_route=%2Fwp%2Fv2%2Fmedia&parent=144"}],"wp:term":[{"taxonomy":"product_brand","embeddable":true,"href":"https:\/\/depositobotafogo.com.br\/index.php?rest_route=%2Fwp%2Fv2%2Fproduct_brand&post=144"},{"taxonomy":"product_cat","embeddable":true,"href":"https:\/\/depositobotafogo.com.br\/index.php?rest_route=%2Fwp%2Fv2%2Fproduct_cat&post=144"},{"taxonomy":"product_tag","embeddable":true,"href":"https:\/\/depositobotafogo.com.br\/index.php?rest_route=%2Fwp%2Fv2%2Fproduct_tag&post=144"}],"curies":[{"name":"wp","href":"https:\/\/api.w.org\/{rel}","templated":true}]}}