{"id":1548,"date":"2026-04-29T15:40:34","date_gmt":"2026-04-29T18:40:34","guid":{"rendered":"https:\/\/depositobotafogo.com.br\/?post_type=product&#038;p=1548"},"modified":"2026-04-29T15:40:35","modified_gmt":"2026-04-29T18:40:35","slug":"piso-penedo-alfagres","status":"publish","type":"product","link":"https:\/\/depositobotafogo.com.br\/?product=piso-penedo-alfagres","title":{"rendered":"PISO PENEDO &#8211; ALFAGR\u00caS"},"content":{"rendered":"<h1 class=\"display single-title\">Penedo<\/h1>\n<p class=\"single-meta\">Formato:\u00a0<a href=\"https:\/\/www.alfagres.com.br\/produtos\/formato\/45x45\/\">45cm x 45cm<\/a><\/p>\n<p class=\"single-meta\">Linha:\u00a0<a href=\"https:\/\/www.alfagres.com.br\/produtos\/linha\/granilhada\/\">Granilhada<\/a><\/p>\n<div class=\"post-content\">\n<p>Acabamento Superficial: Mate<\/p>\n<p>Local de Uso:\u00a0 5\u00a0 \u2013 Tr\u00e1fego Alto<\/p>\n<p>Varia\u00e7\u00e3o de Tonalidade: V3<\/p>\n<p>N\u00famero de Faces: 8<\/p>\n<p>Ambiente: Externo<\/p>\n<\/div>\n","protected":false},"excerpt":{"rendered":"<p>Penedo Formato:\u00a045cm x 45cm Linha:\u00a0Granilhada Acabamento Superficial: Mate Local de Uso:\u00a0 5\u00a0 \u2013 Tr\u00e1fego Alto Varia\u00e7\u00e3o de Tonalidade: V3 N\u00famero&hellip;<\/p>\n","protected":false},"featured_media":1547,"template":"","meta":[],"product_brand":[],"product_cat":[15,35],"product_tag":[504,475,520,516,485,473,493,498,507,487,500,479,477,429,511,517,512,472,486,513,476,510,488,495,501,491,478,484,482,494,481,483,508,502,506,489,518,492,515,499,497,514,503,509,474,480,505,496,490,519],"class_list":{"0":"post-1548","1":"product","2":"type-product","3":"status-publish","4":"has-post-thumbnail","6":"product_cat-sem-categoria","7":"product_cat-revestimentos-pisos-e-porcelanatos","8":"product_tag-acabamento-fino","9":"product_tag-alfagres-penedo-50x50","10":"product_tag-alfagres-penedo-pronta-entrega","11":"product_tag-catalogo-alfagres-2026","12":"product_tag-ceramica-acetinada","13":"product_tag-ceramica-alfagres-penedo","14":"product_tag-ceramica-de-alta-resistencia","15":"product_tag-ceramica-para-areas-internas","16":"product_tag-ceramica-para-banheiro","17":"product_tag-design-contemporaneo","18":"product_tag-espacamento-minimo-alfagres","19":"product_tag-lancamento-alfagres","20":"product_tag-linha-penedo-alfagres","21":"product_tag-material-de-construcao","22":"product_tag-melhor-preco-piso-alfagres","23":"product_tag-oferta-de-revestimento-ceramico","24":"product_tag-onde-comprar-piso-penedo","25":"product_tag-piso-alfagres-penedo","26":"product_tag-piso-brilhante","27":"product_tag-piso-ceramico-custo-beneficio","28":"product_tag-piso-ceramico-penedo","29":"product_tag-piso-ceramico-versatil","30":"product_tag-piso-clean","31":"product_tag-piso-com-brilho-duradouro","32":"product_tag-piso-de-baixa-porosidade","33":"product_tag-piso-de-cozinha-moderno","34":"product_tag-piso-de-qualidade-alfagres","35":"product_tag-piso-decorado","36":"product_tag-piso-estampa-bege","37":"product_tag-piso-facil-de-limpar","38":"product_tag-piso-interno-alfagres","39":"product_tag-piso-marmorizado","40":"product_tag-piso-para-ambientes-integrados","41":"product_tag-piso-para-apartamento","42":"product_tag-piso-para-corredor","43":"product_tag-piso-para-sala","44":"product_tag-piso-para-varanda-coberta","45":"product_tag-piso-pei-4","46":"product_tag-piso-penedo-e-bom","47":"product_tag-piso-resistente-a-riscos","48":"product_tag-piso-tipo-a","49":"product_tag-promocao-de-pisos-alfagres","50":"product_tag-reforma-de-casa","51":"product_tag-renovacao-de-ambientes","52":"product_tag-revestimento-alfagres","53":"product_tag-revestimento-ceramico-penedo","54":"product_tag-revestimento-de-parede-e-piso","55":"product_tag-revestimento-de-primeira-linha","56":"product_tag-revestimento-para-quarto","57":"product_tag-tendencias-de-pisos-2026","59":"first","60":"instock","61":"shipping-taxable","62":"product-type-simple"},"_links":{"self":[{"href":"https:\/\/depositobotafogo.com.br\/index.php?rest_route=\/wp\/v2\/product\/1548","targetHints":{"allow":["GET"]}}],"collection":[{"href":"https:\/\/depositobotafogo.com.br\/index.php?rest_route=\/wp\/v2\/product"}],"about":[{"href":"https:\/\/depositobotafogo.com.br\/index.php?rest_route=\/wp\/v2\/types\/product"}],"wp:featuredmedia":[{"embeddable":true,"href":"https:\/\/depositobotafogo.com.br\/index.php?rest_route=\/wp\/v2\/media\/1547"}],"wp:attachment":[{"href":"https:\/\/depositobotafogo.com.br\/index.php?rest_route=%2Fwp%2Fv2%2Fmedia&parent=1548"}],"wp:term":[{"taxonomy":"product_brand","embeddable":true,"href":"https:\/\/depositobotafogo.com.br\/index.php?rest_route=%2Fwp%2Fv2%2Fproduct_brand&post=1548"},{"taxonomy":"product_cat","embeddable":true,"href":"https:\/\/depositobotafogo.com.br\/index.php?rest_route=%2Fwp%2Fv2%2Fproduct_cat&post=1548"},{"taxonomy":"product_tag","embeddable":true,"href":"https:\/\/depositobotafogo.com.br\/index.php?rest_route=%2Fwp%2Fv2%2Fproduct_tag&post=1548"}],"curies":[{"name":"wp","href":"https:\/\/api.w.org\/{rel}","templated":true}]}}