{"id":1549,"date":"2026-04-29T15:42:58","date_gmt":"2026-04-29T18:42:58","guid":{"rendered":"https:\/\/depositobotafogo.com.br\/?post_type=product&#038;p=1549"},"modified":"2026-04-29T15:42:59","modified_gmt":"2026-04-29T18:42:59","slug":"piso-sao-tome-alfagres","status":"publish","type":"product","link":"https:\/\/depositobotafogo.com.br\/?product=piso-sao-tome-alfagres","title":{"rendered":"PISO S\u00c3O TOM\u00c9 &#8211; ALFAGRES"},"content":{"rendered":"<h1 class=\"display single-title\">S\u00e3o Tom\u00e9<\/h1>\n<p class=\"single-meta\">Formato:\u00a0<a href=\"https:\/\/www.alfagres.com.br\/produtos\/formato\/31x31\/\">31cm x 31cm<\/a><\/p>\n<p class=\"single-meta\">Linha:\u00a0<a href=\"https:\/\/www.alfagres.com.br\/produtos\/linha\/granilhada\/\">Granilhada<\/a><\/p>\n<div class=\"post-content\">\n<p>Acabamento Superficial: Mate<\/p>\n<p>Local de Uso: 4\u00a0 \u2013 Tr\u00e1fego Moderado<\/p>\n<p>Varia\u00e7\u00e3o de Tonalidade: V5<\/p>\n<p>N\u00famero de Faces: 30<\/p>\n<p>Tipo: Piso<\/p>\n<p>Ambiente Piso:\u00a0 Externo<\/p>\n<\/div>\n","protected":false},"excerpt":{"rendered":"<p>S\u00e3o Tom\u00e9 Formato:\u00a031cm x 31cm Linha:\u00a0Granilhada Acabamento Superficial: Mate Local de Uso: 4\u00a0 \u2013 Tr\u00e1fego Moderado Varia\u00e7\u00e3o de Tonalidade: V5&hellip;<\/p>\n","protected":false},"featured_media":1551,"template":"","meta":[],"product_brand":[],"product_cat":[15,35],"product_tag":[535,559,541,485,548,528,537,522,540,556,562,543,554,526,545,553,564,551,524,534,560,531,565,538,525,530,547,546,527,539,557,506,536,532,518,492,563,521,550,542,54,555,552,544,523,558,533,549,529,561],"class_list":{"0":"post-1549","1":"product","2":"type-product","3":"status-publish","4":"has-post-thumbnail","6":"product_cat-sem-categoria","7":"product_cat-revestimentos-pisos-e-porcelanatos","8":"product_tag-acabamento-ceramico","9":"product_tag-alfagres-penedo-e-sao-tome","10":"product_tag-alfagres-revestimentos","11":"product_tag-ceramica-acetinada","12":"product_tag-ceramica-para-apartamento","13":"product_tag-ceramica-para-interior","14":"product_tag-ceramica-resistente","15":"product_tag-ceramica-sao-tome","16":"product_tag-ceramica-tipo-a","17":"product_tag-ceramica-versatil","18":"product_tag-decoracao-com-ceramica","19":"product_tag-design-natural","20":"product_tag-estampa-de-pedra-natural","21":"product_tag-linha-pedras-alfagres","22":"product_tag-material-de-construcao-alfagres","23":"product_tag-melhor-custo-beneficio-piso","24":"product_tag-oferta-revestimento","25":"product_tag-onde-comprar-piso-alfagres","26":"product_tag-piso-alfagres-bege","27":"product_tag-piso-alfagres-preco","28":"product_tag-piso-antiderrapante-interno","29":"product_tag-piso-ceramico-50x50","30":"product_tag-piso-ceramico-fosco","31":"product_tag-piso-ceramico-interno","32":"product_tag-piso-ceramico-sao-tome","33":"product_tag-piso-classico-alfagres","34":"product_tag-piso-de-primeira-linha","35":"product_tag-piso-duravel","36":"product_tag-piso-estilo-natural","37":"product_tag-piso-facil-limpeza","38":"product_tag-piso-para-copa","39":"product_tag-piso-para-corredor","40":"product_tag-piso-para-cozinha","41":"product_tag-piso-para-sala-e-quarto","42":"product_tag-piso-para-varanda-coberta","43":"product_tag-piso-pei-4","44":"product_tag-piso-pronta-entrega","45":"product_tag-piso-sao-tome-alfagres","46":"product_tag-piso-sao-tome-e-bom","47":"product_tag-piso-termico","48":"product_tag-piso-tipo-pedra","49":"product_tag-piso-tons-claros","50":"product_tag-promocao-ceramica-sao-tome","51":"product_tag-reforma-de-piso","52":"product_tag-revestimento-alfagres-sao-tome","53":"product_tag-revestimento-ceramico-nacional","54":"product_tag-revestimento-de-alta-qualidade","55":"product_tag-revestimento-economico","56":"product_tag-revestimento-rustico","57":"product_tag-tendencia-pisos-2026","59":"first","60":"instock","61":"shipping-taxable","62":"product-type-simple"},"_links":{"self":[{"href":"https:\/\/depositobotafogo.com.br\/index.php?rest_route=\/wp\/v2\/product\/1549","targetHints":{"allow":["GET"]}}],"collection":[{"href":"https:\/\/depositobotafogo.com.br\/index.php?rest_route=\/wp\/v2\/product"}],"about":[{"href":"https:\/\/depositobotafogo.com.br\/index.php?rest_route=\/wp\/v2\/types\/product"}],"wp:featuredmedia":[{"embeddable":true,"href":"https:\/\/depositobotafogo.com.br\/index.php?rest_route=\/wp\/v2\/media\/1551"}],"wp:attachment":[{"href":"https:\/\/depositobotafogo.com.br\/index.php?rest_route=%2Fwp%2Fv2%2Fmedia&parent=1549"}],"wp:term":[{"taxonomy":"product_brand","embeddable":true,"href":"https:\/\/depositobotafogo.com.br\/index.php?rest_route=%2Fwp%2Fv2%2Fproduct_brand&post=1549"},{"taxonomy":"product_cat","embeddable":true,"href":"https:\/\/depositobotafogo.com.br\/index.php?rest_route=%2Fwp%2Fv2%2Fproduct_cat&post=1549"},{"taxonomy":"product_tag","embeddable":true,"href":"https:\/\/depositobotafogo.com.br\/index.php?rest_route=%2Fwp%2Fv2%2Fproduct_tag&post=1549"}],"curies":[{"name":"wp","href":"https:\/\/api.w.org\/{rel}","templated":true}]}}