{"id":1555,"date":"2026-04-29T16:03:43","date_gmt":"2026-04-29T19:03:43","guid":{"rendered":"https:\/\/depositobotafogo.com.br\/?post_type=product&#038;p=1555"},"modified":"2026-04-29T16:03:43","modified_gmt":"2026-04-29T19:03:43","slug":"piso-damasco-polido-rochamaxx","status":"publish","type":"product","link":"https:\/\/depositobotafogo.com.br\/?product=piso-damasco-polido-rochamaxx","title":{"rendered":"PISO DAMASCO POLIDO &#8211; ROCHAMAXX"},"content":{"rendered":"<div class=\"produto-nome\">HD DAMASCO<\/div>\n<div><span class=\"info-produto\">MARCA:<\/span>\u00a0<span class=\"info-produto-resultado\">ROCHACER\u00c2MICA<\/span><\/div>\n<div><span class=\"info-produto\">TIPOLOGIA:<\/span>\u00a0<span class=\"info-produto-resultado\">POLIDO<\/span><\/div>\n<div><span class=\"info-produto\">FORMATO:<\/span>\u00a0<span class=\"info-produto-resultado\">82 x 82 Retificado Polido<\/span><\/div>\n<div><span class=\"info-produto\">LINHA:<\/span>\u00a0<span class=\"info-produto-resultado\">PR\u00c1TICA RETIFICADO &#8211; MAIOR RESIST\u00caNCIA A MANCHA D&#8217;\u00c1GUA<\/span><\/div>\n<div><span class=\"info-produto\">LOCAIS DE USO:\u00a0<\/span><span class=\"info-produto-resultado\">LC<\/span>\u00a0<i class=\"fas fa-info-circle\"><\/i><\/div>\n<div><span class=\"info-produto\">VARIACAO DE TONALIDADE E DESENHO:<\/span>\u00a0<span class=\"info-produto-resultado\">V3<\/span>\u00a0<i class=\"fas fa-info-circle\"><\/i><\/div>\n<div><span class=\"info-produto\">FACES:\u00a0<\/span><span class=\"info-produto-resultado\">3<\/span><\/div>\n<div><\/div>\n<div>\n<div class=\"title\">ESPECIFICA\u00c7\u00d5ES T\u00c9CNICAS<\/div>\n<div class=\"area-especificao-tecnica\"><span class=\"especificao-tecnica\">ESPESSURA: <\/span><span class=\"especificao-tecnica-resultado\">8,4 mm<\/span><\/div>\n<div class=\"area-especificao-tecnica\"><span class=\"especificao-tecnica\">m2\/CAIXA: <\/span><span class=\"especificao-tecnica-resultado\">2,70 m2<\/span><\/div>\n<div class=\"area-especificao-tecnica\"><span class=\"especificao-tecnica\">JUNTA M\u00cdNIMA<\/span><span class=\"especificao-tecnica-resultado\">&gt;= 2,0 mm<\/span><\/div>\n<div class=\"area-especificao-tecnica\"><span class=\"especificao-tecnica\">RETIFICADO: <\/span><span class=\"especificao-tecnica-resultado\">SIM<\/span><\/div>\n<\/div>\n","protected":false},"excerpt":{"rendered":"<p>HD DAMASCO MARCA:\u00a0ROCHACER\u00c2MICA TIPOLOGIA:\u00a0POLIDO FORMATO:\u00a082 x 82 Retificado Polido LINHA:\u00a0PR\u00c1TICA RETIFICADO &#8211; MAIOR RESIST\u00caNCIA A MANCHA D&#8217;\u00c1GUA LOCAIS DE USO:\u00a0LC\u00a0&hellip;<\/p>\n","protected":false},"featured_media":1556,"template":"","meta":[],"product_brand":[],"product_cat":[15,35],"product_tag":[583,576,594,571,590,581,568,600,579,593,602,566,588,598,587,573,531,510,595,578,577,547,546,589,572,567,584,502,557,506,575,489,518,492,563,582,570,497,580,599,591,585,592,574,569,601,490,597,586,596],"class_list":{"0":"post-1555","1":"product","2":"type-product","3":"status-publish","4":"has-post-thumbnail","6":"product_cat-sem-categoria","7":"product_cat-revestimentos-pisos-e-porcelanatos","8":"product_tag-acabamento-fosco","9":"product_tag-ceramica-de-alta-resolucao","10":"product_tag-ceramica-facil-de-limpar","11":"product_tag-ceramica-hd-damasco","12":"product_tag-ceramica-nacional","13":"product_tag-ceramica-para-cozinha","14":"product_tag-ceramica-rochaceramica","15":"product_tag-decoracao-amadeirada","16":"product_tag-design-amadeirado","17":"product_tag-estilo-rustico-moderno","18":"product_tag-hd-damasco-e-bom","19":"product_tag-hd-damasco-rochaceramica","20":"product_tag-material-de-construcao-rocha","21":"product_tag-oferta-de-piso-hd","22":"product_tag-onde-comprar-piso-hd-damasco","23":"product_tag-piso-amadeirado-rochaceramica","24":"product_tag-piso-ceramico-50x50","25":"product_tag-piso-ceramico-versatil","26":"product_tag-piso-com-brilho","27":"product_tag-piso-com-textura","28":"product_tag-piso-damasco-rocha","29":"product_tag-piso-de-primeira-linha","30":"product_tag-piso-duravel","31":"product_tag-piso-economico","32":"product_tag-piso-estampa-amadeirada","33":"product_tag-piso-hd-damasco","34":"product_tag-piso-madeira-clara","35":"product_tag-piso-para-apartamento","36":"product_tag-piso-para-copa","37":"product_tag-piso-para-corredor","38":"product_tag-piso-para-interior","39":"product_tag-piso-para-sala","40":"product_tag-piso-para-varanda-coberta","41":"product_tag-piso-pei-4","42":"product_tag-piso-pronta-entrega","43":"product_tag-piso-resistente","44":"product_tag-piso-rocha-ceramica","45":"product_tag-piso-tipo-a","46":"product_tag-piso-tons-de-madeira","47":"product_tag-promocao-rochaceramica","48":"product_tag-reforma-com-rochaceramica","49":"product_tag-revestimento-ceramico-hd","50":"product_tag-revestimento-de-parede","51":"product_tag-revestimento-hd","52":"product_tag-revestimento-hd-damasco","53":"product_tag-revestimento-interno","54":"product_tag-revestimento-para-quarto","55":"product_tag-rochaceramica-2026","56":"product_tag-rochaceramica-preco","57":"product_tag-tendencia-piso-amadeirado","59":"first","60":"instock","61":"shipping-taxable","62":"product-type-simple"},"_links":{"self":[{"href":"https:\/\/depositobotafogo.com.br\/index.php?rest_route=\/wp\/v2\/product\/1555","targetHints":{"allow":["GET"]}}],"collection":[{"href":"https:\/\/depositobotafogo.com.br\/index.php?rest_route=\/wp\/v2\/product"}],"about":[{"href":"https:\/\/depositobotafogo.com.br\/index.php?rest_route=\/wp\/v2\/types\/product"}],"wp:featuredmedia":[{"embeddable":true,"href":"https:\/\/depositobotafogo.com.br\/index.php?rest_route=\/wp\/v2\/media\/1556"}],"wp:attachment":[{"href":"https:\/\/depositobotafogo.com.br\/index.php?rest_route=%2Fwp%2Fv2%2Fmedia&parent=1555"}],"wp:term":[{"taxonomy":"product_brand","embeddable":true,"href":"https:\/\/depositobotafogo.com.br\/index.php?rest_route=%2Fwp%2Fv2%2Fproduct_brand&post=1555"},{"taxonomy":"product_cat","embeddable":true,"href":"https:\/\/depositobotafogo.com.br\/index.php?rest_route=%2Fwp%2Fv2%2Fproduct_cat&post=1555"},{"taxonomy":"product_tag","embeddable":true,"href":"https:\/\/depositobotafogo.com.br\/index.php?rest_route=%2Fwp%2Fv2%2Fproduct_tag&post=1555"}],"curies":[{"name":"wp","href":"https:\/\/api.w.org\/{rel}","templated":true}]}}