{"id":1558,"date":"2026-04-29T16:11:00","date_gmt":"2026-04-29T19:11:00","guid":{"rendered":"https:\/\/depositobotafogo.com.br\/?post_type=product&#038;p=1558"},"modified":"2026-04-29T16:11:01","modified_gmt":"2026-04-29T19:11:01","slug":"piso-viva-58000","status":"publish","type":"product","link":"https:\/\/depositobotafogo.com.br\/?product=piso-viva-58000","title":{"rendered":"PISO VIVA 58000"},"content":{"rendered":"<h1 class=\"mg-md tc-black\">VPC 58000<\/h1>\n<p class=\"p-46-style\">HD<br \/>\nBranco Brilhante<br \/>\nLocal de Uso:\u00a0\u00a0LC (RESIDENCIAL M\u00c9DIO TRAFEGO): Ambientes residenciais internos, incluindo \u00e1reas secas e \u00famidas<br \/>\nTamanho:\u00a0\u00a058&#215;58<br \/>\nAcabamento:\u00a0\u00a0BRILHANTE<br \/>\nTipo:\u00a0\u00a0Piso<br \/>\nM\u00b2 por caixa: 2,35<br \/>\nPe\u00e7as por caixa: 7<\/p>\n","protected":false},"excerpt":{"rendered":"<p>VPC 58000 HD Branco Brilhante Local de Uso:\u00a0\u00a0LC (RESIDENCIAL M\u00c9DIO TRAFEGO): Ambientes residenciais internos, incluindo \u00e1reas secas e \u00famidas Tamanho:\u00a0\u00a058&#215;58&hellip;<\/p>\n","protected":false},"featured_media":1559,"template":"","meta":[],"product_brand":[],"product_cat":[15,35],"product_tag":[535,504,627,485,493,590,507,540,605,626,610,617,622,611,624,614,606,623,612,595,618,501,547,546,494,502,616,557,506,536,575,489,518,563,499,620,603,608,621,609,615,503,505,601,490,619,604,625,607,613],"class_list":{"0":"post-1558","1":"product","2":"type-product","3":"status-publish","4":"has-post-thumbnail","6":"product_cat-sem-categoria","7":"product_cat-revestimentos-pisos-e-porcelanatos","8":"product_tag-acabamento-ceramico","9":"product_tag-acabamento-fino","10":"product_tag-catalogo-viva-58000","11":"product_tag-ceramica-acetinada","12":"product_tag-ceramica-de-alta-resistencia","13":"product_tag-ceramica-nacional","14":"product_tag-ceramica-para-banheiro","15":"product_tag-ceramica-tipo-a","16":"product_tag-ceramica-viva","17":"product_tag-decoracao-com-ceramica-viva","18":"product_tag-design-moderno","19":"product_tag-estampa-moderna","20":"product_tag-lancamento-viva-ceramica","21":"product_tag-material-de-construcao-viva","22":"product_tag-oferta-de-pisos","23":"product_tag-onde-comprar-piso-viva","24":"product_tag-piso-ceramico-58000","25":"product_tag-piso-ceramico-58cm","26":"product_tag-piso-ceramico-economico","27":"product_tag-piso-com-brilho","28":"product_tag-piso-com-design-clean","29":"product_tag-piso-de-baixa-porosidade","30":"product_tag-piso-de-primeira-linha","31":"product_tag-piso-duravel","32":"product_tag-piso-facil-de-limpar","33":"product_tag-piso-para-apartamento","34":"product_tag-piso-para-areas-internas","35":"product_tag-piso-para-copa","36":"product_tag-piso-para-corredor","37":"product_tag-piso-para-cozinha","38":"product_tag-piso-para-interior","39":"product_tag-piso-para-sala","40":"product_tag-piso-para-varanda-coberta","41":"product_tag-piso-pronta-entrega","42":"product_tag-piso-resistente-a-riscos","43":"product_tag-piso-versatil","44":"product_tag-piso-viva-58000","45":"product_tag-piso-viva-58x58","46":"product_tag-piso-viva-e-bom","47":"product_tag-piso-viva-preco","48":"product_tag-promocao-ceramica-viva","49":"product_tag-reforma-de-casa","50":"product_tag-revestimento-de-parede-e-piso","51":"product_tag-revestimento-interno","52":"product_tag-revestimento-para-quarto","53":"product_tag-revestimento-para-reforma","54":"product_tag-revestimento-viva-58000","55":"product_tag-tendencia-de-revestimentos-2026","56":"product_tag-viva-ceramica","57":"product_tag-viva-revestimentos","59":"first","60":"instock","61":"shipping-taxable","62":"product-type-simple"},"_links":{"self":[{"href":"https:\/\/depositobotafogo.com.br\/index.php?rest_route=\/wp\/v2\/product\/1558","targetHints":{"allow":["GET"]}}],"collection":[{"href":"https:\/\/depositobotafogo.com.br\/index.php?rest_route=\/wp\/v2\/product"}],"about":[{"href":"https:\/\/depositobotafogo.com.br\/index.php?rest_route=\/wp\/v2\/types\/product"}],"wp:featuredmedia":[{"embeddable":true,"href":"https:\/\/depositobotafogo.com.br\/index.php?rest_route=\/wp\/v2\/media\/1559"}],"wp:attachment":[{"href":"https:\/\/depositobotafogo.com.br\/index.php?rest_route=%2Fwp%2Fv2%2Fmedia&parent=1558"}],"wp:term":[{"taxonomy":"product_brand","embeddable":true,"href":"https:\/\/depositobotafogo.com.br\/index.php?rest_route=%2Fwp%2Fv2%2Fproduct_brand&post=1558"},{"taxonomy":"product_cat","embeddable":true,"href":"https:\/\/depositobotafogo.com.br\/index.php?rest_route=%2Fwp%2Fv2%2Fproduct_cat&post=1558"},{"taxonomy":"product_tag","embeddable":true,"href":"https:\/\/depositobotafogo.com.br\/index.php?rest_route=%2Fwp%2Fv2%2Fproduct_tag&post=1558"}],"curies":[{"name":"wp","href":"https:\/\/api.w.org\/{rel}","templated":true}]}}