{"id":1561,"date":"2026-04-29T16:16:05","date_gmt":"2026-04-29T19:16:05","guid":{"rendered":"https:\/\/depositobotafogo.com.br\/?post_type=product&#038;p=1561"},"modified":"2026-04-29T16:16:05","modified_gmt":"2026-04-29T19:16:05","slug":"piso-viva-75551","status":"publish","type":"product","link":"https:\/\/depositobotafogo.com.br\/?product=piso-viva-75551","title":{"rendered":"PISO VIVA 75551"},"content":{"rendered":"<p>RT75551<\/p>\n<p>Astro<br \/>\nLocal de uso &#8211; LE &#8211; Externo \/ Cal\u00e7adas: \u00c1reas externas planas, cal\u00e7adas, garagens, exceto rampas \u00edngremes.<br \/>\nTamanho: 72,5&#215;72,5cm<br \/>\nAcabamento: ASTRO<br \/>\nTipo: Piso<br \/>\nm2 por caixa: 2,62<br \/>\nPe\u00e7as por caixa: 5<\/p>\n","protected":false},"excerpt":{"rendered":"<p>RT75551 Astro Local de uso &#8211; LE &#8211; Externo \/ Cal\u00e7adas: \u00c1reas externas planas, cal\u00e7adas, garagens, exceto rampas \u00edngremes. Tamanho:&hellip;<\/p>\n","protected":false},"featured_media":1562,"template":"","meta":[],"product_brand":[],"product_cat":[15,35],"product_tag":[],"class_list":{"0":"post-1561","1":"product","2":"type-product","3":"status-publish","4":"has-post-thumbnail","6":"product_cat-sem-categoria","7":"product_cat-revestimentos-pisos-e-porcelanatos","9":"first","10":"instock","11":"shipping-taxable","12":"product-type-simple"},"_links":{"self":[{"href":"https:\/\/depositobotafogo.com.br\/index.php?rest_route=\/wp\/v2\/product\/1561","targetHints":{"allow":["GET"]}}],"collection":[{"href":"https:\/\/depositobotafogo.com.br\/index.php?rest_route=\/wp\/v2\/product"}],"about":[{"href":"https:\/\/depositobotafogo.com.br\/index.php?rest_route=\/wp\/v2\/types\/product"}],"wp:featuredmedia":[{"embeddable":true,"href":"https:\/\/depositobotafogo.com.br\/index.php?rest_route=\/wp\/v2\/media\/1562"}],"wp:attachment":[{"href":"https:\/\/depositobotafogo.com.br\/index.php?rest_route=%2Fwp%2Fv2%2Fmedia&parent=1561"}],"wp:term":[{"taxonomy":"product_brand","embeddable":true,"href":"https:\/\/depositobotafogo.com.br\/index.php?rest_route=%2Fwp%2Fv2%2Fproduct_brand&post=1561"},{"taxonomy":"product_cat","embeddable":true,"href":"https:\/\/depositobotafogo.com.br\/index.php?rest_route=%2Fwp%2Fv2%2Fproduct_cat&post=1561"},{"taxonomy":"product_tag","embeddable":true,"href":"https:\/\/depositobotafogo.com.br\/index.php?rest_route=%2Fwp%2Fv2%2Fproduct_tag&post=1561"}],"curies":[{"name":"wp","href":"https:\/\/api.w.org\/{rel}","templated":true}]}}