{"id":225,"date":"2024-02-26T15:32:02","date_gmt":"2024-02-26T18:32:02","guid":{"rendered":"https:\/\/depositobotafogo.com.br\/?product=chuveiro-acqua-duo-pt-cr-lorenzetti"},"modified":"2025-04-28T14:32:11","modified_gmt":"2025-04-28T17:32:11","slug":"chuveiro-acqua-duo-pt-cr-lorenzetti","status":"publish","type":"product","link":"https:\/\/depositobotafogo.com.br\/?product=chuveiro-acqua-duo-pt-cr-lorenzetti","title":{"rendered":"Ducha Acqua Duo Ultra &#8211; Lorenzetti"},"content":{"rendered":"<div id=\"descriptionContainer\" class=\"selected-product__description-container card accordion mb-sm-5\">\n<div id=\"headingDescription\" class=\"card-header\" data-toggle=\"collapse\" data-target=\"#collapseDescription\" aria-expanded=\"true\" aria-controls=\"collapseDescription\">\n<h3 class=\"mb-0\">Descri\u00e7\u00e3o<\/h3>\n<\/div>\n<div id=\"collapseDescription\" class=\"collapse show\" aria-labelledby=\"headingDescription\" data-parent=\"#descriptionContainer\">\n<div class=\"card-body\">\n<div class=\"selected-product__description-container--content\">\n<div>\nE para dar continuidade ao grande sucesso da Linha Acqua Ultra, a Lorenzetti surpreende mais uma vez com um produto sofisticado que possui acabamento moderno com linhas quadradas, design compacto, \u201cSimilar ao design de duchas Frias\u201d e que integra\u00a0<strong>ducha e chuveiro em um \u00fanico produto.\u00a0<\/strong><\/div>\n<div><\/div>\n<div>Na op\u00e7\u00e3o de banho com ducha, o jato \u00e9 direcion\u00e1vel e concentrado, inclinando-se na dire\u00e7\u00e3o desejada, enquanto o chuveiro proporciona um jato mais espa\u00e7ado, por meio de um espalhador de grande propor\u00e7\u00e3o.<\/div>\n<div><\/div>\n<div>A Linha Acqua Ultra conta com a exclusiva Resist\u00eancia Loren Ultra, a primeira resist\u00eancia plana do mercado. Trata-se de um desenvolvimento com mais de cinco anos de estudos, que garante alta performance e longa dura\u00e7\u00e3o.<\/div>\n<p><img decoding=\"async\" src=\"https:\/\/www.lorenzetti.com.br\/images\/default-source\/products\/acqua-wave\/iconeacquaultra1.png\" alt=\"\" \/><img decoding=\"async\" src=\"https:\/\/www.lorenzetti.com.br\/images\/default-source\/products\/relax\/iconeacquaultra2.png\" alt=\"\" \/><\/div>\n<\/div>\n<\/div>\n<\/div>\n<div id=\"detailContainer\" class=\"selected-product__detail-container card accordion mb-sm-5\">\n<div id=\"headingDetail\" class=\"card-header\" data-toggle=\"collapse\" data-target=\"#collapseDetail\" aria-expanded=\"false\" aria-controls=\"collapseDetail\">\n<h3>Detalhe<\/h3>\n<\/div>\n<div id=\"collapseDetail\" class=\"collapse show\" aria-labelledby=\"headingDetail\" data-parent=\"#detailContainer\">\n<div class=\"card-body\">\n<div class=\"selected-product__description-container--content\"><span class=\"s1\"><strong>Ducha e Chuveiro em um s\u00f3 produto<\/strong>\u00a0&#8211; Escolha a op\u00e7\u00e3o do seu banho.<\/p>\n<p><strong>Tecnologia Press Plus<\/strong>\u00a0&#8211; Jatos de alta performance mesmo com baixa press\u00e3o.<\/span><\/p>\n<p><strong>Exclusiva resist\u00eancia Loren Ultra\u00a0<\/strong>&#8211; Longa dura\u00e7\u00e3o em compara\u00e7\u00e3o as resist\u00eancias comuns.<\/p>\n<p><strong>Resist\u00eancia de troca r\u00e1pida Loren Ultra &#8211;<\/strong>\u00a0Exclusivo cartucho que garante uma troca r\u00e1pida e segura.<\/p>\n<p><strong>Comando eletr\u00f4nico &#8211;<\/strong>\u00a0Permite a escolha gradual e precisa da temperatura.<\/p>\n<p><strong>Haste de comando &#8211;<\/strong>\u00a0Controle de temperaturas e sele\u00e7\u00e3o do tipo de jato ao alcance das m\u00e3os (uso opcional).<\/p>\n<p><strong>D.R.I.<\/strong>\u00a0&#8211; Dispositivo de Regulagem de Inclina\u00e7\u00e3o.<\/p>\n<p>Ducha manual com design exclusivo.<\/p>\n<p>Compat\u00edvel com\u00a0aquecimento solar e outros sistemas de aquecimento.<\/p><\/div>\n<\/div>\n<\/div>\n<\/div>\n<p>GARANTIA 01 ANO<\/p>\n","protected":false},"excerpt":{"rendered":"<p>Descri\u00e7\u00e3o E para dar continuidade ao grande sucesso da Linha Acqua Ultra, a Lorenzetti surpreende mais uma vez com um&hellip;<\/p>\n","protected":false},"featured_media":224,"template":"","meta":[],"product_brand":[],"product_cat":[31,24,20],"product_tag":[],"class_list":{"0":"post-225","1":"product","2":"type-product","3":"status-publish","4":"has-post-thumbnail","6":"product_cat-banheiro","7":"product_cat-chuveiros","8":"product_cat-hidraulica","10":"first","11":"instock","12":"shipping-taxable","13":"product-type-simple"},"_links":{"self":[{"href":"https:\/\/depositobotafogo.com.br\/index.php?rest_route=\/wp\/v2\/product\/225","targetHints":{"allow":["GET"]}}],"collection":[{"href":"https:\/\/depositobotafogo.com.br\/index.php?rest_route=\/wp\/v2\/product"}],"about":[{"href":"https:\/\/depositobotafogo.com.br\/index.php?rest_route=\/wp\/v2\/types\/product"}],"wp:featuredmedia":[{"embeddable":true,"href":"https:\/\/depositobotafogo.com.br\/index.php?rest_route=\/wp\/v2\/media\/224"}],"wp:attachment":[{"href":"https:\/\/depositobotafogo.com.br\/index.php?rest_route=%2Fwp%2Fv2%2Fmedia&parent=225"}],"wp:term":[{"taxonomy":"product_brand","embeddable":true,"href":"https:\/\/depositobotafogo.com.br\/index.php?rest_route=%2Fwp%2Fv2%2Fproduct_brand&post=225"},{"taxonomy":"product_cat","embeddable":true,"href":"https:\/\/depositobotafogo.com.br\/index.php?rest_route=%2Fwp%2Fv2%2Fproduct_cat&post=225"},{"taxonomy":"product_tag","embeddable":true,"href":"https:\/\/depositobotafogo.com.br\/index.php?rest_route=%2Fwp%2Fv2%2Fproduct_tag&post=225"}],"curies":[{"name":"wp","href":"https:\/\/api.w.org\/{rel}","templated":true}]}}