{"id":278,"date":"2024-02-26T15:33:02","date_gmt":"2024-02-26T18:33:02","guid":{"rendered":"https:\/\/depositobotafogo.com.br\/?product=chuveiro-bella-ducha-lorenzetti"},"modified":"2025-04-28T14:32:03","modified_gmt":"2025-04-28T17:32:03","slug":"chuveiro-bella-ducha-lorenzetti","status":"publish","type":"product","link":"https:\/\/depositobotafogo.com.br\/?product=chuveiro-bella-ducha-lorenzetti","title":{"rendered":"Ducha Bella Ducha 4T Ultra &#8211; Lorenzetti"},"content":{"rendered":"<div id=\"descriptionContainer\" class=\"selected-product__description-container card accordion mb-sm-5\">\n<div id=\"headingDescription\" class=\"card-header\" data-toggle=\"collapse\" data-target=\"#collapseDescription\" aria-expanded=\"true\" aria-controls=\"collapseDescription\">\n<h3 class=\"mb-0\">Descri\u00e7\u00e3o<\/h3>\n<\/div>\n<div id=\"collapseDescription\" class=\"collapse show\" aria-labelledby=\"headingDescription\" data-parent=\"#descriptionContainer\">\n<div class=\"card-body\">\n<div class=\"selected-product__description-container--content\"><img decoding=\"async\" src=\"https:\/\/www.lorenzetti.com.br\/images\/default-source\/products\/loren-bello\/iconeacquaultra2.png\" alt=\"\" \/><\/p>\n<p>Com design moderno, a Bella Ducha 4T decora perfeitamente o seu banheiro.<\/p>\n<p>Destinada a oferecer conforto e economia na hora do banho, a Bella Ducha 4T possui espalhador de grandes dimens\u00f5es e 4 op\u00e7\u00f5es de temperaturas, ideal para todas as esta\u00e7\u00f5es do ano.<\/p>\n<p>A ducha \u00e9 compat\u00edvel com aquecedores solares, ampliando assim a sua utiliza\u00e7\u00e3o.<\/p>\n<\/div>\n<\/div>\n<\/div>\n<\/div>\n<div id=\"detailContainer\" class=\"selected-product__detail-container card accordion mb-sm-5\">\n<div id=\"headingDetail\" class=\"card-header\" data-toggle=\"collapse\" data-target=\"#collapseDetail\" aria-expanded=\"false\" aria-controls=\"collapseDetail\">\n<h3>Detalhe<\/h3>\n<\/div>\n<div id=\"collapseDetail\" class=\"collapse show\" aria-labelledby=\"headingDetail\" data-parent=\"#detailContainer\">\n<div class=\"card-body\">\n<div class=\"selected-product__description-container--content\">\n<p><strong>4 Temperaturas<\/strong><br \/>\nAquecimento e economia na medida certa.<\/p>\n<p><strong>Resist\u00eancia de Troca R\u00e1pida<\/strong><br \/>\nTipo Refil.<\/p>\n<p><strong>Grande Espalhador<\/strong><br \/>\nMais conforto no seu banho.<\/p>\n<p><strong>Op\u00e7\u00f5es de cores:<\/strong><br \/>\n&#8211; Branco<\/p>\n<\/div>\n<\/div>\n<\/div>\n<\/div>\n<p>GARANTIA 01 ANO<\/p>\n","protected":false},"excerpt":{"rendered":"<p>Descri\u00e7\u00e3o Com design moderno, a Bella Ducha 4T decora perfeitamente o seu banheiro. Destinada a oferecer conforto e economia na&hellip;<\/p>\n","protected":false},"featured_media":277,"template":"","meta":[],"product_brand":[],"product_cat":[31,24,20],"product_tag":[],"class_list":{"0":"post-278","1":"product","2":"type-product","3":"status-publish","4":"has-post-thumbnail","6":"product_cat-banheiro","7":"product_cat-chuveiros","8":"product_cat-hidraulica","10":"first","11":"instock","12":"shipping-taxable","13":"product-type-simple"},"_links":{"self":[{"href":"https:\/\/depositobotafogo.com.br\/index.php?rest_route=\/wp\/v2\/product\/278","targetHints":{"allow":["GET"]}}],"collection":[{"href":"https:\/\/depositobotafogo.com.br\/index.php?rest_route=\/wp\/v2\/product"}],"about":[{"href":"https:\/\/depositobotafogo.com.br\/index.php?rest_route=\/wp\/v2\/types\/product"}],"wp:featuredmedia":[{"embeddable":true,"href":"https:\/\/depositobotafogo.com.br\/index.php?rest_route=\/wp\/v2\/media\/277"}],"wp:attachment":[{"href":"https:\/\/depositobotafogo.com.br\/index.php?rest_route=%2Fwp%2Fv2%2Fmedia&parent=278"}],"wp:term":[{"taxonomy":"product_brand","embeddable":true,"href":"https:\/\/depositobotafogo.com.br\/index.php?rest_route=%2Fwp%2Fv2%2Fproduct_brand&post=278"},{"taxonomy":"product_cat","embeddable":true,"href":"https:\/\/depositobotafogo.com.br\/index.php?rest_route=%2Fwp%2Fv2%2Fproduct_cat&post=278"},{"taxonomy":"product_tag","embeddable":true,"href":"https:\/\/depositobotafogo.com.br\/index.php?rest_route=%2Fwp%2Fv2%2Fproduct_tag&post=278"}],"curies":[{"name":"wp","href":"https:\/\/api.w.org\/{rel}","templated":true}]}}