{"id":280,"date":"2024-02-26T15:33:03","date_gmt":"2024-02-26T18:33:03","guid":{"rendered":"https:\/\/depositobotafogo.com.br\/?product=chuveiro-maxi-ducha-lorenzetti"},"modified":"2025-04-28T14:31:58","modified_gmt":"2025-04-28T17:31:58","slug":"chuveiro-maxi-ducha-lorenzetti","status":"publish","type":"product","link":"https:\/\/depositobotafogo.com.br\/?product=chuveiro-maxi-ducha-lorenzetti","title":{"rendered":"Ducha Maxi Ducha &#8211; Lorenzetti"},"content":{"rendered":"<div id=\"descriptionContainer\" class=\"selected-product__description-container card accordion mb-sm-5\">\n<div id=\"headingDescription\" class=\"card-header\" data-toggle=\"collapse\" data-target=\"#collapseDescription\" aria-expanded=\"true\" aria-controls=\"collapseDescription\">\n<h3 class=\"mb-0\">Descri\u00e7\u00e3o<\/h3>\n<\/div>\n<div id=\"collapseDescription\" class=\"collapse show\" aria-labelledby=\"headingDescription\" data-parent=\"#descriptionContainer\">\n<div class=\"card-body\">\n<div class=\"selected-product__description-container--content\">\n<p>A Maxi Ducha agora vem com a nova resist\u00eancia Loren Ultra. A tecnologia Loren Ultra revoluciona o conceito de durabilidade e desempenho em compara\u00e7\u00e3o as resist\u00eancias comuns.<\/p>\n<p>Economia no pre\u00e7o e modernidade do design acompanham a Maxi Ducha. Com espalhador de grandes dimens\u00f5es, a Maxi Ducha proporciona um banho relaxante, pois oferece uma vaz\u00e3o uniforme de \u00e1gua.<br \/>\nA ducha \u00e9 compat\u00edvel com aquecedores solares, ampliando assim a sua utiliza\u00e7\u00e3o.<\/p>\n<p><img decoding=\"async\" src=\"https:\/\/www.lorenzetti.com.br\/images\/default-source\/products\/maxi-ducha\/iconeacquaultra2.png\" alt=\"\" \/><\/p>\n<\/div>\n<\/div>\n<\/div>\n<\/div>\n<div id=\"detailContainer\" class=\"selected-product__detail-container card accordion mb-sm-5\">\n<div id=\"headingDetail\" class=\"card-header\" data-toggle=\"collapse\" data-target=\"#collapseDetail\" aria-expanded=\"false\" aria-controls=\"collapseDetail\">\n<h3>Detalhe<\/h3>\n<\/div>\n<div id=\"collapseDetail\" class=\"collapse show\" aria-labelledby=\"headingDetail\" data-parent=\"#detailContainer\">\n<div class=\"card-body\">\n<div class=\"selected-product__description-container--content\">\n<p><strong>3 Temperaturas\u00a0<\/strong><br \/>\nAquecimento e economia na medida certa.<\/p>\n<p><strong>Grande Espalhador<\/strong><br \/>\nMais conforto no seu banho.<\/p>\n<\/div>\n<\/div>\n<\/div>\n<\/div>\n","protected":false},"excerpt":{"rendered":"<p>Descri\u00e7\u00e3o A Maxi Ducha agora vem com a nova resist\u00eancia Loren Ultra. A tecnologia Loren Ultra revoluciona o conceito de&hellip;<\/p>\n","protected":false},"featured_media":279,"template":"","meta":[],"product_brand":[],"product_cat":[31,24,20],"product_tag":[],"class_list":{"0":"post-280","1":"product","2":"type-product","3":"status-publish","4":"has-post-thumbnail","6":"product_cat-banheiro","7":"product_cat-chuveiros","8":"product_cat-hidraulica","10":"first","11":"instock","12":"shipping-taxable","13":"product-type-simple"},"_links":{"self":[{"href":"https:\/\/depositobotafogo.com.br\/index.php?rest_route=\/wp\/v2\/product\/280","targetHints":{"allow":["GET"]}}],"collection":[{"href":"https:\/\/depositobotafogo.com.br\/index.php?rest_route=\/wp\/v2\/product"}],"about":[{"href":"https:\/\/depositobotafogo.com.br\/index.php?rest_route=\/wp\/v2\/types\/product"}],"wp:featuredmedia":[{"embeddable":true,"href":"https:\/\/depositobotafogo.com.br\/index.php?rest_route=\/wp\/v2\/media\/279"}],"wp:attachment":[{"href":"https:\/\/depositobotafogo.com.br\/index.php?rest_route=%2Fwp%2Fv2%2Fmedia&parent=280"}],"wp:term":[{"taxonomy":"product_brand","embeddable":true,"href":"https:\/\/depositobotafogo.com.br\/index.php?rest_route=%2Fwp%2Fv2%2Fproduct_brand&post=280"},{"taxonomy":"product_cat","embeddable":true,"href":"https:\/\/depositobotafogo.com.br\/index.php?rest_route=%2Fwp%2Fv2%2Fproduct_cat&post=280"},{"taxonomy":"product_tag","embeddable":true,"href":"https:\/\/depositobotafogo.com.br\/index.php?rest_route=%2Fwp%2Fv2%2Fproduct_tag&post=280"}],"curies":[{"name":"wp","href":"https:\/\/api.w.org\/{rel}","templated":true}]}}