{"id":315,"date":"2024-03-14T12:13:27","date_gmt":"2024-03-14T15:13:27","guid":{"rendered":"https:\/\/depositobotafogo.com.br\/?post_type=product&#038;p=315"},"modified":"2024-03-14T12:32:05","modified_gmt":"2024-03-14T15:32:05","slug":"cimento-liz-cp-iv-32-rs","status":"publish","type":"product","link":"https:\/\/depositobotafogo.com.br\/?product=cimento-liz-cp-iv-32-rs","title":{"rendered":"CIMENTO LIZ CP IV-32 RS"},"content":{"rendered":"<p>O cimento\u00a0<em>Portland<\/em>\u00a0CP IV-32 RS pode ser usado em diversos tipos de obras. No entanto, seu diferencial est\u00e1 na elevada resist\u00eancia a sulfatos tornando-o mais indicado para utiliza\u00e7\u00e3o em obras que ser\u00e3o executadas em ambientes agressivos como esgotos, funda\u00e7\u00f5es e \u00e1gua marinha.<\/p>\n<p>&nbsp;<\/p>\n<h3 class=\"titulo1\">Aplica\u00e7\u00f5es<\/h3>\n<p>O cimento\u00a0<em>Portland<\/em>\u00a0CP IV-32 RS pode ser aplicado em argamassas de assentamento e revestimento, em argamassas e concretos expostos a ambiente agressivos, em concretos simples, armado, rolado, em lajes e outros artefatos de cimento, em pavimentos e cal\u00e7adas ou em solo-cimento (mistura de cimento e terra), e funda\u00e7\u00f5es.<\/p>\n<p>&nbsp;<\/p>\n<h3 class=\"titulo1\">Vantagens<\/h3>\n<p>O cimento\u00a0<em>Portland<\/em>\u00a0CP IV-32 RS possui, aos 28 dias, uma resist\u00eancia superior aos cimentos comuns, inclusive, a ambientes agressivos. Al\u00e9m disso, tem uma maior durabilidade sendo indicado para obras de saneamento, esgoto, ambientes marinhos, grandes obras como pontes, portos e pavimentos de concreto.<\/p>\n","protected":false},"excerpt":{"rendered":"<p>O cimento\u00a0Portland\u00a0CP IV-32 RS pode ser usado em diversos tipos de obras. No entanto, seu diferencial est\u00e1 na elevada resist\u00eancia&hellip;<\/p>\n","protected":false},"featured_media":316,"template":"","meta":[],"product_brand":[],"product_cat":[15,32],"product_tag":[],"class_list":{"0":"post-315","1":"product","2":"type-product","3":"status-publish","4":"has-post-thumbnail","6":"product_cat-sem-categoria","7":"product_cat-cimentos-e-argamassas","9":"first","10":"instock","11":"shipping-taxable","12":"product-type-simple"},"_links":{"self":[{"href":"https:\/\/depositobotafogo.com.br\/index.php?rest_route=\/wp\/v2\/product\/315","targetHints":{"allow":["GET"]}}],"collection":[{"href":"https:\/\/depositobotafogo.com.br\/index.php?rest_route=\/wp\/v2\/product"}],"about":[{"href":"https:\/\/depositobotafogo.com.br\/index.php?rest_route=\/wp\/v2\/types\/product"}],"wp:featuredmedia":[{"embeddable":true,"href":"https:\/\/depositobotafogo.com.br\/index.php?rest_route=\/wp\/v2\/media\/316"}],"wp:attachment":[{"href":"https:\/\/depositobotafogo.com.br\/index.php?rest_route=%2Fwp%2Fv2%2Fmedia&parent=315"}],"wp:term":[{"taxonomy":"product_brand","embeddable":true,"href":"https:\/\/depositobotafogo.com.br\/index.php?rest_route=%2Fwp%2Fv2%2Fproduct_brand&post=315"},{"taxonomy":"product_cat","embeddable":true,"href":"https:\/\/depositobotafogo.com.br\/index.php?rest_route=%2Fwp%2Fv2%2Fproduct_cat&post=315"},{"taxonomy":"product_tag","embeddable":true,"href":"https:\/\/depositobotafogo.com.br\/index.php?rest_route=%2Fwp%2Fv2%2Fproduct_tag&post=315"}],"curies":[{"name":"wp","href":"https:\/\/api.w.org\/{rel}","templated":true}]}}