{"id":326,"date":"2024-04-16T08:54:53","date_gmt":"2024-04-16T11:54:53","guid":{"rendered":"https:\/\/depositobotafogo.com.br\/?post_type=product&#038;p=326"},"modified":"2024-04-16T09:23:24","modified_gmt":"2024-04-16T12:23:24","slug":"tijolo-ceramico-29x19x09","status":"publish","type":"product","link":"https:\/\/depositobotafogo.com.br\/?product=tijolo-ceramico-29x19x09","title":{"rendered":"TIJOLO CER\u00c2MICO 29x19x09"},"content":{"rendered":"<p>Tijolo cer\u00e2mico para alvenaria de veda\u00e7\u00e3o. Dimens\u00f5es 29x19x09.<\/p>\n","protected":false},"excerpt":{"rendered":"<p>Tijolo cer\u00e2mico para alvenaria de veda\u00e7\u00e3o. Dimens\u00f5es 29x19x09.<\/p>\n","protected":false},"featured_media":327,"template":"","meta":[],"product_brand":[],"product_cat":[15,33],"product_tag":[],"class_list":{"0":"post-326","1":"product","2":"type-product","3":"status-publish","4":"has-post-thumbnail","6":"product_cat-sem-categoria","7":"product_cat-material-grosso","9":"first","10":"instock","11":"shipping-taxable","12":"product-type-simple"},"_links":{"self":[{"href":"https:\/\/depositobotafogo.com.br\/index.php?rest_route=\/wp\/v2\/product\/326","targetHints":{"allow":["GET"]}}],"collection":[{"href":"https:\/\/depositobotafogo.com.br\/index.php?rest_route=\/wp\/v2\/product"}],"about":[{"href":"https:\/\/depositobotafogo.com.br\/index.php?rest_route=\/wp\/v2\/types\/product"}],"wp:featuredmedia":[{"embeddable":true,"href":"https:\/\/depositobotafogo.com.br\/index.php?rest_route=\/wp\/v2\/media\/327"}],"wp:attachment":[{"href":"https:\/\/depositobotafogo.com.br\/index.php?rest_route=%2Fwp%2Fv2%2Fmedia&parent=326"}],"wp:term":[{"taxonomy":"product_brand","embeddable":true,"href":"https:\/\/depositobotafogo.com.br\/index.php?rest_route=%2Fwp%2Fv2%2Fproduct_brand&post=326"},{"taxonomy":"product_cat","embeddable":true,"href":"https:\/\/depositobotafogo.com.br\/index.php?rest_route=%2Fwp%2Fv2%2Fproduct_cat&post=326"},{"taxonomy":"product_tag","embeddable":true,"href":"https:\/\/depositobotafogo.com.br\/index.php?rest_route=%2Fwp%2Fv2%2Fproduct_tag&post=326"}],"curies":[{"name":"wp","href":"https:\/\/api.w.org\/{rel}","templated":true}]}}