{"id":335,"date":"2024-04-16T10:06:48","date_gmt":"2024-04-16T13:06:48","guid":{"rendered":"https:\/\/depositobotafogo.com.br\/?post_type=product&#038;p=335"},"modified":"2024-04-16T10:09:20","modified_gmt":"2024-04-16T13:09:20","slug":"argamassa-fassa-bortolo-ac3-20kg","status":"publish","type":"product","link":"https:\/\/depositobotafogo.com.br\/?product=argamassa-fassa-bortolo-ac3-20kg","title":{"rendered":"ARGAMASSA FASSA BORTOLO AC3 20KG"},"content":{"rendered":"<div class=\"product-descrizione-wrapper product-item-wrapper\">\n<div class=\"product-descrizione\">\n<div class=\"product-descrizione-wrapper product-item-wrapper\">\n<div class=\"product-descrizione\">\n<p>Argamassa colante para cer\u00e2micas e porcelanatos em \u00e1reas internas e externas, inclusive fachadas. Cor: Cinza<\/p>\n<\/div>\n<\/div>\n<div class=\"product-impiego-wrapper product-item-wrapper\">\n<div class=\"product-label\">\n<h3>Utiliza\u00e7\u00e3o<\/h3>\n<\/div>\n<div class=\"product-impiego\">\n<p>FASSA.COLA FLEX\u00cdVEL EXTERIOR AC III \u00e9 utilizada para o assentamento de:<\/p>\n<p>Cer\u00e2micas e porcelanatos de at\u00e9 140 x 140 cm e pastilhas em ambientes internos e externos, tanto em pisos quanto em paredes (exceto fachadas); para assentamento em fachadas, cer\u00e2micas e porcelanatos com at\u00e9 60 x 60 cm<\/p>\n<p>Porcelanatos de baixa espessura, at\u00e9 5,5 mm<\/p>\n<p>Assentamento de pedra natural, m\u00e1rmore e granito est\u00e1veis \u00e0 umidade e n\u00e3o sujeitos \u00e0 manchas de at\u00e9 140 x 140 cm em \u00e1reas internas e 80 x 80 cm em \u00e1reas externas (exceto fachadas); para assentamento em fachadas, entre em contato com assist\u00eancia t\u00e9cnica Fassa<\/p>\n<p>Sobreposi\u00e7\u00e3o em pavimentos pr\u00e9-existentes de cer\u00e2micas e porcelanatos at\u00e9 140 x 140 cm em ambientes internos e at\u00e9 100 x 100 cm em ambientes externos<\/p>\n<p>Assentamento de cer\u00e2micas em piscinas e saunas<\/p>\n<p>Assentamento em ambientes com alto tr\u00e1fego de pedestres<\/p>\n<p>Assentamento em piso com sistema de aquecimento no pavimento<\/p>\n<p>N\u00e3o utilizar nos seguintes casos:<\/p>\n<p>Assentamento de pedras naturais sens\u00edveis a umidade e manchas<\/p>\n<p>Assentamento em superf\u00edcies com elevadas temperaturas (acima de 70\u00b0C)<\/p>\n<\/div>\n<\/div>\n<\/div>\n<\/div>\n","protected":false},"excerpt":{"rendered":"<p>Argamassa colante para cer\u00e2micas e porcelanatos em \u00e1reas internas e externas, inclusive fachadas. Cor: Cinza Utiliza\u00e7\u00e3o FASSA.COLA FLEX\u00cdVEL EXTERIOR AC&hellip;<\/p>\n","protected":false},"featured_media":336,"template":"","meta":[],"product_brand":[],"product_cat":[15,33],"product_tag":[],"class_list":{"0":"post-335","1":"product","2":"type-product","3":"status-publish","4":"has-post-thumbnail","6":"product_cat-sem-categoria","7":"product_cat-material-grosso","9":"first","10":"instock","11":"shipping-taxable","12":"product-type-simple"},"_links":{"self":[{"href":"https:\/\/depositobotafogo.com.br\/index.php?rest_route=\/wp\/v2\/product\/335","targetHints":{"allow":["GET"]}}],"collection":[{"href":"https:\/\/depositobotafogo.com.br\/index.php?rest_route=\/wp\/v2\/product"}],"about":[{"href":"https:\/\/depositobotafogo.com.br\/index.php?rest_route=\/wp\/v2\/types\/product"}],"wp:featuredmedia":[{"embeddable":true,"href":"https:\/\/depositobotafogo.com.br\/index.php?rest_route=\/wp\/v2\/media\/336"}],"wp:attachment":[{"href":"https:\/\/depositobotafogo.com.br\/index.php?rest_route=%2Fwp%2Fv2%2Fmedia&parent=335"}],"wp:term":[{"taxonomy":"product_brand","embeddable":true,"href":"https:\/\/depositobotafogo.com.br\/index.php?rest_route=%2Fwp%2Fv2%2Fproduct_brand&post=335"},{"taxonomy":"product_cat","embeddable":true,"href":"https:\/\/depositobotafogo.com.br\/index.php?rest_route=%2Fwp%2Fv2%2Fproduct_cat&post=335"},{"taxonomy":"product_tag","embeddable":true,"href":"https:\/\/depositobotafogo.com.br\/index.php?rest_route=%2Fwp%2Fv2%2Fproduct_tag&post=335"}],"curies":[{"name":"wp","href":"https:\/\/api.w.org\/{rel}","templated":true}]}}