{"id":410,"date":"2024-04-19T08:26:12","date_gmt":"2024-04-19T11:26:12","guid":{"rendered":"https:\/\/depositobotafogo.com.br\/?post_type=product&#038;p=410"},"modified":"2024-04-19T08:29:32","modified_gmt":"2024-04-19T11:29:32","slug":"argamassa-fassa-bortolo-ac1-20kg","status":"publish","type":"product","link":"https:\/\/depositobotafogo.com.br\/?product=argamassa-fassa-bortolo-ac1-20kg","title":{"rendered":"ARGAMASSA FASSA BORTOLO AC1 20Kg"},"content":{"rendered":"<div class=\"product-descrizione-wrapper product-item-wrapper\">\n<div class=\"product-descrizione\">\n<div class=\"product-descrizione-wrapper product-item-wrapper\">\n<div class=\"product-descrizione\">\n<p>Argamassa colante para cer\u00e2micas em \u00e1reas internas. Cor: Cinza<\/p>\n<\/div>\n<\/div>\n<div class=\"product-impiego-wrapper product-item-wrapper\">\n<div class=\"product-label\">\n<h3>Utiliza\u00e7\u00e3o<\/h3>\n<\/div>\n<div class=\"product-impiego\">\n<p>FASSA.COLA INTERIOR AC I \u00e9 utilizada para o assentamento de:<\/p>\n<p>Cer\u00e2micas de m\u00e9dia e alta absor\u00e7\u00e3o de \u00e1gua (&gt; 3%), com at\u00e9 60 x 60 cm em ambientes internos, tanto em pisos quanto em paredes<\/p>\n<p>N\u00e3o utilizar nos seguintes casos:<\/p>\n<p>Assentamento em ambientes com alto tr\u00e1fego de pedestres, com condi\u00e7\u00f5es severas (saunas, c\u00e2meras frigor\u00edficas, churrasqueiras, etc.) ou com presen\u00e7a constante de \u00e1gua<\/p>\n<p>Assentamento em ambientes externos<\/p>\n<p>Assentamento de cer\u00e2micas de grandes formatos<\/p>\n<p>Assentamento de cer\u00e2micas com absor\u00e7\u00e3o de \u00e1gua \u2264 3%<\/p>\n<p>Sobreposi\u00e7\u00e3o em pisos existentes<\/p>\n<\/div>\n<\/div>\n<div class=\"product-fornitura-wrapper product-item-wrapper\">\n<div class=\"product-label\">\n<h3>Fornecimento<\/h3>\n<\/div>\n<div class=\"product-fornitura\">\n<p>Sacos especiais com prote\u00e7\u00e3o contra a umidade de aprox. 20 kg<\/p>\n<\/div>\n<\/div>\n<\/div>\n<\/div>\n","protected":false},"excerpt":{"rendered":"<p>Argamassa colante para cer\u00e2micas em \u00e1reas internas. Cor: Cinza Utiliza\u00e7\u00e3o FASSA.COLA INTERIOR AC I \u00e9 utilizada para o assentamento de:&hellip;<\/p>\n","protected":false},"featured_media":411,"template":"","meta":[],"product_brand":[],"product_cat":[15,33],"product_tag":[],"class_list":{"0":"post-410","1":"product","2":"type-product","3":"status-publish","4":"has-post-thumbnail","6":"product_cat-sem-categoria","7":"product_cat-material-grosso","9":"first","10":"instock","11":"shipping-taxable","12":"product-type-simple"},"_links":{"self":[{"href":"https:\/\/depositobotafogo.com.br\/index.php?rest_route=\/wp\/v2\/product\/410","targetHints":{"allow":["GET"]}}],"collection":[{"href":"https:\/\/depositobotafogo.com.br\/index.php?rest_route=\/wp\/v2\/product"}],"about":[{"href":"https:\/\/depositobotafogo.com.br\/index.php?rest_route=\/wp\/v2\/types\/product"}],"wp:featuredmedia":[{"embeddable":true,"href":"https:\/\/depositobotafogo.com.br\/index.php?rest_route=\/wp\/v2\/media\/411"}],"wp:attachment":[{"href":"https:\/\/depositobotafogo.com.br\/index.php?rest_route=%2Fwp%2Fv2%2Fmedia&parent=410"}],"wp:term":[{"taxonomy":"product_brand","embeddable":true,"href":"https:\/\/depositobotafogo.com.br\/index.php?rest_route=%2Fwp%2Fv2%2Fproduct_brand&post=410"},{"taxonomy":"product_cat","embeddable":true,"href":"https:\/\/depositobotafogo.com.br\/index.php?rest_route=%2Fwp%2Fv2%2Fproduct_cat&post=410"},{"taxonomy":"product_tag","embeddable":true,"href":"https:\/\/depositobotafogo.com.br\/index.php?rest_route=%2Fwp%2Fv2%2Fproduct_tag&post=410"}],"curies":[{"name":"wp","href":"https:\/\/api.w.org\/{rel}","templated":true}]}}