{"id":448,"date":"2024-04-26T12:28:28","date_gmt":"2024-04-26T15:28:28","guid":{"rendered":"https:\/\/depositobotafogo.com.br\/?post_type=product&#038;p=448"},"modified":"2024-05-29T09:34:58","modified_gmt":"2024-05-29T12:34:58","slug":"448","status":"publish","type":"product","link":"https:\/\/depositobotafogo.com.br\/?product=448","title":{"rendered":"PISO CEDASA HD3706"},"content":{"rendered":"<p><img fetchpriority=\"high\" decoding=\"async\" class=\"alignnone size-large wp-image-449\" src=\"http:\/\/depositobotafogo.com.br\/wp-content\/uploads\/2024\/04\/3706-01-1024x1024.jpg\" alt=\"\" width=\"525\" height=\"525\" srcset=\"https:\/\/depositobotafogo.com.br\/wp-content\/uploads\/2024\/04\/3706-01-1024x1024.jpg 1024w, https:\/\/depositobotafogo.com.br\/wp-content\/uploads\/2024\/04\/3706-01-300x300.jpg 300w, https:\/\/depositobotafogo.com.br\/wp-content\/uploads\/2024\/04\/3706-01-150x150.jpg 150w, https:\/\/depositobotafogo.com.br\/wp-content\/uploads\/2024\/04\/3706-01-768x768.jpg 768w, https:\/\/depositobotafogo.com.br\/wp-content\/uploads\/2024\/04\/3706-01-1536x1536.jpg 1536w, https:\/\/depositobotafogo.com.br\/wp-content\/uploads\/2024\/04\/3706-01-2048x2048.jpg 2048w, https:\/\/depositobotafogo.com.br\/wp-content\/uploads\/2024\/04\/3706-01-600x600.jpg 600w, https:\/\/depositobotafogo.com.br\/wp-content\/uploads\/2024\/04\/3706-01-100x100.jpg 100w\" sizes=\"(max-width: 525px) 100vw, 525px\" \/> <img decoding=\"async\" class=\"alignnone size-large wp-image-450\" src=\"http:\/\/depositobotafogo.com.br\/wp-content\/uploads\/2024\/04\/3706-1024x1024.jpg\" alt=\"\" width=\"525\" height=\"525\" srcset=\"https:\/\/depositobotafogo.com.br\/wp-content\/uploads\/2024\/04\/3706-1024x1024.jpg 1024w, https:\/\/depositobotafogo.com.br\/wp-content\/uploads\/2024\/04\/3706-300x300.jpg 300w, https:\/\/depositobotafogo.com.br\/wp-content\/uploads\/2024\/04\/3706-150x150.jpg 150w, https:\/\/depositobotafogo.com.br\/wp-content\/uploads\/2024\/04\/3706-768x768.jpg 768w, https:\/\/depositobotafogo.com.br\/wp-content\/uploads\/2024\/04\/3706-1536x1536.jpg 1536w, https:\/\/depositobotafogo.com.br\/wp-content\/uploads\/2024\/04\/3706-2048x2048.jpg 2048w, https:\/\/depositobotafogo.com.br\/wp-content\/uploads\/2024\/04\/3706-600x600.jpg 600w, https:\/\/depositobotafogo.com.br\/wp-content\/uploads\/2024\/04\/3706-100x100.jpg 100w\" sizes=\"(max-width: 525px) 100vw, 525px\" \/> <img decoding=\"async\" class=\"alignnone size-large wp-image-451\" src=\"http:\/\/depositobotafogo.com.br\/wp-content\/uploads\/2024\/04\/3706-painel-94f2d9-1024x768.jpg\" alt=\"\" width=\"525\" height=\"394\" srcset=\"https:\/\/depositobotafogo.com.br\/wp-content\/uploads\/2024\/04\/3706-painel-94f2d9-1024x768.jpg 1024w, https:\/\/depositobotafogo.com.br\/wp-content\/uploads\/2024\/04\/3706-painel-94f2d9-300x225.jpg 300w, https:\/\/depositobotafogo.com.br\/wp-content\/uploads\/2024\/04\/3706-painel-94f2d9-768x576.jpg 768w, https:\/\/depositobotafogo.com.br\/wp-content\/uploads\/2024\/04\/3706-painel-94f2d9-1536x1152.jpg 1536w, https:\/\/depositobotafogo.com.br\/wp-content\/uploads\/2024\/04\/3706-painel-94f2d9-2048x1536.jpg 2048w, https:\/\/depositobotafogo.com.br\/wp-content\/uploads\/2024\/04\/3706-painel-94f2d9-600x450.jpg 600w\" sizes=\"(max-width: 525px) 100vw, 525px\" \/><\/p>\n<p>Tipo: LINHA 58&#215;58<\/p>\n<p>Tamanho: 58&#215;58<\/p>\n<p>Local de Uso: LB &#8211;<\/p>\n<p>Indicado para uso como piso em ambientes residenciais internos com baixo tr\u00e1fego e sem acesso para \u00e1reas externas. N\u00e3o pode ser usado em garagens e \u00e1reas descobertas. Tamb\u00e9m pode ser utilizado em\u00a0<strong>LA<\/strong>.<\/p>\n<p>&nbsp;<\/p>\n<p>Faces: 4<\/p>\n<p>Acabamento: Brilhante<\/p>\n<p>Classifica\u00e7\u00e3o Tonal:\u00a0<a href=\"https:\/\/www.majopar.com.br\/informacoes\/especificacoes-tecnicas#tonal\">V3 &#8211; Varia\u00e7\u00e3o Moderada<\/a><\/p>\n<p>\u00c1rea: Pisos Internos Residenciais<\/p>\n","protected":false},"excerpt":{"rendered":"<p>Tipo: LINHA 58&#215;58 Tamanho: 58&#215;58 Local de Uso: LB &#8211; Indicado para uso como piso em ambientes residenciais internos com&hellip;<\/p>\n","protected":false},"featured_media":449,"template":"","meta":[],"product_brand":[],"product_cat":[15,35],"product_tag":[],"class_list":{"0":"post-448","1":"product","2":"type-product","3":"status-publish","4":"has-post-thumbnail","6":"product_cat-sem-categoria","7":"product_cat-revestimentos-pisos-e-porcelanatos","9":"first","10":"instock","11":"shipping-taxable","12":"product-type-simple"},"_links":{"self":[{"href":"https:\/\/depositobotafogo.com.br\/index.php?rest_route=\/wp\/v2\/product\/448","targetHints":{"allow":["GET"]}}],"collection":[{"href":"https:\/\/depositobotafogo.com.br\/index.php?rest_route=\/wp\/v2\/product"}],"about":[{"href":"https:\/\/depositobotafogo.com.br\/index.php?rest_route=\/wp\/v2\/types\/product"}],"wp:featuredmedia":[{"embeddable":true,"href":"https:\/\/depositobotafogo.com.br\/index.php?rest_route=\/wp\/v2\/media\/449"}],"wp:attachment":[{"href":"https:\/\/depositobotafogo.com.br\/index.php?rest_route=%2Fwp%2Fv2%2Fmedia&parent=448"}],"wp:term":[{"taxonomy":"product_brand","embeddable":true,"href":"https:\/\/depositobotafogo.com.br\/index.php?rest_route=%2Fwp%2Fv2%2Fproduct_brand&post=448"},{"taxonomy":"product_cat","embeddable":true,"href":"https:\/\/depositobotafogo.com.br\/index.php?rest_route=%2Fwp%2Fv2%2Fproduct_cat&post=448"},{"taxonomy":"product_tag","embeddable":true,"href":"https:\/\/depositobotafogo.com.br\/index.php?rest_route=%2Fwp%2Fv2%2Fproduct_tag&post=448"}],"curies":[{"name":"wp","href":"https:\/\/api.w.org\/{rel}","templated":true}]}}