{"id":454,"date":"2024-05-23T08:58:59","date_gmt":"2024-05-23T11:58:59","guid":{"rendered":"https:\/\/depositobotafogo.com.br\/?post_type=product&#038;p=454"},"modified":"2024-05-29T09:34:33","modified_gmt":"2024-05-29T12:34:33","slug":"revestimento-scaleno-white-5343","status":"publish","type":"product","link":"https:\/\/depositobotafogo.com.br\/?product=revestimento-scaleno-white-5343","title":{"rendered":"REVESTIMENTO Scaleno White &#8211; 5343"},"content":{"rendered":"<div>\n<h2 class=\"heading-24 givonic w-700 mb-4\">Informa\u00e7\u00f5es do Produto<\/h2>\n<p><img fetchpriority=\"high\" decoding=\"async\" class=\"alignnone size-full wp-image-455\" src=\"http:\/\/depositobotafogo.com.br\/wp-content\/uploads\/2024\/05\/SCALENO-AMB.jpg\" alt=\"\" width=\"1000\" height=\"750\" srcset=\"https:\/\/depositobotafogo.com.br\/wp-content\/uploads\/2024\/05\/SCALENO-AMB.jpg 1000w, https:\/\/depositobotafogo.com.br\/wp-content\/uploads\/2024\/05\/SCALENO-AMB-300x225.jpg 300w, https:\/\/depositobotafogo.com.br\/wp-content\/uploads\/2024\/05\/SCALENO-AMB-768x576.jpg 768w, https:\/\/depositobotafogo.com.br\/wp-content\/uploads\/2024\/05\/SCALENO-AMB-600x450.jpg 600w\" sizes=\"(max-width: 1000px) 100vw, 1000px\" \/> <img decoding=\"async\" class=\"alignnone size-large wp-image-456\" src=\"http:\/\/depositobotafogo.com.br\/wp-content\/uploads\/2024\/05\/SCALENO.jpg\" alt=\"\" width=\"525\" height=\"288\" srcset=\"https:\/\/depositobotafogo.com.br\/wp-content\/uploads\/2024\/05\/SCALENO.jpg 800w, https:\/\/depositobotafogo.com.br\/wp-content\/uploads\/2024\/05\/SCALENO-300x165.jpg 300w, https:\/\/depositobotafogo.com.br\/wp-content\/uploads\/2024\/05\/SCALENO-768x421.jpg 768w, https:\/\/depositobotafogo.com.br\/wp-content\/uploads\/2024\/05\/SCALENO-600x329.jpg 600w\" sizes=\"(max-width: 525px) 100vw, 525px\" \/><\/div>\n<table>\n<tbody>\n<tr class=\"attr\">\n<td class=\"Montserrat  w-400\"><strong>C\u00f3digo:<\/strong>\u00a05343<\/td>\n<\/tr>\n<tr class=\"attr\">\n<td class=\"Montserrat  w-400\"><strong>Formato:<\/strong>\u00a033&#215;60,5cm | Bold<\/td>\n<\/tr>\n<\/tbody>\n<\/table>\n<div class=\"product-details-infos-table\">\n<table>\n<tbody>\n<tr class=\"attr-attr text-start\">\n<td class=\"Montserrat w-400\"><strong>Piso ou Parede:<\/strong>\u00a0Parede<\/td>\n<\/tr>\n<tr class=\"attr-attr text-start\">\n<td class=\"Montserrat w-400\"><strong>Junta de assentamento:<\/strong>\u00a05 mm<\/td>\n<\/tr>\n<tr class=\"attr-attr text-start\">\n<td class=\"Montserrat w-400\"><strong>Tipologia:<\/strong>\u00a0Brilhante<\/td>\n<\/tr>\n<tr class=\"attr-attr text-start\">\n<td class=\"Montserrat w-400\"><strong>Ambientes:<\/strong>\u00a0\u00c1rea Comercial, \u00c1rea Externa, Banheiro, Cozinha, Quarto, Sacada Coberta, Sala, Varanda<\/td>\n<\/tr>\n<tr class=\"attr-attr text-start\">\n<td class=\"Montserrat w-400\"><strong>Linha:<\/strong>\u00a0Essencial<\/td>\n<\/tr>\n<tr class=\"attr-attr text-start\">\n<td class=\"Montserrat w-400\"><strong>Cores:<\/strong>\u00a0Branco<\/td>\n<\/tr>\n<tr class=\"attr-attr text-start\">\n<td class=\"Montserrat w-400\"><strong>Decora\u00e7\u00e3o:<\/strong>\u00a0Minimalista<\/td>\n<\/tr>\n<tr class=\"attr-attr text-start\">\n<td class=\"Montserrat w-400\"><strong>Quantidade de faces:<\/strong>\u00a01<\/td>\n<\/tr>\n<\/tbody>\n<\/table>\n<\/div>\n","protected":false},"excerpt":{"rendered":"<p>Informa\u00e7\u00f5es do Produto C\u00f3digo:\u00a05343 Formato:\u00a033&#215;60,5cm | Bold Piso ou Parede:\u00a0Parede Junta de assentamento:\u00a05 mm Tipologia:\u00a0Brilhante Ambientes:\u00a0\u00c1rea Comercial, \u00c1rea Externa, Banheiro,&hellip;<\/p>\n","protected":false},"featured_media":456,"template":"","meta":[],"product_brand":[],"product_cat":[15,35],"product_tag":[],"class_list":{"0":"post-454","1":"product","2":"type-product","3":"status-publish","4":"has-post-thumbnail","6":"product_cat-sem-categoria","7":"product_cat-revestimentos-pisos-e-porcelanatos","9":"first","10":"instock","11":"shipping-taxable","12":"product-type-simple"},"_links":{"self":[{"href":"https:\/\/depositobotafogo.com.br\/index.php?rest_route=\/wp\/v2\/product\/454","targetHints":{"allow":["GET"]}}],"collection":[{"href":"https:\/\/depositobotafogo.com.br\/index.php?rest_route=\/wp\/v2\/product"}],"about":[{"href":"https:\/\/depositobotafogo.com.br\/index.php?rest_route=\/wp\/v2\/types\/product"}],"wp:featuredmedia":[{"embeddable":true,"href":"https:\/\/depositobotafogo.com.br\/index.php?rest_route=\/wp\/v2\/media\/456"}],"wp:attachment":[{"href":"https:\/\/depositobotafogo.com.br\/index.php?rest_route=%2Fwp%2Fv2%2Fmedia&parent=454"}],"wp:term":[{"taxonomy":"product_brand","embeddable":true,"href":"https:\/\/depositobotafogo.com.br\/index.php?rest_route=%2Fwp%2Fv2%2Fproduct_brand&post=454"},{"taxonomy":"product_cat","embeddable":true,"href":"https:\/\/depositobotafogo.com.br\/index.php?rest_route=%2Fwp%2Fv2%2Fproduct_cat&post=454"},{"taxonomy":"product_tag","embeddable":true,"href":"https:\/\/depositobotafogo.com.br\/index.php?rest_route=%2Fwp%2Fv2%2Fproduct_tag&post=454"}],"curies":[{"name":"wp","href":"https:\/\/api.w.org\/{rel}","templated":true}]}}