{"id":497,"date":"2024-05-25T08:01:42","date_gmt":"2024-05-25T11:01:42","guid":{"rendered":"https:\/\/depositobotafogo.com.br\/?post_type=product&#038;p=497"},"modified":"2024-05-29T09:29:54","modified_gmt":"2024-05-29T12:29:54","slug":"piso-embramaco-nevada-mate-rt60034","status":"publish","type":"product","link":"https:\/\/depositobotafogo.com.br\/?product=piso-embramaco-nevada-mate-rt60034","title":{"rendered":"PISO EMBRAMACO Nevada Mate &#8211; RT60034"},"content":{"rendered":"<table>\n<tbody>\n<tr class=\"attr\">\n<td class=\"Montserrat  w-400\"><strong>C\u00f3digo:<\/strong>\u00a0RT60034<\/td>\n<\/tr>\n<tr class=\"attr\">\n<td class=\"Montserrat  w-400\"><strong>Formato:<\/strong>\u00a060x60cm<\/td>\n<\/tr>\n<\/tbody>\n<\/table>\n<div class=\"product-details-infos-table\">\n<table>\n<tbody>\n<tr class=\"attr-attr text-start\">\n<td class=\"Montserrat w-400\"><strong>Piso ou Parede:<\/strong>\u00a0Parede, Piso<\/td>\n<\/tr>\n<tr class=\"attr-attr text-start\">\n<td class=\"Montserrat w-400\"><strong>Junta de assentamento:<\/strong>\u00a02 mm<\/td>\n<\/tr>\n<tr class=\"attr-attr text-start\">\n<td class=\"Montserrat w-400\"><strong>Tipologia:<\/strong>\u00a0Acetinado<\/td>\n<\/tr>\n<tr class=\"attr-attr text-start\">\n<td class=\"Montserrat w-400\"><strong>Ambientes:<\/strong>\u00a0\u00c1rea Comercial, \u00c1rea Externa, Banheiro, Cozinha, Quarto, Sacada Coberta, Sala, Varanda<\/td>\n<\/tr>\n<tr class=\"attr-attr text-start\">\n<td class=\"Montserrat w-400\"><strong>Linha:<\/strong>\u00a0Cer\u00e2mica Retificada<\/td>\n<\/tr>\n<tr class=\"attr-attr text-start\">\n<td class=\"Montserrat w-400\"><strong>Cores:<\/strong>\u00a0Cinza<\/td>\n<\/tr>\n<tr class=\"attr-attr text-start\">\n<td class=\"Montserrat w-400\"><strong>Local de uso:<\/strong>\u00a0<strong>LD &#8211; Alto Tr\u00e1fego:<\/strong>\u00a0ALTO TR\u00c1FEGO: Ambientes residenciais e comerciais COBERTOS, com alto tr\u00e1fego de pessoas. Recomendado para locais onde N\u00c3O SE REQUER resist\u00eancia ao escorregamento (COF &lt; 0,4).<\/td>\n<\/tr>\n<tr class=\"attr-attr text-start\">\n<td class=\"Montserrat w-400\"><strong>Retificado:<\/strong>\u00a0Sim<img fetchpriority=\"high\" decoding=\"async\" class=\"alignnone size-full wp-image-498\" src=\"http:\/\/depositobotafogo.com.br\/wp-content\/uploads\/2024\/05\/60034.jpg\" alt=\"\" width=\"800\" height=\"800\" srcset=\"https:\/\/depositobotafogo.com.br\/wp-content\/uploads\/2024\/05\/60034.jpg 800w, https:\/\/depositobotafogo.com.br\/wp-content\/uploads\/2024\/05\/60034-300x300.jpg 300w, https:\/\/depositobotafogo.com.br\/wp-content\/uploads\/2024\/05\/60034-150x150.jpg 150w, https:\/\/depositobotafogo.com.br\/wp-content\/uploads\/2024\/05\/60034-768x768.jpg 768w, https:\/\/depositobotafogo.com.br\/wp-content\/uploads\/2024\/05\/60034-600x600.jpg 600w, https:\/\/depositobotafogo.com.br\/wp-content\/uploads\/2024\/05\/60034-100x100.jpg 100w\" sizes=\"(max-width: 800px) 100vw, 800px\" \/> <img decoding=\"async\" class=\"alignnone size-large wp-image-499\" src=\"http:\/\/depositobotafogo.com.br\/wp-content\/uploads\/2024\/05\/60034AMB-1024x576.jpg\" alt=\"\" width=\"525\" height=\"295\" srcset=\"https:\/\/depositobotafogo.com.br\/wp-content\/uploads\/2024\/05\/60034AMB-1024x576.jpg 1024w, https:\/\/depositobotafogo.com.br\/wp-content\/uploads\/2024\/05\/60034AMB-300x169.jpg 300w, https:\/\/depositobotafogo.com.br\/wp-content\/uploads\/2024\/05\/60034AMB-768x432.jpg 768w, https:\/\/depositobotafogo.com.br\/wp-content\/uploads\/2024\/05\/60034AMB-1536x864.jpg 1536w, https:\/\/depositobotafogo.com.br\/wp-content\/uploads\/2024\/05\/60034AMB-2048x1152.jpg 2048w, https:\/\/depositobotafogo.com.br\/wp-content\/uploads\/2024\/05\/60034AMB-600x338.jpg 600w\" sizes=\"(max-width: 525px) 100vw, 525px\" \/><\/td>\n<\/tr>\n<\/tbody>\n<\/table>\n<\/div>\n","protected":false},"excerpt":{"rendered":"<p>C\u00f3digo:\u00a0RT60034 Formato:\u00a060x60cm Piso ou Parede:\u00a0Parede, Piso Junta de assentamento:\u00a02 mm Tipologia:\u00a0Acetinado Ambientes:\u00a0\u00c1rea Comercial, \u00c1rea Externa, Banheiro, Cozinha, Quarto, Sacada Coberta,&hellip;<\/p>\n","protected":false},"featured_media":498,"template":"","meta":[],"product_brand":[],"product_cat":[15,35],"product_tag":[],"class_list":{"0":"post-497","1":"product","2":"type-product","3":"status-publish","4":"has-post-thumbnail","6":"product_cat-sem-categoria","7":"product_cat-revestimentos-pisos-e-porcelanatos","9":"first","10":"instock","11":"shipping-taxable","12":"product-type-simple"},"_links":{"self":[{"href":"https:\/\/depositobotafogo.com.br\/index.php?rest_route=\/wp\/v2\/product\/497","targetHints":{"allow":["GET"]}}],"collection":[{"href":"https:\/\/depositobotafogo.com.br\/index.php?rest_route=\/wp\/v2\/product"}],"about":[{"href":"https:\/\/depositobotafogo.com.br\/index.php?rest_route=\/wp\/v2\/types\/product"}],"wp:featuredmedia":[{"embeddable":true,"href":"https:\/\/depositobotafogo.com.br\/index.php?rest_route=\/wp\/v2\/media\/498"}],"wp:attachment":[{"href":"https:\/\/depositobotafogo.com.br\/index.php?rest_route=%2Fwp%2Fv2%2Fmedia&parent=497"}],"wp:term":[{"taxonomy":"product_brand","embeddable":true,"href":"https:\/\/depositobotafogo.com.br\/index.php?rest_route=%2Fwp%2Fv2%2Fproduct_brand&post=497"},{"taxonomy":"product_cat","embeddable":true,"href":"https:\/\/depositobotafogo.com.br\/index.php?rest_route=%2Fwp%2Fv2%2Fproduct_cat&post=497"},{"taxonomy":"product_tag","embeddable":true,"href":"https:\/\/depositobotafogo.com.br\/index.php?rest_route=%2Fwp%2Fv2%2Fproduct_tag&post=497"}],"curies":[{"name":"wp","href":"https:\/\/api.w.org\/{rel}","templated":true}]}}