{"id":510,"date":"2024-05-25T08:40:58","date_gmt":"2024-05-25T11:40:58","guid":{"rendered":"https:\/\/depositobotafogo.com.br\/?post_type=product&#038;p=510"},"modified":"2024-05-29T09:29:30","modified_gmt":"2024-05-29T12:29:30","slug":"piso-cedasa-hd-1753","status":"publish","type":"product","link":"https:\/\/depositobotafogo.com.br\/?product=piso-cedasa-hd-1753","title":{"rendered":"PISO CEDASA HD 1753"},"content":{"rendered":"<p>Tipo: LINHA 58&#215;58<\/p>\n<p>Tamanho: 58&#215;58<\/p>\n<p>Local de Uso: LB &#8211;<\/p>\n<p>Indicado para uso como piso em ambientes residenciais internos com baixo tr\u00e1fego e sem acesso para \u00e1reas externas. N\u00e3o pode ser usado em garagens e \u00e1reas descobertas. Tamb\u00e9m pode ser utilizado em\u00a0<strong>LA<\/strong>.<\/p>\n<p>&nbsp;<\/p>\n<p>Faces: 3<\/p>\n<p>Acabamento: Brilhante<\/p>\n<p>Classifica\u00e7\u00e3o Tonal:\u00a0<a href=\"https:\/\/www.cedasa.com.br\/informacoes\/especificacoes-tecnicas#tonal\">V3 &#8211; Varia\u00e7\u00e3o Moderada<\/a><\/p>\n<p>\u00c1rea: Pisos Internos Residenciais<\/p>\n<p>&nbsp;<\/p>\n<h4>Dados T\u00e9cnicos<\/h4>\n<p><b>Tamanho T\u00e9cnico:<\/b>\u00a058&#215;58<br \/>\n<b>Dimens\u00e3o:<\/b>\u00a0578,1 mm x 578,1 mm x 7,9 mm<br \/>\n<b>Junta M\u00ednima:<\/b>\u00a05 mm<br \/>\n<b>Pe\u00e7as\/Caixa:<\/b>\u00a07<br \/>\n<b>m2\/Caixa:<\/b>\u00a02,32 m2<img fetchpriority=\"high\" decoding=\"async\" class=\"alignnone size-full wp-image-511\" src=\"http:\/\/depositobotafogo.com.br\/wp-content\/uploads\/2024\/05\/1753.jpg\" alt=\"\" width=\"500\" height=\"500\" srcset=\"https:\/\/depositobotafogo.com.br\/wp-content\/uploads\/2024\/05\/1753.jpg 500w, https:\/\/depositobotafogo.com.br\/wp-content\/uploads\/2024\/05\/1753-300x300.jpg 300w, https:\/\/depositobotafogo.com.br\/wp-content\/uploads\/2024\/05\/1753-150x150.jpg 150w, https:\/\/depositobotafogo.com.br\/wp-content\/uploads\/2024\/05\/1753-100x100.jpg 100w\" sizes=\"(max-width: 500px) 100vw, 500px\" \/> <img decoding=\"async\" class=\"alignnone size-large wp-image-512\" src=\"http:\/\/depositobotafogo.com.br\/wp-content\/uploads\/2024\/05\/1753AMB.jpg\" alt=\"\" width=\"525\" height=\"437\" srcset=\"https:\/\/depositobotafogo.com.br\/wp-content\/uploads\/2024\/05\/1753AMB.jpg 1000w, https:\/\/depositobotafogo.com.br\/wp-content\/uploads\/2024\/05\/1753AMB-300x250.jpg 300w, https:\/\/depositobotafogo.com.br\/wp-content\/uploads\/2024\/05\/1753AMB-768x640.jpg 768w, https:\/\/depositobotafogo.com.br\/wp-content\/uploads\/2024\/05\/1753AMB-600x500.jpg 600w\" sizes=\"(max-width: 525px) 100vw, 525px\" \/> <img decoding=\"async\" class=\"alignnone size-large wp-image-513\" src=\"http:\/\/depositobotafogo.com.br\/wp-content\/uploads\/2024\/05\/1753AMB2.jpg\" alt=\"\" width=\"525\" height=\"437\" srcset=\"https:\/\/depositobotafogo.com.br\/wp-content\/uploads\/2024\/05\/1753AMB2.jpg 1000w, https:\/\/depositobotafogo.com.br\/wp-content\/uploads\/2024\/05\/1753AMB2-300x250.jpg 300w, https:\/\/depositobotafogo.com.br\/wp-content\/uploads\/2024\/05\/1753AMB2-768x640.jpg 768w, https:\/\/depositobotafogo.com.br\/wp-content\/uploads\/2024\/05\/1753AMB2-600x500.jpg 600w\" sizes=\"(max-width: 525px) 100vw, 525px\" \/><\/p>\n","protected":false},"excerpt":{"rendered":"<p>Tipo: LINHA 58&#215;58 Tamanho: 58&#215;58 Local de Uso: LB &#8211; Indicado para uso como piso em ambientes residenciais internos com&hellip;<\/p>\n","protected":false},"featured_media":511,"template":"","meta":[],"product_brand":[],"product_cat":[15,35],"product_tag":[],"class_list":{"0":"post-510","1":"product","2":"type-product","3":"status-publish","4":"has-post-thumbnail","6":"product_cat-sem-categoria","7":"product_cat-revestimentos-pisos-e-porcelanatos","9":"first","10":"instock","11":"shipping-taxable","12":"product-type-simple"},"_links":{"self":[{"href":"https:\/\/depositobotafogo.com.br\/index.php?rest_route=\/wp\/v2\/product\/510","targetHints":{"allow":["GET"]}}],"collection":[{"href":"https:\/\/depositobotafogo.com.br\/index.php?rest_route=\/wp\/v2\/product"}],"about":[{"href":"https:\/\/depositobotafogo.com.br\/index.php?rest_route=\/wp\/v2\/types\/product"}],"wp:featuredmedia":[{"embeddable":true,"href":"https:\/\/depositobotafogo.com.br\/index.php?rest_route=\/wp\/v2\/media\/511"}],"wp:attachment":[{"href":"https:\/\/depositobotafogo.com.br\/index.php?rest_route=%2Fwp%2Fv2%2Fmedia&parent=510"}],"wp:term":[{"taxonomy":"product_brand","embeddable":true,"href":"https:\/\/depositobotafogo.com.br\/index.php?rest_route=%2Fwp%2Fv2%2Fproduct_brand&post=510"},{"taxonomy":"product_cat","embeddable":true,"href":"https:\/\/depositobotafogo.com.br\/index.php?rest_route=%2Fwp%2Fv2%2Fproduct_cat&post=510"},{"taxonomy":"product_tag","embeddable":true,"href":"https:\/\/depositobotafogo.com.br\/index.php?rest_route=%2Fwp%2Fv2%2Fproduct_tag&post=510"}],"curies":[{"name":"wp","href":"https:\/\/api.w.org\/{rel}","templated":true}]}}