{"id":517,"date":"2024-05-25T08:55:18","date_gmt":"2024-05-25T11:55:18","guid":{"rendered":"https:\/\/depositobotafogo.com.br\/?post_type=product&#038;p=517"},"modified":"2024-05-29T09:29:13","modified_gmt":"2024-05-29T12:29:13","slug":"revestimento-cedasa-hd4005","status":"publish","type":"product","link":"https:\/\/depositobotafogo.com.br\/?product=revestimento-cedasa-hd4005","title":{"rendered":"REVESTIMENTO CEDASA HD4005"},"content":{"rendered":"<p><strong>Tipo:<\/strong>\u00a0Linha Revestimentos HD<\/p>\n<p><strong>Tamanho:\u00a0<\/strong>32&#215;57<\/p>\n<p><strong>PEI:\u00a0<\/strong>3<\/p>\n<p><strong>Faces:<\/strong>\u00a08<\/p>\n<p><strong>Acabamento:\u00a0<\/strong>Acetinado<\/p>\n<p><strong>Classifica\u00e7\u00e3o Tonal:\u00a0<\/strong>V3 &#8211; Varia\u00e7\u00e3o Moderada<\/p>\n<p><strong>\u00c1rea:\u00a0<\/strong>Pisos Internos e Externos Cobertos Residenciais<\/p>\n<p><strong>m2\/Caixa:<\/strong>\u00a02,04 m2<\/p>\n<p><strong>Pe\u00e7as\/Caixa:<\/strong>\u00a011<img fetchpriority=\"high\" decoding=\"async\" class=\"alignnone size-full wp-image-518\" src=\"http:\/\/depositobotafogo.com.br\/wp-content\/uploads\/2024\/05\/4005.webp\" alt=\"\" width=\"1000\" height=\"1000\" srcset=\"https:\/\/depositobotafogo.com.br\/wp-content\/uploads\/2024\/05\/4005.webp 1000w, https:\/\/depositobotafogo.com.br\/wp-content\/uploads\/2024\/05\/4005-300x300.webp 300w, https:\/\/depositobotafogo.com.br\/wp-content\/uploads\/2024\/05\/4005-150x150.webp 150w, https:\/\/depositobotafogo.com.br\/wp-content\/uploads\/2024\/05\/4005-768x768.webp 768w, https:\/\/depositobotafogo.com.br\/wp-content\/uploads\/2024\/05\/4005-600x600.webp 600w, https:\/\/depositobotafogo.com.br\/wp-content\/uploads\/2024\/05\/4005-100x100.webp 100w\" sizes=\"(max-width: 1000px) 100vw, 1000px\" \/> <img decoding=\"async\" class=\"alignnone size-large wp-image-519\" src=\"http:\/\/depositobotafogo.com.br\/wp-content\/uploads\/2024\/05\/4005AMB.webp\" alt=\"\" width=\"525\" height=\"700\" srcset=\"https:\/\/depositobotafogo.com.br\/wp-content\/uploads\/2024\/05\/4005AMB.webp 600w, https:\/\/depositobotafogo.com.br\/wp-content\/uploads\/2024\/05\/4005AMB-225x300.webp 225w\" sizes=\"(max-width: 525px) 100vw, 525px\" \/><\/p>\n","protected":false},"excerpt":{"rendered":"<p>Tipo:\u00a0Linha Revestimentos HD Tamanho:\u00a032&#215;57 PEI:\u00a03 Faces:\u00a08 Acabamento:\u00a0Acetinado Classifica\u00e7\u00e3o Tonal:\u00a0V3 &#8211; Varia\u00e7\u00e3o Moderada \u00c1rea:\u00a0Pisos Internos e Externos Cobertos Residenciais m2\/Caixa:\u00a02,04 m2&hellip;<\/p>\n","protected":false},"featured_media":518,"template":"","meta":[],"product_brand":[],"product_cat":[15,35],"product_tag":[],"class_list":{"0":"post-517","1":"product","2":"type-product","3":"status-publish","4":"has-post-thumbnail","6":"product_cat-sem-categoria","7":"product_cat-revestimentos-pisos-e-porcelanatos","9":"first","10":"instock","11":"shipping-taxable","12":"product-type-simple"},"_links":{"self":[{"href":"https:\/\/depositobotafogo.com.br\/index.php?rest_route=\/wp\/v2\/product\/517","targetHints":{"allow":["GET"]}}],"collection":[{"href":"https:\/\/depositobotafogo.com.br\/index.php?rest_route=\/wp\/v2\/product"}],"about":[{"href":"https:\/\/depositobotafogo.com.br\/index.php?rest_route=\/wp\/v2\/types\/product"}],"wp:featuredmedia":[{"embeddable":true,"href":"https:\/\/depositobotafogo.com.br\/index.php?rest_route=\/wp\/v2\/media\/518"}],"wp:attachment":[{"href":"https:\/\/depositobotafogo.com.br\/index.php?rest_route=%2Fwp%2Fv2%2Fmedia&parent=517"}],"wp:term":[{"taxonomy":"product_brand","embeddable":true,"href":"https:\/\/depositobotafogo.com.br\/index.php?rest_route=%2Fwp%2Fv2%2Fproduct_brand&post=517"},{"taxonomy":"product_cat","embeddable":true,"href":"https:\/\/depositobotafogo.com.br\/index.php?rest_route=%2Fwp%2Fv2%2Fproduct_cat&post=517"},{"taxonomy":"product_tag","embeddable":true,"href":"https:\/\/depositobotafogo.com.br\/index.php?rest_route=%2Fwp%2Fv2%2Fproduct_tag&post=517"}],"curies":[{"name":"wp","href":"https:\/\/api.w.org\/{rel}","templated":true}]}}