{"id":564,"date":"2024-05-28T12:45:20","date_gmt":"2024-05-28T15:45:20","guid":{"rendered":"https:\/\/depositobotafogo.com.br\/?post_type=product&#038;p=564"},"modified":"2024-05-29T09:27:13","modified_gmt":"2024-05-29T12:27:13","slug":"piso-embramaco-madra-rt11005","status":"publish","type":"product","link":"https:\/\/depositobotafogo.com.br\/?product=piso-embramaco-madra-rt11005","title":{"rendered":"PISO EMBRAMACO MADRA RT11005"},"content":{"rendered":"<div>\n<h2 class=\"heading-24 givonic w-700 mb-4\">Informa\u00e7\u00f5es do Produto<\/h2>\n<p><img fetchpriority=\"high\" decoding=\"async\" class=\"alignnone size-large wp-image-565\" src=\"http:\/\/depositobotafogo.com.br\/wp-content\/uploads\/2024\/05\/MADRA-AMB-1024x576.jpg\" alt=\"\" width=\"525\" height=\"295\" srcset=\"https:\/\/depositobotafogo.com.br\/wp-content\/uploads\/2024\/05\/MADRA-AMB-1024x576.jpg 1024w, https:\/\/depositobotafogo.com.br\/wp-content\/uploads\/2024\/05\/MADRA-AMB-300x169.jpg 300w, https:\/\/depositobotafogo.com.br\/wp-content\/uploads\/2024\/05\/MADRA-AMB-768x432.jpg 768w, https:\/\/depositobotafogo.com.br\/wp-content\/uploads\/2024\/05\/MADRA-AMB-1536x864.jpg 1536w, https:\/\/depositobotafogo.com.br\/wp-content\/uploads\/2024\/05\/MADRA-AMB-2048x1152.jpg 2048w, https:\/\/depositobotafogo.com.br\/wp-content\/uploads\/2024\/05\/MADRA-AMB-600x338.jpg 600w\" sizes=\"(max-width: 525px) 100vw, 525px\" \/> <img decoding=\"async\" class=\"alignnone size-large wp-image-566\" src=\"http:\/\/depositobotafogo.com.br\/wp-content\/uploads\/2024\/05\/MADRA.jpg\" alt=\"\" width=\"525\" height=\"92\" srcset=\"https:\/\/depositobotafogo.com.br\/wp-content\/uploads\/2024\/05\/MADRA.jpg 800w, https:\/\/depositobotafogo.com.br\/wp-content\/uploads\/2024\/05\/MADRA-300x53.jpg 300w, https:\/\/depositobotafogo.com.br\/wp-content\/uploads\/2024\/05\/MADRA-768x134.jpg 768w, https:\/\/depositobotafogo.com.br\/wp-content\/uploads\/2024\/05\/MADRA-600x105.jpg 600w\" sizes=\"(max-width: 525px) 100vw, 525px\" \/> <img decoding=\"async\" class=\"alignnone size-large wp-image-567\" src=\"http:\/\/depositobotafogo.com.br\/wp-content\/uploads\/2024\/05\/MADRA1.jpg\" alt=\"\" width=\"525\" height=\"92\" srcset=\"https:\/\/depositobotafogo.com.br\/wp-content\/uploads\/2024\/05\/MADRA1.jpg 800w, https:\/\/depositobotafogo.com.br\/wp-content\/uploads\/2024\/05\/MADRA1-300x53.jpg 300w, https:\/\/depositobotafogo.com.br\/wp-content\/uploads\/2024\/05\/MADRA1-768x134.jpg 768w, https:\/\/depositobotafogo.com.br\/wp-content\/uploads\/2024\/05\/MADRA1-600x105.jpg 600w\" sizes=\"(max-width: 525px) 100vw, 525px\" \/><\/div>\n<table>\n<tbody>\n<tr class=\"attr\">\n<td class=\"Montserrat  w-400\"><strong>C\u00f3digo:<\/strong>\u00a0RT11005<\/td>\n<\/tr>\n<tr class=\"attr\">\n<td class=\"Montserrat  w-400\"><strong>Formato:<\/strong>\u00a021x123cm<\/td>\n<\/tr>\n<\/tbody>\n<\/table>\n<div class=\"product-details-infos-table\">\n<table>\n<tbody>\n<tr class=\"attr-attr text-start\">\n<td class=\"Montserrat w-400\"><strong>Piso ou Parede:<\/strong>\u00a0Parede, Piso<\/td>\n<\/tr>\n<tr class=\"attr-attr text-start\">\n<td class=\"Montserrat w-400\"><strong>Junta de assentamento:<\/strong>\u00a02 mm<\/td>\n<\/tr>\n<tr class=\"attr-attr text-start\">\n<td class=\"Montserrat w-400\"><strong>Varia\u00e7\u00e3o de tonalidade e desenho:<\/strong>\u00a0V2<\/td>\n<\/tr>\n<tr class=\"attr-attr text-start\">\n<td class=\"Montserrat w-400\"><strong>Tipologia:<\/strong>\u00a0Mate, Relevo<\/td>\n<\/tr>\n<tr class=\"attr-attr text-start\">\n<td class=\"Montserrat w-400\"><strong>Ambientes:<\/strong>\u00a0\u00c1rea Comercial, \u00c1rea Externa, Banheiro, Cozinha, Quarto, Sacada Coberta, Sala, Varanda<\/td>\n<\/tr>\n<tr class=\"attr-attr text-start\">\n<td class=\"Montserrat w-400\"><strong>Linha:<\/strong>\u00a0Madeira<\/td>\n<\/tr>\n<tr class=\"attr-attr text-start\">\n<td class=\"Montserrat w-400\"><strong>Quantidade de faces:<\/strong>\u00a09<\/td>\n<\/tr>\n<tr class=\"attr-attr text-start\">\n<td class=\"Montserrat w-400\"><strong>Local de uso:<\/strong>\u00a0<strong>LD &#8211; Alto Tr\u00e1fego:<\/strong>\u00a0ALTO TR\u00c1FEGO: Ambientes residenciais e comerciais COBERTOS, com alto tr\u00e1fego de pessoas. Recomendado para locais onde N\u00c3O SE REQUER resist\u00eancia ao escorregamento (COF &lt; 0,4).<\/td>\n<\/tr>\n<tr class=\"attr-attr text-start\">\n<td class=\"Montserrat w-400\"><strong>Retificado:<\/strong>\u00a0Sim<\/td>\n<\/tr>\n<\/tbody>\n<\/table>\n<\/div>\n","protected":false},"excerpt":{"rendered":"<p>Informa\u00e7\u00f5es do Produto C\u00f3digo:\u00a0RT11005 Formato:\u00a021x123cm Piso ou Parede:\u00a0Parede, Piso Junta de assentamento:\u00a02 mm Varia\u00e7\u00e3o de tonalidade e desenho:\u00a0V2 Tipologia:\u00a0Mate, Relevo&hellip;<\/p>\n","protected":false},"featured_media":566,"template":"","meta":[],"product_brand":[],"product_cat":[15,35],"product_tag":[],"class_list":{"0":"post-564","1":"product","2":"type-product","3":"status-publish","4":"has-post-thumbnail","6":"product_cat-sem-categoria","7":"product_cat-revestimentos-pisos-e-porcelanatos","9":"first","10":"instock","11":"shipping-taxable","12":"product-type-simple"},"_links":{"self":[{"href":"https:\/\/depositobotafogo.com.br\/index.php?rest_route=\/wp\/v2\/product\/564","targetHints":{"allow":["GET"]}}],"collection":[{"href":"https:\/\/depositobotafogo.com.br\/index.php?rest_route=\/wp\/v2\/product"}],"about":[{"href":"https:\/\/depositobotafogo.com.br\/index.php?rest_route=\/wp\/v2\/types\/product"}],"wp:featuredmedia":[{"embeddable":true,"href":"https:\/\/depositobotafogo.com.br\/index.php?rest_route=\/wp\/v2\/media\/566"}],"wp:attachment":[{"href":"https:\/\/depositobotafogo.com.br\/index.php?rest_route=%2Fwp%2Fv2%2Fmedia&parent=564"}],"wp:term":[{"taxonomy":"product_brand","embeddable":true,"href":"https:\/\/depositobotafogo.com.br\/index.php?rest_route=%2Fwp%2Fv2%2Fproduct_brand&post=564"},{"taxonomy":"product_cat","embeddable":true,"href":"https:\/\/depositobotafogo.com.br\/index.php?rest_route=%2Fwp%2Fv2%2Fproduct_cat&post=564"},{"taxonomy":"product_tag","embeddable":true,"href":"https:\/\/depositobotafogo.com.br\/index.php?rest_route=%2Fwp%2Fv2%2Fproduct_tag&post=564"}],"curies":[{"name":"wp","href":"https:\/\/api.w.org\/{rel}","templated":true}]}}