{"id":584,"date":"2024-05-28T13:23:33","date_gmt":"2024-05-28T16:23:33","guid":{"rendered":"https:\/\/depositobotafogo.com.br\/?post_type=product&#038;p=584"},"modified":"2024-05-29T09:25:46","modified_gmt":"2024-05-29T12:25:46","slug":"porcelanato-gaudi-calataca-light-acetinado-120x120cm","status":"publish","type":"product","link":"https:\/\/depositobotafogo.com.br\/?product=porcelanato-gaudi-calataca-light-acetinado-120x120cm","title":{"rendered":"PORCELANATO GAUDI CALATACA LIGHT ACETINADO 120X120cm"},"content":{"rendered":"<p><span class=\"tit-carac\">CALACATA LIGHT ACETINADO <\/span><\/p>\n<p><span class=\"tit-carac\"><img fetchpriority=\"high\" decoding=\"async\" class=\"alignnone size-full wp-image-585\" src=\"http:\/\/depositobotafogo.com.br\/wp-content\/uploads\/2024\/05\/LIGHT-AMB.jpg\" alt=\"\" width=\"800\" height=\"467\" srcset=\"https:\/\/depositobotafogo.com.br\/wp-content\/uploads\/2024\/05\/LIGHT-AMB.jpg 800w, https:\/\/depositobotafogo.com.br\/wp-content\/uploads\/2024\/05\/LIGHT-AMB-300x175.jpg 300w, https:\/\/depositobotafogo.com.br\/wp-content\/uploads\/2024\/05\/LIGHT-AMB-768x448.jpg 768w, https:\/\/depositobotafogo.com.br\/wp-content\/uploads\/2024\/05\/LIGHT-AMB-600x350.jpg 600w\" sizes=\"(max-width: 800px) 100vw, 800px\" \/> <img decoding=\"async\" class=\"alignnone size-large wp-image-586\" src=\"http:\/\/depositobotafogo.com.br\/wp-content\/uploads\/2024\/05\/LIGHT.jpg\" alt=\"\" width=\"525\" height=\"525\" srcset=\"https:\/\/depositobotafogo.com.br\/wp-content\/uploads\/2024\/05\/LIGHT.jpg 800w, https:\/\/depositobotafogo.com.br\/wp-content\/uploads\/2024\/05\/LIGHT-300x300.jpg 300w, https:\/\/depositobotafogo.com.br\/wp-content\/uploads\/2024\/05\/LIGHT-150x150.jpg 150w, https:\/\/depositobotafogo.com.br\/wp-content\/uploads\/2024\/05\/LIGHT-768x768.jpg 768w, https:\/\/depositobotafogo.com.br\/wp-content\/uploads\/2024\/05\/LIGHT-600x600.jpg 600w, https:\/\/depositobotafogo.com.br\/wp-content\/uploads\/2024\/05\/LIGHT-100x100.jpg 100w\" sizes=\"(max-width: 525px) 100vw, 525px\" \/>COLE\u00c7\u00c3O:<\/span><span class=\"desc-carac\">Palazzo<\/span><\/p>\n<p><span class=\"tit-carac\">ACABAMENTO:<\/span><span class=\"desc-carac\">Acetinado<\/span><\/p>\n<p><span class=\"tit-carac\">FORMATO:<\/span><span class=\"desc-carac\">120 x 120 cm<\/span><\/p>\n<p><span class=\"tit-carac\">VARIA\u00c7\u00c3O DE TONALIDADE:<\/span><span class=\"desc-carac\">V3 &#8211; M\u00e9dia varia\u00e7\u00e3o<\/span><\/p>\n<p><span class=\"tit-carac\">QUANTIDADE DE FACES:<\/span><span class=\"desc-carac\">8<\/span><\/p>\n<p><span class=\"tit-carac\">LOCAL DE USO:<\/span><span class=\"desc-carac\">LC &#8211; M\u00e9dio tr\u00e1fego<\/span><\/p>\n<p><span class=\"tit-carac\">BORDA:<\/span><span class=\"desc-carac\">RETIFICADO<\/span><\/p>\n<p><span class=\"tit-carac\">JUNTA DE ASSENTAMENTO:<\/span><span class=\"desc-carac\">1,5 mm<\/span><\/p>\n<p><span class=\"tit-carac\">INFORMA\u00c7\u00d5ES DA EMBALAGEM:<\/span><\/p>\n<div class=\"table-responsive\">\n<table class=\"table table-striped table-sm \">\n<tbody>\n<tr>\n<td>Pe\u00e7as por caixa<\/td>\n<td>2<\/td>\n<\/tr>\n<tr>\n<td>M\u00b2 por caixa (m\u00b2)<\/td>\n<td>2,86<\/td>\n<\/tr>\n<\/tbody>\n<\/table>\n<\/div>\n","protected":false},"excerpt":{"rendered":"<p>CALACATA LIGHT ACETINADO COLE\u00c7\u00c3O:Palazzo ACABAMENTO:Acetinado FORMATO:120 x 120 cm VARIA\u00c7\u00c3O DE TONALIDADE:V3 &#8211; M\u00e9dia varia\u00e7\u00e3o QUANTIDADE DE FACES:8 LOCAL DE&hellip;<\/p>\n","protected":false},"featured_media":586,"template":"","meta":[],"product_brand":[],"product_cat":[15,35],"product_tag":[],"class_list":{"0":"post-584","1":"product","2":"type-product","3":"status-publish","4":"has-post-thumbnail","6":"product_cat-sem-categoria","7":"product_cat-revestimentos-pisos-e-porcelanatos","9":"first","10":"instock","11":"shipping-taxable","12":"product-type-simple"},"_links":{"self":[{"href":"https:\/\/depositobotafogo.com.br\/index.php?rest_route=\/wp\/v2\/product\/584","targetHints":{"allow":["GET"]}}],"collection":[{"href":"https:\/\/depositobotafogo.com.br\/index.php?rest_route=\/wp\/v2\/product"}],"about":[{"href":"https:\/\/depositobotafogo.com.br\/index.php?rest_route=\/wp\/v2\/types\/product"}],"wp:featuredmedia":[{"embeddable":true,"href":"https:\/\/depositobotafogo.com.br\/index.php?rest_route=\/wp\/v2\/media\/586"}],"wp:attachment":[{"href":"https:\/\/depositobotafogo.com.br\/index.php?rest_route=%2Fwp%2Fv2%2Fmedia&parent=584"}],"wp:term":[{"taxonomy":"product_brand","embeddable":true,"href":"https:\/\/depositobotafogo.com.br\/index.php?rest_route=%2Fwp%2Fv2%2Fproduct_brand&post=584"},{"taxonomy":"product_cat","embeddable":true,"href":"https:\/\/depositobotafogo.com.br\/index.php?rest_route=%2Fwp%2Fv2%2Fproduct_cat&post=584"},{"taxonomy":"product_tag","embeddable":true,"href":"https:\/\/depositobotafogo.com.br\/index.php?rest_route=%2Fwp%2Fv2%2Fproduct_tag&post=584"}],"curies":[{"name":"wp","href":"https:\/\/api.w.org\/{rel}","templated":true}]}}