{"id":595,"date":"2024-05-28T13:33:10","date_gmt":"2024-05-28T16:33:10","guid":{"rendered":"https:\/\/depositobotafogo.com.br\/?post_type=product&#038;p=595"},"modified":"2024-05-29T09:25:23","modified_gmt":"2024-05-29T12:25:23","slug":"piso-cedasa-hd122-retificado","status":"publish","type":"product","link":"https:\/\/depositobotafogo.com.br\/?product=piso-cedasa-hd122-retificado","title":{"rendered":"PISO CEDASA HD1822 RETIFICADO"},"content":{"rendered":"<h4 class=\"page-title\">PISOS<\/h4>\n<p>Tipo: Linha Retificados e Imperme\u00e1veis<\/p>\n<p>Tamanho: 56,9&#215;56,9 (RT)<\/p>\n<p>Local de Uso: LC &#8211;<\/p>\n<p>Indicado para uso como piso em todos os ambientes residenciais internos sem acesso para \u00e1reas externas. N\u00e3o pode ser usado em garagens e \u00e1reas descobertas. Tamb\u00e9m pode ser utilizado em\u00a0<strong>LA e LB<\/strong>.<\/p>\n<p>&nbsp;<\/p>\n<p>Faces: 3<\/p>\n<p>Acabamento: Brilhante<\/p>\n<p>Classifica\u00e7\u00e3o Tonal:\u00a0<a href=\"https:\/\/www.cedasa.com.br\/informacoes\/especificacoes-tecnicas#tonal\">V3 &#8211; Varia\u00e7\u00e3o Moderada<\/a><\/p>\n<p>\u00c1rea: Pisos Internos Residenciais<\/p>\n<p>&nbsp;<\/p>\n<h4>Dados T\u00e9cnicos<\/h4>\n<p><b>Tamanho T\u00e9cnico:<\/b>\u00a056,9&#215;56,9 (RT)<br \/>\n<b>Dimens\u00e3o:<\/b>\u00a0569,0 mm x 569,0 mm x 7,9 mm<br \/>\n<b>Junta M\u00ednima:<\/b>\u00a02 mm<br \/>\n<b>Pe\u00e7as\/Caixa:<\/b>\u00a07<br \/>\n<b>m2\/Caixa:<\/b>\u00a02,27 m2<\/p>\n<h4><img fetchpriority=\"high\" decoding=\"async\" class=\"alignnone size-large wp-image-596\" src=\"http:\/\/depositobotafogo.com.br\/wp-content\/uploads\/2024\/05\/1822-1024x1024.jpg\" alt=\"\" width=\"525\" height=\"525\" srcset=\"https:\/\/depositobotafogo.com.br\/wp-content\/uploads\/2024\/05\/1822-1024x1024.jpg 1024w, https:\/\/depositobotafogo.com.br\/wp-content\/uploads\/2024\/05\/1822-300x300.jpg 300w, https:\/\/depositobotafogo.com.br\/wp-content\/uploads\/2024\/05\/1822-150x150.jpg 150w, https:\/\/depositobotafogo.com.br\/wp-content\/uploads\/2024\/05\/1822-768x768.jpg 768w, https:\/\/depositobotafogo.com.br\/wp-content\/uploads\/2024\/05\/1822-600x600.jpg 600w, https:\/\/depositobotafogo.com.br\/wp-content\/uploads\/2024\/05\/1822-100x100.jpg 100w, https:\/\/depositobotafogo.com.br\/wp-content\/uploads\/2024\/05\/1822.jpg 1100w\" sizes=\"(max-width: 525px) 100vw, 525px\" \/><img decoding=\"async\" class=\"alignnone size-large wp-image-597\" src=\"http:\/\/depositobotafogo.com.br\/wp-content\/uploads\/2024\/05\/1822AMB-1024x848.jpg\" alt=\"\" width=\"525\" height=\"435\" srcset=\"https:\/\/depositobotafogo.com.br\/wp-content\/uploads\/2024\/05\/1822AMB-1024x848.jpg 1024w, https:\/\/depositobotafogo.com.br\/wp-content\/uploads\/2024\/05\/1822AMB-300x248.jpg 300w, https:\/\/depositobotafogo.com.br\/wp-content\/uploads\/2024\/05\/1822AMB-768x636.jpg 768w, https:\/\/depositobotafogo.com.br\/wp-content\/uploads\/2024\/05\/1822AMB-600x497.jpg 600w, https:\/\/depositobotafogo.com.br\/wp-content\/uploads\/2024\/05\/1822AMB.jpg 1500w\" sizes=\"(max-width: 525px) 100vw, 525px\" \/><\/h4>\n","protected":false},"excerpt":{"rendered":"<p>PISOS Tipo: Linha Retificados e Imperme\u00e1veis Tamanho: 56,9&#215;56,9 (RT) Local de Uso: LC &#8211; Indicado para uso como piso em&hellip;<\/p>\n","protected":false},"featured_media":596,"template":"","meta":[],"product_brand":[],"product_cat":[15,35],"product_tag":[],"class_list":{"0":"post-595","1":"product","2":"type-product","3":"status-publish","4":"has-post-thumbnail","6":"product_cat-sem-categoria","7":"product_cat-revestimentos-pisos-e-porcelanatos","9":"first","10":"instock","11":"shipping-taxable","12":"product-type-simple"},"_links":{"self":[{"href":"https:\/\/depositobotafogo.com.br\/index.php?rest_route=\/wp\/v2\/product\/595","targetHints":{"allow":["GET"]}}],"collection":[{"href":"https:\/\/depositobotafogo.com.br\/index.php?rest_route=\/wp\/v2\/product"}],"about":[{"href":"https:\/\/depositobotafogo.com.br\/index.php?rest_route=\/wp\/v2\/types\/product"}],"wp:featuredmedia":[{"embeddable":true,"href":"https:\/\/depositobotafogo.com.br\/index.php?rest_route=\/wp\/v2\/media\/596"}],"wp:attachment":[{"href":"https:\/\/depositobotafogo.com.br\/index.php?rest_route=%2Fwp%2Fv2%2Fmedia&parent=595"}],"wp:term":[{"taxonomy":"product_brand","embeddable":true,"href":"https:\/\/depositobotafogo.com.br\/index.php?rest_route=%2Fwp%2Fv2%2Fproduct_brand&post=595"},{"taxonomy":"product_cat","embeddable":true,"href":"https:\/\/depositobotafogo.com.br\/index.php?rest_route=%2Fwp%2Fv2%2Fproduct_cat&post=595"},{"taxonomy":"product_tag","embeddable":true,"href":"https:\/\/depositobotafogo.com.br\/index.php?rest_route=%2Fwp%2Fv2%2Fproduct_tag&post=595"}],"curies":[{"name":"wp","href":"https:\/\/api.w.org\/{rel}","templated":true}]}}