{"id":602,"date":"2024-05-28T13:42:40","date_gmt":"2024-05-28T16:42:40","guid":{"rendered":"https:\/\/depositobotafogo.com.br\/?post_type=product&#038;p=602"},"modified":"2024-05-29T09:24:51","modified_gmt":"2024-05-29T12:24:51","slug":"revestimento-embramaco-canjiquinha-lux-hd53-1149","status":"publish","type":"product","link":"https:\/\/depositobotafogo.com.br\/?product=revestimento-embramaco-canjiquinha-lux-hd53-1149","title":{"rendered":"REVESTIMENTO EMBRAMACO Canjiquinha Lux &#8211; HD53\/1149"},"content":{"rendered":"<div>\n<h2 class=\"heading-24 givonic w-700 mb-4\">Informa\u00e7\u00f5es do Produto<\/h2>\n<\/div>\n<table>\n<tbody>\n<tr class=\"attr\">\n<td class=\"Montserrat  w-400\"><strong>C\u00f3digo:<\/strong>\u00a0HD53\/1149<\/td>\n<\/tr>\n<tr class=\"attr\">\n<td class=\"Montserrat  w-400\"><strong>Formato:<\/strong>\u00a033&#215;60,5cm | Bold<\/td>\n<\/tr>\n<\/tbody>\n<\/table>\n<div class=\"product-details-infos-table\">\n<table>\n<tbody>\n<tr class=\"attr-attr text-start\">\n<td class=\"Montserrat w-400\"><strong>Piso ou Parede:<\/strong>\u00a0Parede<\/td>\n<\/tr>\n<tr class=\"attr-attr text-start\">\n<td class=\"Montserrat w-400\"><strong>Junta de assentamento:<\/strong>\u00a05 mm<\/td>\n<\/tr>\n<tr class=\"attr-attr text-start\">\n<td class=\"Montserrat w-400\"><strong>Tipologia:<\/strong>\u00a0Brilhante<\/td>\n<\/tr>\n<tr class=\"attr-attr text-start\">\n<td class=\"Montserrat w-400\"><strong>Ambientes:<\/strong>\u00a0\u00c1rea Comercial, \u00c1rea Externa, Banheiro, Cozinha, Quarto, Sacada Coberta, Sala, Varanda<\/td>\n<\/tr>\n<tr class=\"attr-attr text-start\">\n<td class=\"Montserrat w-400\"><strong>Linha:<\/strong>\u00a0R\u00fasticos<\/td>\n<\/tr>\n<tr class=\"attr-attr text-start\">\n<td class=\"Montserrat w-400\"><strong>Cores:<\/strong>\u00a0Estampado<\/td>\n<\/tr>\n<tr class=\"attr-attr text-start\">\n<td class=\"Montserrat w-400\"><strong>Local de uso:<\/strong>\u00a0<strong>LA &#8211; Paredes:<\/strong>\u00a0Paredes residenciais e comerciais internas e externas at\u00e9 3 metros de altura.<\/td>\n<\/tr>\n<tr class=\"attr-attr text-start\">\n<td class=\"Montserrat w-400\"><strong>Retificado:<\/strong>\u00a0N\u00e3o<\/td>\n<\/tr>\n<\/tbody>\n<\/table>\n<table>\n<tbody>\n<tr class=\"attr\">\n<td class=\"Montserrat w-400\"><strong>m\u00b2\/Caixa:<\/strong>\u00a02,43m\u00b2<img fetchpriority=\"high\" decoding=\"async\" class=\"alignnone size-large wp-image-603\" src=\"http:\/\/depositobotafogo.com.br\/wp-content\/uploads\/2024\/05\/CANJ-AMB-1024x917.jpg\" alt=\"\" width=\"525\" height=\"470\" srcset=\"https:\/\/depositobotafogo.com.br\/wp-content\/uploads\/2024\/05\/CANJ-AMB-1024x917.jpg 1024w, https:\/\/depositobotafogo.com.br\/wp-content\/uploads\/2024\/05\/CANJ-AMB-300x269.jpg 300w, https:\/\/depositobotafogo.com.br\/wp-content\/uploads\/2024\/05\/CANJ-AMB-768x688.jpg 768w, https:\/\/depositobotafogo.com.br\/wp-content\/uploads\/2024\/05\/CANJ-AMB-1536x1376.jpg 1536w, https:\/\/depositobotafogo.com.br\/wp-content\/uploads\/2024\/05\/CANJ-AMB-600x537.jpg 600w, https:\/\/depositobotafogo.com.br\/wp-content\/uploads\/2024\/05\/CANJ-AMB.jpg 2010w\" sizes=\"(max-width: 525px) 100vw, 525px\" \/> <img decoding=\"async\" class=\"alignnone size-large wp-image-604\" src=\"http:\/\/depositobotafogo.com.br\/wp-content\/uploads\/2024\/05\/CANJ-1024x598.jpg\" alt=\"\" width=\"525\" height=\"307\" srcset=\"https:\/\/depositobotafogo.com.br\/wp-content\/uploads\/2024\/05\/CANJ-1024x598.jpg 1024w, https:\/\/depositobotafogo.com.br\/wp-content\/uploads\/2024\/05\/CANJ-300x175.jpg 300w, https:\/\/depositobotafogo.com.br\/wp-content\/uploads\/2024\/05\/CANJ-768x448.jpg 768w, https:\/\/depositobotafogo.com.br\/wp-content\/uploads\/2024\/05\/CANJ-1536x896.jpg 1536w, https:\/\/depositobotafogo.com.br\/wp-content\/uploads\/2024\/05\/CANJ-600x350.jpg 600w, https:\/\/depositobotafogo.com.br\/wp-content\/uploads\/2024\/05\/CANJ.jpg 2000w\" sizes=\"(max-width: 525px) 100vw, 525px\" \/><\/td>\n<\/tr>\n<\/tbody>\n<\/table>\n<\/div>\n","protected":false},"excerpt":{"rendered":"<p>Informa\u00e7\u00f5es do Produto C\u00f3digo:\u00a0HD53\/1149 Formato:\u00a033&#215;60,5cm | Bold Piso ou Parede:\u00a0Parede Junta de assentamento:\u00a05 mm Tipologia:\u00a0Brilhante Ambientes:\u00a0\u00c1rea Comercial, \u00c1rea Externa, Banheiro,&hellip;<\/p>\n","protected":false},"featured_media":604,"template":"","meta":[],"product_brand":[],"product_cat":[15,35],"product_tag":[],"class_list":{"0":"post-602","1":"product","2":"type-product","3":"status-publish","4":"has-post-thumbnail","6":"product_cat-sem-categoria","7":"product_cat-revestimentos-pisos-e-porcelanatos","9":"first","10":"instock","11":"shipping-taxable","12":"product-type-simple"},"_links":{"self":[{"href":"https:\/\/depositobotafogo.com.br\/index.php?rest_route=\/wp\/v2\/product\/602","targetHints":{"allow":["GET"]}}],"collection":[{"href":"https:\/\/depositobotafogo.com.br\/index.php?rest_route=\/wp\/v2\/product"}],"about":[{"href":"https:\/\/depositobotafogo.com.br\/index.php?rest_route=\/wp\/v2\/types\/product"}],"wp:featuredmedia":[{"embeddable":true,"href":"https:\/\/depositobotafogo.com.br\/index.php?rest_route=\/wp\/v2\/media\/604"}],"wp:attachment":[{"href":"https:\/\/depositobotafogo.com.br\/index.php?rest_route=%2Fwp%2Fv2%2Fmedia&parent=602"}],"wp:term":[{"taxonomy":"product_brand","embeddable":true,"href":"https:\/\/depositobotafogo.com.br\/index.php?rest_route=%2Fwp%2Fv2%2Fproduct_brand&post=602"},{"taxonomy":"product_cat","embeddable":true,"href":"https:\/\/depositobotafogo.com.br\/index.php?rest_route=%2Fwp%2Fv2%2Fproduct_cat&post=602"},{"taxonomy":"product_tag","embeddable":true,"href":"https:\/\/depositobotafogo.com.br\/index.php?rest_route=%2Fwp%2Fv2%2Fproduct_tag&post=602"}],"curies":[{"name":"wp","href":"https:\/\/api.w.org\/{rel}","templated":true}]}}